{"id":27180,"date":"2025-05-23T17:29:34","date_gmt":"2025-05-23T14:29:34","guid":{"rendered":"https:\/\/www.gasia.com.tr\/?post_type=product&#038;p=27180"},"modified":"2026-03-22T20:32:59","modified_gmt":"2026-03-22T17:32:59","slug":"bambu-agaci-formlu-altin-bileklik","status":"publish","type":"product","link":"https:\/\/www.gasia.com.tr\/en\/collections\/bambu-agaci-formlu-altin-bileklik\/","title":{"rendered":"Bambu A\u011fac\u0131 Formlu Alt\u0131n Bileklik"},"content":{"rendered":"<p>Do\u011fadan ilham alan bu \u00f6zel tasar\u0131m alt\u0131n bileklik, bambu a\u011fac\u0131n\u0131n zarif ve dengeli formunu modern bir yorumla sunar. Ortada yer alan bambu formu, ince detaylarla i\u015flenmi\u015f olup p\u0131rlanta ta\u015flarla vurgulanarak tasar\u0131ma sofistike bir \u0131\u015f\u0131lt\u0131 kazand\u0131r\u0131r. Hafif ve ince zincir yap\u0131s\u0131 sayesinde bilekte zarif bir duru\u015f sergilerken, do\u011fall\u0131k ve \u015f\u0131kl\u0131\u011f\u0131 bir araya getirir. G\u00fcnl\u00fck kullan\u0131mda sade bir elegans sunarken, \u00f6zel anlarda da stilinizi tamamlayan anlaml\u0131 ve estetik bir par\u00e7ad\u0131r.<\/p>","protected":false},"excerpt":{"rendered":"<ul>\n<li>0,10 ct P\u0131rlanta<\/li>\n<li>16-17,5 cm Ayarlanabilir uzunluk<\/li>\n<\/ul>","protected":false},"featured_media":40293,"comment_status":"open","ping_status":"closed","template":"","meta":[],"product_brand":[77],"product_cat":[73,260],"product_tag":[504,411,2213,2212,428,2218,2214,2216,514,2217,2215,365,361,426,363,358,2206,366,364,1083],"class_list":{"0":"post-27180","1":"product","2":"type-product","3":"status-publish","4":"has-post-thumbnail","6":"product_brand-gasia","7":"product_cat-altin-pirlanta-bileklik","8":"product_cat-kadin","9":"product_tag-altin-bileklik","10":"product_tag-altin-zincir-bileklik","11":"product_tag-bambu-agaci-bileklik","12":"product_tag-bambu-bileklik","13":"product_tag-delicate-gold-bracelet","14":"product_tag-diamond-bamboo-bracelet","15":"product_tag-doga-temali-bileklik","16":"product_tag-dogal-stil-bileklik","17":"product_tag-fine-jewelry-bracelet","18":"product_tag-gold-bamboo-bracelet","19":"product_tag-ince-bileklik","20":"product_tag-kadin-bileklik","21":"product_tag-minimal-bileklik","22":"product_tag-minimalist-bracelet","23":"product_tag-modern-bileklik","24":"product_tag-pirlanta-bileklik","25":"product_tag-pirlantali-bileklik","26":"product_tag-sik-bileklik","27":"product_tag-tasarim-bileklik","28":"product_tag-zarif-bileklik","29":"pa_cinsiyet-kadin","31":"first","32":"instock","33":"shipping-taxable","34":"purchasable","35":"product-type-simple"},"_links":{"self":[{"href":"https:\/\/www.gasia.com.tr\/en\/wp-json\/wp\/v2\/product\/27180","targetHints":{"allow":["GET"]}}],"collection":[{"href":"https:\/\/www.gasia.com.tr\/en\/wp-json\/wp\/v2\/product"}],"about":[{"href":"https:\/\/www.gasia.com.tr\/en\/wp-json\/wp\/v2\/types\/product"}],"replies":[{"embeddable":true,"href":"https:\/\/www.gasia.com.tr\/en\/wp-json\/wp\/v2\/comments?post=27180"}],"version-history":[{"count":2,"href":"https:\/\/www.gasia.com.tr\/en\/wp-json\/wp\/v2\/product\/27180\/revisions"}],"predecessor-version":[{"id":40294,"href":"https:\/\/www.gasia.com.tr\/en\/wp-json\/wp\/v2\/product\/27180\/revisions\/40294"}],"wp:featuredmedia":[{"embeddable":true,"href":"https:\/\/www.gasia.com.tr\/en\/wp-json\/wp\/v2\/media\/40293"}],"wp:attachment":[{"href":"https:\/\/www.gasia.com.tr\/en\/wp-json\/wp\/v2\/media?parent=27180"}],"wp:term":[{"taxonomy":"product_brand","embeddable":true,"href":"https:\/\/www.gasia.com.tr\/en\/wp-json\/wp\/v2\/product_brand?post=27180"},{"taxonomy":"product_cat","embeddable":true,"href":"https:\/\/www.gasia.com.tr\/en\/wp-json\/wp\/v2\/product_cat?post=27180"},{"taxonomy":"product_tag","embeddable":true,"href":"https:\/\/www.gasia.com.tr\/en\/wp-json\/wp\/v2\/product_tag?post=27180"}],"curies":[{"name":"wp","href":"https:\/\/api.w.org\/{rel}","templated":true}]}}