{"id":27212,"date":"2025-05-23T17:49:02","date_gmt":"2025-05-23T14:49:02","guid":{"rendered":"https:\/\/www.gasia.com.tr\/?post_type=product&#038;p=27212"},"modified":"2026-03-22T20:43:18","modified_gmt":"2026-03-22T17:43:18","slug":"kahverengi-deri-bileklik-safir-ve-pirlanta-tasli-nazarlik-detayli","status":"publish","type":"product","link":"https:\/\/www.gasia.com.tr\/en\/collections\/kahverengi-deri-bileklik-safir-ve-pirlanta-tasli-nazarlik-detayli\/","title":{"rendered":"Kahverengi Deri Bileklik Safir ve P\u0131rlanta Ta\u015fl\u0131 Nazarl\u0131k Detayl\u0131"},"content":{"rendered":"<p>Zarif ve anlam y\u00fckl\u00fc tasar\u0131m\u0131yla \u00f6ne \u00e7\u0131kan bu kahverengi deri bileklik, safir ve p\u0131rlanta ta\u015flarla olu\u015fturulmu\u015f nazarl\u0131k formu ile dikkat \u00e7eker. Derinin s\u0131cak tonlar\u0131 ile safirin derin mavi \u0131\u015f\u0131lt\u0131s\u0131 birle\u015ferek g\u00fc\u00e7l\u00fc bir kontrast yarat\u0131rken, p\u0131rlanta detaylar tasar\u0131ma ince bir parlakl\u0131k katar. \u0130nce yap\u0131s\u0131 sayesinde bilekte hafif ve \u015f\u0131k bir duru\u015f sunan bu par\u00e7a, hem g\u00fcnl\u00fck kullan\u0131mda hem de \u00f6zel anlarda stilinize anlaml\u0131 bir dokunu\u015f ekler. Modern \u00e7izgilerle yorumlanan nazarl\u0131k detay\u0131, koruyucu sembolizmi zarif bir estetikle bulu\u015fturur.<\/p>","protected":false},"excerpt":{"rendered":"<ul>\n<li>0,05ct P\u0131rlanta<\/li>\n<li>0,35ct Safir<\/li>\n<li>14 Ayar Alt\u0131n<\/li>\n<\/ul>","protected":false},"featured_media":40295,"comment_status":"open","ping_status":"closed","template":"","meta":[],"product_brand":[77],"product_cat":[73,209],"product_tag":[543,417,514,2223,2222,365,544,2185,367,426,363,2220,425,431,358,2219,2221,2224,366,364],"class_list":{"0":"post-27212","1":"product","2":"type-product","3":"status-publish","4":"has-post-thumbnail","6":"product_brand-gasia","7":"product_cat-altin-pirlanta-bileklik","8":"product_cat-deri-orgu-bileklik","9":"product_tag-erkek-bileklik","10":"product_tag-evil-eye-bracelet","11":"product_tag-fine-jewelry-bracelet","12":"product_tag-gunluk-bileklik","13":"product_tag-ince-deri-bileklik","14":"product_tag-kadin-bileklik","15":"product_tag-kahverengi-deri-bileklik","16":"product_tag-leather-bracelet","17":"product_tag-luks-bileklik","18":"product_tag-minimalist-bracelet","19":"product_tag-modern-bileklik","20":"product_tag-nazar-bilekligi","21":"product_tag-nazar-bracelet","22":"product_tag-nazarlik-bileklik","23":"product_tag-pirlanta-bileklik","24":"product_tag-safir-bileklik","25":"product_tag-safir-pirlanta-bileklik","26":"product_tag-sapphire-diamond-bracelet","27":"product_tag-sik-bileklik","28":"product_tag-tasarim-bileklik","29":"pa_cinsiyet-erkek","30":"pa_cinsiyet-kadin","32":"first","33":"instock","34":"sale","35":"shipping-taxable","36":"purchasable","37":"product-type-simple"},"_links":{"self":[{"href":"https:\/\/www.gasia.com.tr\/en\/wp-json\/wp\/v2\/product\/27212","targetHints":{"allow":["GET"]}}],"collection":[{"href":"https:\/\/www.gasia.com.tr\/en\/wp-json\/wp\/v2\/product"}],"about":[{"href":"https:\/\/www.gasia.com.tr\/en\/wp-json\/wp\/v2\/types\/product"}],"replies":[{"embeddable":true,"href":"https:\/\/www.gasia.com.tr\/en\/wp-json\/wp\/v2\/comments?post=27212"}],"version-history":[{"count":2,"href":"https:\/\/www.gasia.com.tr\/en\/wp-json\/wp\/v2\/product\/27212\/revisions"}],"predecessor-version":[{"id":40299,"href":"https:\/\/www.gasia.com.tr\/en\/wp-json\/wp\/v2\/product\/27212\/revisions\/40299"}],"wp:featuredmedia":[{"embeddable":true,"href":"https:\/\/www.gasia.com.tr\/en\/wp-json\/wp\/v2\/media\/40295"}],"wp:attachment":[{"href":"https:\/\/www.gasia.com.tr\/en\/wp-json\/wp\/v2\/media?parent=27212"}],"wp:term":[{"taxonomy":"product_brand","embeddable":true,"href":"https:\/\/www.gasia.com.tr\/en\/wp-json\/wp\/v2\/product_brand?post=27212"},{"taxonomy":"product_cat","embeddable":true,"href":"https:\/\/www.gasia.com.tr\/en\/wp-json\/wp\/v2\/product_cat?post=27212"},{"taxonomy":"product_tag","embeddable":true,"href":"https:\/\/www.gasia.com.tr\/en\/wp-json\/wp\/v2\/product_tag?post=27212"}],"curies":[{"name":"wp","href":"https:\/\/api.w.org\/{rel}","templated":true}]}}