{"id":27443,"date":"2025-05-23T19:17:11","date_gmt":"2025-05-23T16:17:11","guid":{"rendered":"https:\/\/www.gasia.com.tr\/?post_type=product&#038;p=27443"},"modified":"2026-03-22T20:48:39","modified_gmt":"2026-03-22T17:48:39","slug":"lapis-lazuli-detayli-pirlantali-bileklik","status":"publish","type":"product","link":"https:\/\/www.gasia.com.tr\/en\/collections\/lapis-lazuli-detayli-pirlantali-bileklik\/","title":{"rendered":"Lapis Lazuli Detayl\u0131 P\u0131rlantal\u0131 Bileklik"},"content":{"rendered":"<p>Do\u011fal ta\u015f\u0131n b\u00fcy\u00fcleyici etkisini zarif detaylarla bulu\u015fturan bu alt\u0131n bileklik, merkezinde yer alan lapis ta\u015f\u0131 ile dikkat \u00e7eker. Derin mavi tonlar\u0131 ve do\u011fal dokusuyla \u00f6ne \u00e7\u0131kan ta\u015f, etraf\u0131n\u0131 saran p\u0131rlanta \u00e7er\u00e7eve ile \u0131\u015f\u0131lt\u0131l\u0131 bir g\u00f6r\u00fcn\u00fcm kazan\u0131r. \u0130nce alt\u0131n zinciri ve dengeli tasar\u0131m\u0131 sayesinde bilekte zarif ve sofistike bir duru\u015f sergiler. G\u00fcnl\u00fck kullan\u0131mda \u015f\u0131kl\u0131\u011f\u0131n\u0131z\u0131 tamamlayan, \u00f6zel anlarda ise stilinize karakter katan bir par\u00e7ad\u0131r.<\/p>","protected":false},"excerpt":{"rendered":"<ul>\n<li>0,27ct P\u0131rlanta<\/li>\n<li>4,81ct Lapis Lazuli<\/li>\n<li>14 ayar Alt\u0131n<\/li>\n<\/ul>","protected":false},"featured_media":40300,"comment_status":"open","ping_status":"closed","template":"","meta":[],"product_brand":[77],"product_cat":[73],"product_tag":[504,507,2227,512,514,2230,794,2215,365,2225,2229,2226,367,2228,426,358,366,364,1083],"class_list":{"0":"post-27443","1":"product","2":"type-product","3":"status-publish","4":"has-post-thumbnail","6":"product_brand-gasia","7":"product_cat-altin-pirlanta-bileklik","8":"product_tag-altin-bileklik","9":"product_tag-diamond-bracelet","10":"product_tag-dogal-tas-bileklik","11":"product_tag-elegant-bracelet","12":"product_tag-fine-jewelry-bracelet","13":"product_tag-gemstone-bracelet","14":"product_tag-gold-bracelet","15":"product_tag-ince-bileklik","16":"product_tag-kadin-bileklik","17":"product_tag-lapis-bileklik","18":"product_tag-lapis-bracelet","19":"product_tag-lapis-tasi-bileklik","20":"product_tag-luks-bileklik","21":"product_tag-mavi-tas-bileklik","22":"product_tag-minimalist-bracelet","23":"product_tag-pirlanta-bileklik","24":"product_tag-sik-bileklik","25":"product_tag-tasarim-bileklik","26":"product_tag-zarif-bileklik","27":"pa_cinsiyet-kadin","29":"first","30":"onbackorder","31":"shipping-taxable","32":"purchasable","33":"product-type-simple"},"_links":{"self":[{"href":"https:\/\/www.gasia.com.tr\/en\/wp-json\/wp\/v2\/product\/27443","targetHints":{"allow":["GET"]}}],"collection":[{"href":"https:\/\/www.gasia.com.tr\/en\/wp-json\/wp\/v2\/product"}],"about":[{"href":"https:\/\/www.gasia.com.tr\/en\/wp-json\/wp\/v2\/types\/product"}],"replies":[{"embeddable":true,"href":"https:\/\/www.gasia.com.tr\/en\/wp-json\/wp\/v2\/comments?post=27443"}],"version-history":[{"count":2,"href":"https:\/\/www.gasia.com.tr\/en\/wp-json\/wp\/v2\/product\/27443\/revisions"}],"predecessor-version":[{"id":40302,"href":"https:\/\/www.gasia.com.tr\/en\/wp-json\/wp\/v2\/product\/27443\/revisions\/40302"}],"wp:featuredmedia":[{"embeddable":true,"href":"https:\/\/www.gasia.com.tr\/en\/wp-json\/wp\/v2\/media\/40300"}],"wp:attachment":[{"href":"https:\/\/www.gasia.com.tr\/en\/wp-json\/wp\/v2\/media?parent=27443"}],"wp:term":[{"taxonomy":"product_brand","embeddable":true,"href":"https:\/\/www.gasia.com.tr\/en\/wp-json\/wp\/v2\/product_brand?post=27443"},{"taxonomy":"product_cat","embeddable":true,"href":"https:\/\/www.gasia.com.tr\/en\/wp-json\/wp\/v2\/product_cat?post=27443"},{"taxonomy":"product_tag","embeddable":true,"href":"https:\/\/www.gasia.com.tr\/en\/wp-json\/wp\/v2\/product_tag?post=27443"}],"curies":[{"name":"wp","href":"https:\/\/api.w.org\/{rel}","templated":true}]}}