{"id":27554,"date":"2025-05-23T19:46:04","date_gmt":"2025-05-23T16:46:04","guid":{"rendered":"https:\/\/www.gasia.com.tr\/?post_type=product&#038;p=27554"},"modified":"2026-03-22T21:00:12","modified_gmt":"2026-03-22T18:00:12","slug":"altin-zincir-bileklik-siyah-pirlanta-tasli-minimal-tasarim","status":"publish","type":"product","link":"https:\/\/www.gasia.com.tr\/en\/collections\/altin-zincir-bileklik-siyah-pirlanta-tasli-minimal-tasarim\/","title":{"rendered":"Alt\u0131n Zincir Bileklik Siyah P\u0131rlanta Ta\u015fl\u0131 Minimal Tasar\u0131m"},"content":{"rendered":"<p>Modern\u00a0 \u00e7izgileriyle \u00f6ne \u00e7\u0131kan bu alt\u0131n zincir bileklik, merkezinde yer alan siyah p\u0131rlanta ta\u015flarla bezeli plak formu ile dikkat \u00e7eker. Yo\u011fun ta\u015f dizilimi, tasar\u0131ma derinlik ve g\u00fc\u00e7l\u00fc bir karakter kazand\u0131r\u0131rken, ince alt\u0131n zincir ile dengeli ve zarif bir g\u00f6r\u00fcn\u00fcm sunar. Minimal formuna ra\u011fmen etkileyici bir duru\u015f sergileyen bu bileklik, hem g\u00fcnl\u00fck kullan\u0131mda hem de \u00f6zel anlarda stilinizi tamamlayan \u015f\u0131k bir aksesuard\u0131r.<\/p>","protected":false},"excerpt":{"rendered":"<ul>\n<li>14 Ayar 585 Alt\u0131n<\/li>\n<li>0,68 ct Siyah P\u0131rlanta<\/li>\n<li>16-17,5 cm ayarlanabilir uzunluk<\/li>\n<\/ul>","protected":false},"featured_media":40307,"comment_status":"open","ping_status":"closed","template":"","meta":[],"product_brand":[77],"product_cat":[73,260],"product_tag":[504,2239,2240,512,514,794,2215,365,367,361,426,363,2210,2238,1024,366,364,1083,435],"class_list":{"0":"post-27554","1":"product","2":"type-product","3":"status-publish","4":"has-post-thumbnail","6":"product_brand-gasia","7":"product_cat-altin-pirlanta-bileklik","8":"product_cat-kadin","9":"product_tag-altin-bileklik","10":"product_tag-black-diamond-bracelet","11":"product_tag-delicate-bracelet","12":"product_tag-elegant-bracelet","13":"product_tag-fine-jewelry-bracelet","14":"product_tag-gold-bracelet","15":"product_tag-ince-bileklik","16":"product_tag-kadin-bileklik","17":"product_tag-luks-bileklik","18":"product_tag-minimal-bileklik","19":"product_tag-minimalist-bracelet","20":"product_tag-modern-bileklik","21":"product_tag-premium-bileklik","22":"product_tag-siyah-pirlanta-bileklik","23":"product_tag-siyah-tas-bileklik","24":"product_tag-sik-bileklik","25":"product_tag-tasarim-bileklik","26":"product_tag-zarif-bileklik","27":"product_tag-zincir-bileklik","28":"pa_cinsiyet-kadin","30":"first","31":"instock","32":"sale","33":"shipping-taxable","34":"purchasable","35":"product-type-simple"},"_links":{"self":[{"href":"https:\/\/www.gasia.com.tr\/en\/wp-json\/wp\/v2\/product\/27554","targetHints":{"allow":["GET"]}}],"collection":[{"href":"https:\/\/www.gasia.com.tr\/en\/wp-json\/wp\/v2\/product"}],"about":[{"href":"https:\/\/www.gasia.com.tr\/en\/wp-json\/wp\/v2\/types\/product"}],"replies":[{"embeddable":true,"href":"https:\/\/www.gasia.com.tr\/en\/wp-json\/wp\/v2\/comments?post=27554"}],"version-history":[{"count":2,"href":"https:\/\/www.gasia.com.tr\/en\/wp-json\/wp\/v2\/product\/27554\/revisions"}],"predecessor-version":[{"id":40309,"href":"https:\/\/www.gasia.com.tr\/en\/wp-json\/wp\/v2\/product\/27554\/revisions\/40309"}],"wp:featuredmedia":[{"embeddable":true,"href":"https:\/\/www.gasia.com.tr\/en\/wp-json\/wp\/v2\/media\/40307"}],"wp:attachment":[{"href":"https:\/\/www.gasia.com.tr\/en\/wp-json\/wp\/v2\/media?parent=27554"}],"wp:term":[{"taxonomy":"product_brand","embeddable":true,"href":"https:\/\/www.gasia.com.tr\/en\/wp-json\/wp\/v2\/product_brand?post=27554"},{"taxonomy":"product_cat","embeddable":true,"href":"https:\/\/www.gasia.com.tr\/en\/wp-json\/wp\/v2\/product_cat?post=27554"},{"taxonomy":"product_tag","embeddable":true,"href":"https:\/\/www.gasia.com.tr\/en\/wp-json\/wp\/v2\/product_tag?post=27554"}],"curies":[{"name":"wp","href":"https:\/\/api.w.org\/{rel}","templated":true}]}}