{"id":27765,"date":"2026-01-03T01:01:58","date_gmt":"2026-01-02T22:01:58","guid":{"rendered":"https:\/\/www.gasia.com.tr\/?post_type=product&#038;p=27765"},"modified":"2026-04-11T17:23:02","modified_gmt":"2026-04-11T14:23:02","slug":"turkuaz-tasli-pirlanta-detayli-rose-altin-minimal-yuzuk","status":"publish","type":"product","link":"https:\/\/www.gasia.com.tr\/en\/collections\/turkuaz-tasli-pirlanta-detayli-rose-altin-minimal-yuzuk\/","title":{"rendered":"Turkuaz Ta\u015fl\u0131 P\u0131rlanta Detayl\u0131 Rose Alt\u0131n Minimal Y\u00fcz\u00fck"},"content":{"rendered":"<p data-start=\"110\" data-end=\"424\">Zarif ve modern tasar\u0131m\u0131yla \u00f6ne \u00e7\u0131kan bu y\u00fcz\u00fck, merkezde yer alan canl\u0131 turkuaz ta\u015f ve alt k\u0131sm\u0131n\u0131 s\u00fcsleyen \u0131\u015f\u0131lt\u0131l\u0131 p\u0131rlanta detaylar\u0131 ile dikkat \u00e7eker. Rose alt\u0131n\u0131n s\u0131cak tonu, turkuaz\u0131n ferah ve parlak rengiyle m\u00fckemmel bir uyum yakalayarak y\u00fcz\u00fc\u011fe hem enerjik hem de sofistike bir karakter kazand\u0131r\u0131r.<\/p>\n<p data-start=\"426\" data-end=\"652\">Minimal formu sayesinde g\u00fcnl\u00fck kullan\u0131m i\u00e7in ideal olan bu tasar\u0131m, ince i\u015f\u00e7ili\u011fiyle sade \u015f\u0131kl\u0131\u011f\u0131 g\u00fc\u00e7l\u00fc bir stile d\u00f6n\u00fc\u015ft\u00fcr\u00fcr. Tek ba\u015f\u0131na zarif bir ifade sunarken, di\u011fer y\u00fcz\u00fcklerle kombinlendi\u011finde modern bir g\u00f6r\u00fcn\u00fcm yarat\u0131r.<\/p>","protected":false},"excerpt":{"rendered":"<ul>\n<li>0,06 ct P\u0131rlanta<\/li>\n<li>0,26 ct Arizona Firuzesi<\/li>\n<li>18 ayar Rose Alt\u0131n<\/li>\n<\/ul>","protected":false},"featured_media":41875,"comment_status":"open","ping_status":"closed","template":"","meta":[],"product_brand":[2718],"product_cat":[247,198,76],"product_tag":[654,2926,1655,1864,520,741,518,1146,2049,701,2174,1284,1021,519],"class_list":{"0":"post-27765","1":"product","2":"type-product","3":"status-publish","4":"has-post-thumbnail","6":"product_brand-gasia-casuals","7":"product_cat-hediyelik","8":"product_cat-eye-collection","9":"product_cat-yuzuk-modelleri","10":"product_tag-diamond-ring","11":"product_tag-elegant-jewelry","12":"product_tag-fine-jewelry","13":"product_tag-gunluk-yuzuk","14":"product_tag-kadin-yuzuk","15":"product_tag-minimal-ring","16":"product_tag-minimal-yuzuk","17":"product_tag-pirlanta-detayli-yuzuk","18":"product_tag-rose-altin-yuzuk","19":"product_tag-rose-gold-ring","20":"product_tag-turkuaz-yuzuk","21":"product_tag-turquoise-ring","22":"product_tag-women-ring","23":"product_tag-zarif-yuzuk","24":"pa_cinsiyet-kadin","26":"first","27":"instock","28":"shipping-taxable","29":"purchasable","30":"product-type-simple"},"_links":{"self":[{"href":"https:\/\/www.gasia.com.tr\/en\/wp-json\/wp\/v2\/product\/27765","targetHints":{"allow":["GET"]}}],"collection":[{"href":"https:\/\/www.gasia.com.tr\/en\/wp-json\/wp\/v2\/product"}],"about":[{"href":"https:\/\/www.gasia.com.tr\/en\/wp-json\/wp\/v2\/types\/product"}],"replies":[{"embeddable":true,"href":"https:\/\/www.gasia.com.tr\/en\/wp-json\/wp\/v2\/comments?post=27765"}],"version-history":[{"count":4,"href":"https:\/\/www.gasia.com.tr\/en\/wp-json\/wp\/v2\/product\/27765\/revisions"}],"predecessor-version":[{"id":41876,"href":"https:\/\/www.gasia.com.tr\/en\/wp-json\/wp\/v2\/product\/27765\/revisions\/41876"}],"wp:featuredmedia":[{"embeddable":true,"href":"https:\/\/www.gasia.com.tr\/en\/wp-json\/wp\/v2\/media\/41875"}],"wp:attachment":[{"href":"https:\/\/www.gasia.com.tr\/en\/wp-json\/wp\/v2\/media?parent=27765"}],"wp:term":[{"taxonomy":"product_brand","embeddable":true,"href":"https:\/\/www.gasia.com.tr\/en\/wp-json\/wp\/v2\/product_brand?post=27765"},{"taxonomy":"product_cat","embeddable":true,"href":"https:\/\/www.gasia.com.tr\/en\/wp-json\/wp\/v2\/product_cat?post=27765"},{"taxonomy":"product_tag","embeddable":true,"href":"https:\/\/www.gasia.com.tr\/en\/wp-json\/wp\/v2\/product_tag?post=27765"}],"curies":[{"name":"wp","href":"https:\/\/api.w.org\/{rel}","templated":true}]}}