{"id":28106,"date":"2025-12-25T00:00:00","date_gmt":"2025-12-24T21:00:00","guid":{"rendered":"https:\/\/www.gasia.com.tr\/?post_type=product&#038;p=28106"},"modified":"2026-03-30T16:38:50","modified_gmt":"2026-03-30T13:38:50","slug":"kartal-motifli-pirlanta-detayli-oksit-gumus-halka-kupe","status":"publish","type":"product","link":"https:\/\/www.gasia.com.tr\/en\/collections\/kartal-motifli-pirlanta-detayli-oksit-gumus-halka-kupe\/","title":{"rendered":"Kartal Motifli P\u0131rlanta Detayl\u0131 Oksit G\u00fcm\u00fc\u015f Halka K\u00fcpe"},"content":{"rendered":"<p>Oksit g\u00fcm\u00fc\u015f halka form \u00fczerine konumland\u0131r\u0131lan alt\u0131n ton kartal fig\u00fcr\u00fc ve p\u0131rlanta detaylar\u0131yla tasarlanan bu k\u00fcpe, g\u00fc\u00e7l\u00fc ve \u00f6zg\u00fcn bir stil sunar. Dokulu y\u00fczeyi ve dikkat \u00e7ekici fig\u00fcr\u00fc sayesinde modern ve iddial\u0131 kombinlerin tamamlay\u0131c\u0131 par\u00e7as\u0131 olur.<\/p>","protected":false},"excerpt":{"rendered":"<ul>\n<li>14 Ayar Alt\u0131n<\/li>\n<li>925 ayar Okside G\u00fcm\u00fc\u015f<\/li>\n<li>0,03 ct P\u0131rlanta<\/li>\n<\/ul>","protected":false},"featured_media":39776,"comment_status":"open","ping_status":"closed","template":"","meta":[],"product_brand":[77],"product_cat":[260,74],"product_tag":[393,1562,1575,1574,1573,1572,1571,1553,1568,1570,1569,1577,1566,1565,1576,1549,1558,1567,403,815],"class_list":{"0":"post-28106","1":"product","2":"type-product","3":"status-publish","4":"has-post-thumbnail","6":"product_brand-gasia","7":"product_cat-kadin","8":"product_cat-kupe-modelleri","9":"product_tag-altin-detayli-kupe","10":"product_tag-artisan-earrings","11":"product_tag-bold-style-earrings","12":"product_tag-designer-earrings","13":"product_tag-diamond-detail-earrings","14":"product_tag-eagle-figure-earrings","15":"product_tag-eagle-motif-earrings","16":"product_tag-el-isciligi-kupe","17":"product_tag-erkek-tarzi-kupe","18":"product_tag-figurlu-gumus-kupe","19":"product_tag-guclu-tasarim-kupe","20":"product_tag-handcrafted-earrings","21":"product_tag-kartal-figurlu-kupe","22":"product_tag-kartal-motifli-kupe","23":"product_tag-luxury-silver-earrings","24":"product_tag-oksit-gumus-halka-kupe","25":"product_tag-oxidized-silver-hoop-earrings","26":"product_tag-pirlanta-detayli-kupe","27":"product_tag-statement-earrings","28":"product_tag-tasarim-kupe","29":"pa_cinsiyet-kadin","31":"first","32":"instock","33":"shipping-taxable","34":"purchasable","35":"product-type-simple"},"_links":{"self":[{"href":"https:\/\/www.gasia.com.tr\/en\/wp-json\/wp\/v2\/product\/28106","targetHints":{"allow":["GET"]}}],"collection":[{"href":"https:\/\/www.gasia.com.tr\/en\/wp-json\/wp\/v2\/product"}],"about":[{"href":"https:\/\/www.gasia.com.tr\/en\/wp-json\/wp\/v2\/types\/product"}],"replies":[{"embeddable":true,"href":"https:\/\/www.gasia.com.tr\/en\/wp-json\/wp\/v2\/comments?post=28106"}],"version-history":[{"count":2,"href":"https:\/\/www.gasia.com.tr\/en\/wp-json\/wp\/v2\/product\/28106\/revisions"}],"predecessor-version":[{"id":39778,"href":"https:\/\/www.gasia.com.tr\/en\/wp-json\/wp\/v2\/product\/28106\/revisions\/39778"}],"wp:featuredmedia":[{"embeddable":true,"href":"https:\/\/www.gasia.com.tr\/en\/wp-json\/wp\/v2\/media\/39776"}],"wp:attachment":[{"href":"https:\/\/www.gasia.com.tr\/en\/wp-json\/wp\/v2\/media?parent=28106"}],"wp:term":[{"taxonomy":"product_brand","embeddable":true,"href":"https:\/\/www.gasia.com.tr\/en\/wp-json\/wp\/v2\/product_brand?post=28106"},{"taxonomy":"product_cat","embeddable":true,"href":"https:\/\/www.gasia.com.tr\/en\/wp-json\/wp\/v2\/product_cat?post=28106"},{"taxonomy":"product_tag","embeddable":true,"href":"https:\/\/www.gasia.com.tr\/en\/wp-json\/wp\/v2\/product_tag?post=28106"}],"curies":[{"name":"wp","href":"https:\/\/api.w.org\/{rel}","templated":true}]}}