{"id":28119,"date":"2025-12-25T00:00:00","date_gmt":"2025-12-24T21:00:00","guid":{"rendered":"https:\/\/www.gasia.com.tr\/?post_type=product&#038;p=28119"},"modified":"2026-03-30T16:38:50","modified_gmt":"2026-03-30T13:38:50","slug":"elmas-damla-tasli-zambak-motifli-oksit-gumus-halka-kupe","status":"publish","type":"product","link":"https:\/\/www.gasia.com.tr\/en\/collections\/elmas-damla-tasli-zambak-motifli-oksit-gumus-halka-kupe\/","title":{"rendered":"Elmas Damla Ta\u015fl\u0131 Zambak Motifli Oksit G\u00fcm\u00fc\u015f Halka K\u00fcpe"},"content":{"rendered":"<p>Zambak \u00e7i\u00e7e\u011fi motifleriyle s\u00fcslenen oksit g\u00fcm\u00fc\u015f halka k\u00fcpe, y\u00fczeyindeki detayl\u0131 i\u015f\u00e7ilik ve ucunda yer alan damla kesim elmas ta\u015f ile dikkat \u00e7eker. Alt\u0131n ton ge\u00e7i\u015fler tasar\u0131ma s\u0131cakl\u0131k katarken, hareketli damla form her kullan\u0131mda \u0131\u015f\u0131\u011f\u0131 zarif \u015fekilde yans\u0131t\u0131r. \u00d6zg\u00fcn detaylar\u0131yla stiline farkl\u0131 bir dokunu\u015f ekler.<\/p>\n<p>Fleur-de-lis\u00a0(zambak\/Frans\u0131z zamba\u011f\u0131) \u015feklinde tasarlanm\u0131\u015f, vintage g\u00f6r\u00fcn\u00fcml\u00fc bir k\u00fcpe. Motif ,\u00a0<em>Orta \u00c7a\u011f<\/em>dan \u00e7ok daha \u00f6nce de g\u00f6r\u00fcl\u00fcr.M\u00d6 3. y\u00fczy\u0131ldan itibaren Mezopotamya, Hindistan ve M\u0131s\u0131r\u2019daki eserlerde benzer zambak motifleri yer al\u0131r.Avrupa\u2019da sembol\u00fcn g\u00fc\u00e7l\u00fc bir kimlik kazanmas\u0131\u00a0Frank Krall\u0131\u011f\u0131\u00a0d\u00f6nemine denk gelir.\u0130lk kez 6. y\u00fczy\u0131lda Kral\u00a0Clovis\u00a0ile ili\u015fkilendirilir.12. y\u00fczy\u0131lda Kral\u00a0VII. Louis, fleur-de-lis\u2019i resm\u00ee kraliyet armas\u0131 h\u00e2line getirir.<\/p>\n<ul>\n<li>Kraliyet ve soyluluk<\/li>\n<li>Safl\u0131k ve masumiyet<\/li>\n<li>G\u00fc\u00e7 ve sadakat<\/li>\n<\/ul>","protected":false},"excerpt":{"rendered":"<ul>\n<li>14 ayar Alt\u0131n<\/li>\n<li>925 ayar Okside g\u00fcm\u00fc\u015f<\/li>\n<li>0,67 ct elmas kesim damla P\u0131rlanta<\/li>\n<li>33 mm K\u00fcpe halka \u00c7ap\u0131<\/li>\n<\/ul>","protected":false},"featured_media":39773,"comment_status":"open","ping_status":"closed","template":"","meta":[],"product_brand":[77],"product_cat":[249,260,74],"product_tag":[1562,844,1548,1561,1557,1553,1547,1559,1563,1560,1555,1564,1549,1558,1556,1551,1552,1554,1550,898],"class_list":{"0":"post-28119","1":"product","2":"type-product","3":"status-publish","4":"has-post-thumbnail","6":"product_brand-gasia","7":"product_cat-fleur-de-lis-koleksiyonu","8":"product_cat-kadin","9":"product_cat-kupe-modelleri","10":"product_tag-artisan-earrings","11":"product_tag-cicek-motifli-kupe","12":"product_tag-damla-elmas-kupe","13":"product_tag-designer-silver-earrings","14":"product_tag-drop-diamond-earrings","15":"product_tag-el-isciligi-kupe","16":"product_tag-elmas-damla-kupe","17":"product_tag-floral-design-earrings","18":"product_tag-gemstone-hoop-earrings","19":"product_tag-lily-flower-earrings","20":"product_tag-lily-motif-earrings","21":"product_tag-luxury-earrings","22":"product_tag-oksit-gumus-halka-kupe","23":"product_tag-oxidized-silver-hoop-earrings","24":"product_tag-pear-diamond-earrings","25":"product_tag-pirlanta-gorunumlu-elmas-kupe","26":"product_tag-tasarim-gumus-kupe","27":"product_tag-tasli-halka-kupe","28":"product_tag-zambak-desenli-kupe","29":"product_tag-zambak-motifli-kupe","30":"pa_cinsiyet-kadin","32":"first","33":"instock","34":"shipping-taxable","35":"purchasable","36":"product-type-simple"},"_links":{"self":[{"href":"https:\/\/www.gasia.com.tr\/en\/wp-json\/wp\/v2\/product\/28119","targetHints":{"allow":["GET"]}}],"collection":[{"href":"https:\/\/www.gasia.com.tr\/en\/wp-json\/wp\/v2\/product"}],"about":[{"href":"https:\/\/www.gasia.com.tr\/en\/wp-json\/wp\/v2\/types\/product"}],"replies":[{"embeddable":true,"href":"https:\/\/www.gasia.com.tr\/en\/wp-json\/wp\/v2\/comments?post=28119"}],"version-history":[{"count":2,"href":"https:\/\/www.gasia.com.tr\/en\/wp-json\/wp\/v2\/product\/28119\/revisions"}],"predecessor-version":[{"id":39774,"href":"https:\/\/www.gasia.com.tr\/en\/wp-json\/wp\/v2\/product\/28119\/revisions\/39774"}],"wp:featuredmedia":[{"embeddable":true,"href":"https:\/\/www.gasia.com.tr\/en\/wp-json\/wp\/v2\/media\/39773"}],"wp:attachment":[{"href":"https:\/\/www.gasia.com.tr\/en\/wp-json\/wp\/v2\/media?parent=28119"}],"wp:term":[{"taxonomy":"product_brand","embeddable":true,"href":"https:\/\/www.gasia.com.tr\/en\/wp-json\/wp\/v2\/product_brand?post=28119"},{"taxonomy":"product_cat","embeddable":true,"href":"https:\/\/www.gasia.com.tr\/en\/wp-json\/wp\/v2\/product_cat?post=28119"},{"taxonomy":"product_tag","embeddable":true,"href":"https:\/\/www.gasia.com.tr\/en\/wp-json\/wp\/v2\/product_tag?post=28119"}],"curies":[{"name":"wp","href":"https:\/\/api.w.org\/{rel}","templated":true}]}}