{"id":28135,"date":"2026-02-05T00:00:00","date_gmt":"2026-02-04T21:00:00","guid":{"rendered":"https:\/\/www.gasia.com.tr\/?post_type=product&#038;p=28135"},"modified":"2026-03-30T16:19:20","modified_gmt":"2026-03-30T13:19:20","slug":"turkuaz-tasli-pirlanta-detayli-fleur-de-lis-motifli-kupe","status":"publish","type":"product","link":"https:\/\/www.gasia.com.tr\/en\/collections\/turkuaz-tasli-pirlanta-detayli-fleur-de-lis-motifli-kupe\/","title":{"rendered":"Turkuaz Ta\u015fl\u0131  P\u0131rlanta Detayl\u0131 Fleur-de-Lis Motifli K\u00fcpe"},"content":{"rendered":"<p>Fleur-de-lis motifinin zarif formu, turkuaz ta\u015f\u0131n canl\u0131 rengiyle bulu\u015fuyor. \u00dcst b\u00f6l\u00fcmde yer alan p\u0131rlanta detaylar, tasar\u0131ma \u0131\u015f\u0131lt\u0131l\u0131 bir dokunu\u015f katarken sallant\u0131l\u0131 form hareketli ve dikkat \u00e7ekici bir g\u00f6r\u00fcn\u00fcm sunar. G\u00fcnl\u00fck \u015f\u0131kl\u0131\u011f\u0131 tamamlayan ya da \u00f6zel kombinlere karakter kazand\u0131ran \u00f6zg\u00fcn bir tasar\u0131md\u0131r.<\/p>\n<p>Fleur-de-lis\u00a0(zambak\/Frans\u0131z zamba\u011f\u0131) \u015feklinde tasarlanm\u0131\u015f, vintage g\u00f6r\u00fcn\u00fcml\u00fc bir k\u00fcpe. Motif ,\u00a0<em>Orta \u00c7a\u011f<\/em>dan \u00e7ok daha \u00f6nce de g\u00f6r\u00fcl\u00fcr.M\u00d6 3. y\u00fczy\u0131ldan itibaren Mezopotamya, Hindistan ve M\u0131s\u0131r\u2019daki eserlerde benzer zambak motifleri yer al\u0131r.Avrupa\u2019da sembol\u00fcn g\u00fc\u00e7l\u00fc bir kimlik kazanmas\u0131\u00a0Frank Krall\u0131\u011f\u0131\u00a0d\u00f6nemine denk gelir.\u0130lk kez 6. y\u00fczy\u0131lda Kral\u00a0Clovis\u00a0ile ili\u015fkilendirilir.12. y\u00fczy\u0131lda Kral\u00a0VII. Louis, fleur-de-lis\u2019i resm\u00ee kraliyet armas\u0131 h\u00e2line getirir.<\/p>\n<ul>\n<li>Kraliyet ve soyluluk<\/li>\n<li>Safl\u0131k ve masumiyet<\/li>\n<li>G\u00fc\u00e7 ve sadakat<\/li>\n<\/ul>","protected":false},"excerpt":{"rendered":"<ul>\n<li>14 Ayar Alt\u0131n<\/li>\n<li>925 Ayar Okside G\u00fcm\u00fc\u015f<\/li>\n<li>0,11 ct P\u0131rlanta<\/li>\n<li>T\u00fcm\u00fcyle el i\u015f\u00e7ili\u011fi ile oyma Arizona Firuze<\/li>\n<\/ul>","protected":false},"featured_media":40398,"comment_status":"open","ping_status":"closed","template":"","meta":[],"product_brand":[77],"product_cat":[249,260,74],"product_tag":[2324,899,395,2326,392,1567,814,375,2323,815,855,2322,2325],"class_list":{"0":"post-28135","1":"product","2":"type-product","3":"status-publish","4":"has-post-thumbnail","6":"product_brand-gasia","7":"product_cat-fleur-de-lis-koleksiyonu","8":"product_cat-kadin","9":"product_cat-kupe-modelleri","10":"product_tag-elegant-dangling-earrings-with-vintage-fleur-de-lis-design-and-turquoise-drops","11":"product_tag-fleur-de-lis-kupe","12":"product_tag-kadin-kupe","13":"product_tag-luxury-turquoise-earrings-with-ornamental-fleur-de-lis-and-fine-diamond-detailing","14":"product_tag-modern-kupe","15":"product_tag-pirlanta-detayli-kupe","16":"product_tag-sallantili-kupe","17":"product_tag-sik-kupe","18":"product_tag-statement-earrings-with-carved-turquoise-stone-and-diamond-details","19":"product_tag-tasarim-kupe","20":"product_tag-turkuaz-tasli-kupe","21":"product_tag-turquoise-drop-earrings-with-fleur-de-lis-motif-and-diamond-accents","22":"product_tag-unique-designer-earrings-with-textured-turquoise-gemstone-and-subtle-diamond-embellishments","23":"pa_cinsiyet-kadin","25":"first","26":"instock","27":"sale","28":"shipping-taxable","29":"purchasable","30":"product-type-simple"},"_links":{"self":[{"href":"https:\/\/www.gasia.com.tr\/en\/wp-json\/wp\/v2\/product\/28135","targetHints":{"allow":["GET"]}}],"collection":[{"href":"https:\/\/www.gasia.com.tr\/en\/wp-json\/wp\/v2\/product"}],"about":[{"href":"https:\/\/www.gasia.com.tr\/en\/wp-json\/wp\/v2\/types\/product"}],"replies":[{"embeddable":true,"href":"https:\/\/www.gasia.com.tr\/en\/wp-json\/wp\/v2\/comments?post=28135"}],"version-history":[{"count":3,"href":"https:\/\/www.gasia.com.tr\/en\/wp-json\/wp\/v2\/product\/28135\/revisions"}],"predecessor-version":[{"id":40399,"href":"https:\/\/www.gasia.com.tr\/en\/wp-json\/wp\/v2\/product\/28135\/revisions\/40399"}],"wp:featuredmedia":[{"embeddable":true,"href":"https:\/\/www.gasia.com.tr\/en\/wp-json\/wp\/v2\/media\/40398"}],"wp:attachment":[{"href":"https:\/\/www.gasia.com.tr\/en\/wp-json\/wp\/v2\/media?parent=28135"}],"wp:term":[{"taxonomy":"product_brand","embeddable":true,"href":"https:\/\/www.gasia.com.tr\/en\/wp-json\/wp\/v2\/product_brand?post=28135"},{"taxonomy":"product_cat","embeddable":true,"href":"https:\/\/www.gasia.com.tr\/en\/wp-json\/wp\/v2\/product_cat?post=28135"},{"taxonomy":"product_tag","embeddable":true,"href":"https:\/\/www.gasia.com.tr\/en\/wp-json\/wp\/v2\/product_tag?post=28135"}],"curies":[{"name":"wp","href":"https:\/\/api.w.org\/{rel}","templated":true}]}}