{"id":28173,"date":"2026-03-30T00:00:00","date_gmt":"2026-03-29T21:00:00","guid":{"rendered":"https:\/\/www.gasia.com.tr\/?post_type=product&#038;p=28173"},"modified":"2026-03-31T13:13:45","modified_gmt":"2026-03-31T10:13:45","slug":"goz-detayli-mikro-boyama-el-isciligi-essiz-yuzuk","status":"publish","type":"product","link":"https:\/\/www.gasia.com.tr\/en\/collections\/goz-detayli-mikro-boyama-el-isciligi-essiz-yuzuk\/","title":{"rendered":"G\u00f6z Detayl\u0131 Mikro Boyama El \u0130\u015f\u00e7ili\u011fi E\u015fsiz Y\u00fcz\u00fck"},"content":{"rendered":"<p data-start=\"105\" data-end=\"494\">Oval formda tasarlanan bu y\u00fcz\u00fck, merkezindeki nazar g\u00f6z motifi ile dikkat \u00e7eker. Mavi, beyaz ve alt\u0131n tonlar\u0131n\u0131n uyumu g\u00fc\u00e7l\u00fc bir kontrast olu\u015fturur. Etraf\u0131n\u0131 \u00e7evreleyen p\u0131rlanta detaylar tasar\u0131ma parlakl\u0131k kazand\u0131r\u0131r. Mine i\u015f\u00e7iligi y\u00fcz\u00fc\u011fe karakter ve \u00f6zg\u00fcnl\u00fck katarken, alt\u0131n g\u00f6vde ile dengeli bir g\u00f6r\u00fcn\u00fcm sunar. G\u00fcnl\u00fck kullan\u0131mda oldu\u011fu kadar \u00f6zel kombinlerde de \u00f6ne \u00e7\u0131kan bir par\u00e7ad\u0131r.<\/p>","protected":false},"excerpt":{"rendered":"<ul>\n<li>0.31 ct P\u0131rlanta<\/li>\n<li>24 Ayar\u00a0 995 Alt\u0131n<\/li>\n<li>18 Ayar Alt\u0131n<\/li>\n<li>925 Ayar Okside G\u00fcm\u00fc\u015f<\/li>\n<\/ul>","protected":false},"featured_media":41040,"comment_status":"open","ping_status":"closed","template":"","meta":[],"product_brand":[77,2719],"product_cat":[198,76],"product_tag":[289,1029,1931,2859,1874,1275,2858,1934,565,657,2694,2842,2844,2852,735,712,1875,2854,2861,958,1864,2853,2857,2850,710,2856,590,2846,2841,742,521,1116,1119,2840,2848,2843,2855,2076,1146,2396,2845,2849,2847,2688,1863,997,340,2851,1872,2860],"class_list":{"0":"post-28173","1":"product","2":"type-product","3":"status-publish","4":"has-post-thumbnail","6":"product_brand-gasia","7":"product_brand-gasia-protect","8":"product_cat-eye-collection","9":"product_cat-yuzuk-modelleri","10":"product_tag-altin-yuzuk","11":"product_tag-anlamli-taki","12":"product_tag-artisan-ring","13":"product_tag-blue-white-ring","14":"product_tag-bold-ring","15":"product_tag-buyuk-tasli-yuzuk","16":"product_tag-colorful-ring","17":"product_tag-contemporary-ring","18":"product_tag-designer-ring","19":"product_tag-diamond-halo-ring","20":"product_tag-dikkat-cekici-yuzuk","21":"product_tag-el-boyama-yuzuk","22":"product_tag-el-yapimi-yuzuk","23":"product_tag-enamel-ring","24":"product_tag-evil-eye-jewelry","25":"product_tag-evil-eye-ring","26":"product_tag-fashion-ring","27":"product_tag-gold-statement-ring","28":"product_tag-good-luck-ring","29":"product_tag-goz-yuzuk","30":"product_tag-gunluk-yuzuk","31":"product_tag-hand-painted-ring","32":"product_tag-handmade-ring","33":"product_tag-kadin-yuzuk-modelleri","34":"product_tag-koruyucu-sembol-yuzuk","35":"product_tag-large-stone-ring","36":"product_tag-luxury-ring","37":"product_tag-mavi-beyaz-yuzuk","38":"product_tag-mine-iscilik-yuzuk","39":"product_tag-modern-jewelry","40":"product_tag-modern-yuzuk","41":"product_tag-nazar-boncugu-yuzuk","42":"product_tag-nazar-ring","43":"product_tag-nazar-yuzuk","44":"product_tag-otantik-yuzuk","45":"product_tag-oval-form-yuzuk","46":"product_tag-oval-ring","47":"product_tag-ozel-tasarim-yuzuk","48":"product_tag-pirlanta-detayli-yuzuk","49":"product_tag-protection-jewelry","50":"product_tag-renkli-yuzuk","51":"product_tag-sans-yuzugu","52":"product_tag-sari-altin-yuzuk","53":"product_tag-statement-jewelry","54":"product_tag-stil-yuzuk","55":"product_tag-symbolic-ring","56":"product_tag-tasarim-yuzuk","57":"product_tag-trend-yuzuk","58":"product_tag-unique-ring","59":"product_tag-yellow-gold-ring","60":"pa_cinsiyet-kadin","62":"first","63":"instock","64":"sale","65":"shipping-taxable","66":"purchasable","67":"product-type-simple"},"_links":{"self":[{"href":"https:\/\/www.gasia.com.tr\/en\/wp-json\/wp\/v2\/product\/28173","targetHints":{"allow":["GET"]}}],"collection":[{"href":"https:\/\/www.gasia.com.tr\/en\/wp-json\/wp\/v2\/product"}],"about":[{"href":"https:\/\/www.gasia.com.tr\/en\/wp-json\/wp\/v2\/types\/product"}],"replies":[{"embeddable":true,"href":"https:\/\/www.gasia.com.tr\/en\/wp-json\/wp\/v2\/comments?post=28173"}],"version-history":[{"count":3,"href":"https:\/\/www.gasia.com.tr\/en\/wp-json\/wp\/v2\/product\/28173\/revisions"}],"predecessor-version":[{"id":41044,"href":"https:\/\/www.gasia.com.tr\/en\/wp-json\/wp\/v2\/product\/28173\/revisions\/41044"}],"wp:featuredmedia":[{"embeddable":true,"href":"https:\/\/www.gasia.com.tr\/en\/wp-json\/wp\/v2\/media\/41040"}],"wp:attachment":[{"href":"https:\/\/www.gasia.com.tr\/en\/wp-json\/wp\/v2\/media?parent=28173"}],"wp:term":[{"taxonomy":"product_brand","embeddable":true,"href":"https:\/\/www.gasia.com.tr\/en\/wp-json\/wp\/v2\/product_brand?post=28173"},{"taxonomy":"product_cat","embeddable":true,"href":"https:\/\/www.gasia.com.tr\/en\/wp-json\/wp\/v2\/product_cat?post=28173"},{"taxonomy":"product_tag","embeddable":true,"href":"https:\/\/www.gasia.com.tr\/en\/wp-json\/wp\/v2\/product_tag?post=28173"}],"curies":[{"name":"wp","href":"https:\/\/api.w.org\/{rel}","templated":true}]}}