{"id":28228,"date":"2026-01-20T00:00:00","date_gmt":"2026-01-19T21:00:00","guid":{"rendered":"https:\/\/www.gasia.com.tr\/?post_type=product&#038;p=28228"},"modified":"2026-04-15T17:12:27","modified_gmt":"2026-04-15T14:12:27","slug":"damla-kesim-akuamarin-tasli-pirlanta-detayli-altin-kolye","status":"publish","type":"product","link":"https:\/\/www.gasia.com.tr\/en\/collections\/damla-kesim-akuamarin-tasli-pirlanta-detayli-altin-kolye\/","title":{"rendered":"Damla kesim akuamarin ta\u015fl\u0131 p\u0131rlanta detayl\u0131 alt\u0131n kolye"},"content":{"rendered":"<p data-start=\"72\" data-end=\"334\">Zarif ve modern tasar\u0131m\u0131yla \u00f6ne \u00e7\u0131kan bu kolye, merkezinde yer alan damla kesim akuamarin ta\u015f ile ferah ve \u0131\u015f\u0131lt\u0131l\u0131 bir g\u00f6r\u00fcn\u00fcm sunar. A\u00e7\u0131k mavi tonlar\u0131yla dikkat \u00e7eken akuamarin, \u0131\u015f\u0131\u011f\u0131 yans\u0131tarak boyunda do\u011fal ve sofistike bir etki yarat\u0131r.<\/p>\n<p data-start=\"336\" data-end=\"600\">Zincir \u00fczerinde yer alan minimal p\u0131rlanta detay\u0131, tasar\u0131ma ince bir parlakl\u0131k katarken alt\u0131n ile kusursuz bir uyum sa\u011flar. Sade ama etkileyici yap\u0131s\u0131yla hem tek ba\u015f\u0131na \u015f\u0131k bir kullan\u0131m sunar hem de di\u011fer kolyelerle katmanl\u0131 kombinlerde rahatl\u0131kla kullan\u0131labilir.<\/p>\n<p data-start=\"602\" data-end=\"666\">G\u00fcnl\u00fck zarafet ve \u00f6zel anlar i\u00e7in ideal, zamans\u0131z bir tasar\u0131m.<\/p>\n<ul>\n<li>Aquamarine-G\u00f6kz\u00fcmr\u00fctS\u00fcmerler ve M\u0131s\u0131rl\u0131lar i\u00e7in gen\u00e7li\u011fin enerjisi ve mutlulu\u011fun simgesiydi.Romal\u0131lar dostlu\u011fu ve a\u015fk\u0131 peki\u015ftirdi\u011fine inand\u0131lar. Orta \u00e7a\u011f\u0131n gemici ve sava\u015fc\u0131lar\u0131 ondan cesaret ald\u0131 ve \u00f6l\u00fcm korkusunu unuttu.G\u00f6kz\u00fcmr\u00fct herkesin bildi\u011fi Z\u00fcmr\u00fct\u00fcn yak\u0131n akrabas\u0131d\u0131r.Her ikisi de Beryl mineralidir.Sadece G\u00f6kz\u00fcmr\u00fctte Demir,Aquamarinede Krom bulunur. Cesaretiniz k\u0131r\u0131ld\u0131\u011f\u0131nda ta\u015f\u0131n g\u00fcven tazeledi\u011fine inan\u0131l\u0131yor ve negatif enerjiden koruyor.<\/li>\n<\/ul>","protected":false},"excerpt":{"rendered":"<ul>\n<li>14 Ayar 585 Alt\u0131n<\/li>\n<li>0,12 CT cvd P\u0131rlanta<\/li>\n<li>5,23 ct Brezilya Aquamarine<\/li>\n<li>42 cm Zincir uzunlu\u011fu<\/li>\n<\/ul>","protected":false},"featured_media":42252,"comment_status":"open","ping_status":"closed","template":"","meta":[],"product_brand":[2718],"product_cat":[260,75],"product_tag":[2921,1088,2923,2701,3103,3455,322,273,1767,472,3454,2973],"class_list":{"0":"post-28228","1":"product","2":"type-product","3":"status-publish","4":"has-post-thumbnail","6":"product_brand-gasia-casuals","7":"product_cat-kadin","8":"product_cat-kolye","9":"product_tag-akuamarin-kolye","10":"product_tag-altin-kolye-kadin","11":"product_tag-aquamarine-necklace","12":"product_tag-dainty-jewelry","13":"product_tag-damla-kesim-kolye","14":"product_tag-diamond-accent-necklace","15":"product_tag-gold-necklace","16":"product_tag-minimal-kolye","17":"product_tag-minimalist-necklace","18":"product_tag-pirlanta-detayli-kolye","19":"product_tag-teardrop-pendant","20":"product_tag-zarif-taki","21":"pa_cinsiyet-kadin","23":"first","24":"instock","25":"shipping-taxable","26":"purchasable","27":"product-type-simple"},"_links":{"self":[{"href":"https:\/\/www.gasia.com.tr\/en\/wp-json\/wp\/v2\/product\/28228","targetHints":{"allow":["GET"]}}],"collection":[{"href":"https:\/\/www.gasia.com.tr\/en\/wp-json\/wp\/v2\/product"}],"about":[{"href":"https:\/\/www.gasia.com.tr\/en\/wp-json\/wp\/v2\/types\/product"}],"replies":[{"embeddable":true,"href":"https:\/\/www.gasia.com.tr\/en\/wp-json\/wp\/v2\/comments?post=28228"}],"version-history":[{"count":5,"href":"https:\/\/www.gasia.com.tr\/en\/wp-json\/wp\/v2\/product\/28228\/revisions"}],"predecessor-version":[{"id":42255,"href":"https:\/\/www.gasia.com.tr\/en\/wp-json\/wp\/v2\/product\/28228\/revisions\/42255"}],"wp:featuredmedia":[{"embeddable":true,"href":"https:\/\/www.gasia.com.tr\/en\/wp-json\/wp\/v2\/media\/42252"}],"wp:attachment":[{"href":"https:\/\/www.gasia.com.tr\/en\/wp-json\/wp\/v2\/media?parent=28228"}],"wp:term":[{"taxonomy":"product_brand","embeddable":true,"href":"https:\/\/www.gasia.com.tr\/en\/wp-json\/wp\/v2\/product_brand?post=28228"},{"taxonomy":"product_cat","embeddable":true,"href":"https:\/\/www.gasia.com.tr\/en\/wp-json\/wp\/v2\/product_cat?post=28228"},{"taxonomy":"product_tag","embeddable":true,"href":"https:\/\/www.gasia.com.tr\/en\/wp-json\/wp\/v2\/product_tag?post=28228"}],"curies":[{"name":"wp","href":"https:\/\/api.w.org\/{rel}","templated":true}]}}