{"id":28249,"date":"2025-12-25T00:00:00","date_gmt":"2025-12-24T21:00:00","guid":{"rendered":"https:\/\/www.gasia.com.tr\/?post_type=product&#038;p=28249"},"modified":"2026-03-30T16:38:50","modified_gmt":"2026-03-30T13:38:50","slug":"pirlanta-detayli-oksit-gumus-altin-gasia-halka-kupe","status":"publish","type":"product","link":"https:\/\/www.gasia.com.tr\/en\/collections\/pirlanta-detayli-oksit-gumus-altin-gasia-halka-kupe\/","title":{"rendered":"P\u0131rlanta Detayl\u0131 Oksit G\u00fcm\u00fc\u015f Alt\u0131n Gasia Halka K\u00fcpe"},"content":{"rendered":"<p>Oksit g\u00fcm\u00fc\u015f y\u00fczey \u00fczerine i\u015flenen spiral form ve alt\u0131n detayl\u0131 yuvalarda yer alan p\u0131rlantalarla tasarlanan bu halka k\u00fcpe, g\u00fc\u00e7l\u00fc bir karakter ve modern bir g\u00f6r\u00fcn\u00fcm sunar. Dokulu y\u00fczey tasar\u0131m\u0131 k\u00fcpeye hareket kazand\u0131r\u0131rken, p\u0131rlanta detaylar\u0131 \u0131\u015f\u0131kla birlikte dikkat \u00e7ekici bir parlakl\u0131k olu\u015fturur. G\u00fcnl\u00fck kullan\u0131mdan \u00f6zel kombinlere kadar farkl\u0131 stillerle uyum sa\u011flayabilen \u00f6zg\u00fcn bir tasar\u0131md\u0131r.<\/p>","protected":false},"excerpt":{"rendered":"<ul>\n<li>14 Ayar Alt\u0131n<\/li>\n<li>925 Ayar Okside g\u00fcm\u00fc\u015f<\/li>\n<li>0,29 ct P\u0131rlanta<\/li>\n<li>23 mm k\u00fcpe d\u0131\u015f \u00e7ap<\/li>\n<\/ul>","protected":false},"featured_media":39768,"comment_status":"open","ping_status":"closed","template":"","meta":[],"product_brand":[77],"product_cat":[260,74],"product_tag":[393,405,352,397,399,395,379,404,401,392,390,398,374,394,400,375,403,391,396,402],"class_list":{"0":"post-28249","1":"product","2":"type-product","3":"status-publish","4":"has-post-thumbnail","6":"product_brand-gasia","7":"product_cat-kadin","8":"product_cat-kupe-modelleri","9":"product_tag-altin-detayli-kupe","10":"product_tag-artisan-jewelry","11":"product_tag-contemporary-jewelry","12":"product_tag-diamond-hoop-earrings","13":"product_tag-gold-diamond-earrings","14":"product_tag-kadin-kupe","15":"product_tag-luks-kupe","16":"product_tag-luxury-designer-earrings","17":"product_tag-modern-designer-earrings","18":"product_tag-modern-kupe","19":"product_tag-oksit-gumus-kupe","20":"product_tag-oxidized-silver-earrings","21":"product_tag-pirlanta-kupe","22":"product_tag-sanatsal-kupe","23":"product_tag-sculptural-earrings","24":"product_tag-sik-kupe","25":"product_tag-statement-earrings","26":"product_tag-tasarim-halka-kupe","27":"product_tag-tasarim-taki","28":"product_tag-textured-hoop-earrings","29":"pa_cinsiyet-kadin","31":"first","32":"instock","33":"shipping-taxable","34":"purchasable","35":"product-type-simple"},"_links":{"self":[{"href":"https:\/\/www.gasia.com.tr\/en\/wp-json\/wp\/v2\/product\/28249","targetHints":{"allow":["GET"]}}],"collection":[{"href":"https:\/\/www.gasia.com.tr\/en\/wp-json\/wp\/v2\/product"}],"about":[{"href":"https:\/\/www.gasia.com.tr\/en\/wp-json\/wp\/v2\/types\/product"}],"replies":[{"embeddable":true,"href":"https:\/\/www.gasia.com.tr\/en\/wp-json\/wp\/v2\/comments?post=28249"}],"version-history":[{"count":2,"href":"https:\/\/www.gasia.com.tr\/en\/wp-json\/wp\/v2\/product\/28249\/revisions"}],"predecessor-version":[{"id":39769,"href":"https:\/\/www.gasia.com.tr\/en\/wp-json\/wp\/v2\/product\/28249\/revisions\/39769"}],"wp:featuredmedia":[{"embeddable":true,"href":"https:\/\/www.gasia.com.tr\/en\/wp-json\/wp\/v2\/media\/39768"}],"wp:attachment":[{"href":"https:\/\/www.gasia.com.tr\/en\/wp-json\/wp\/v2\/media?parent=28249"}],"wp:term":[{"taxonomy":"product_brand","embeddable":true,"href":"https:\/\/www.gasia.com.tr\/en\/wp-json\/wp\/v2\/product_brand?post=28249"},{"taxonomy":"product_cat","embeddable":true,"href":"https:\/\/www.gasia.com.tr\/en\/wp-json\/wp\/v2\/product_cat?post=28249"},{"taxonomy":"product_tag","embeddable":true,"href":"https:\/\/www.gasia.com.tr\/en\/wp-json\/wp\/v2\/product_tag?post=28249"}],"curies":[{"name":"wp","href":"https:\/\/api.w.org\/{rel}","templated":true}]}}