{"id":28267,"date":"2026-03-23T15:23:08","date_gmt":"2026-03-23T12:23:08","guid":{"rendered":"https:\/\/www.gasia.com.tr\/?post_type=product&#038;p=28267"},"modified":"2026-03-28T21:44:17","modified_gmt":"2026-03-28T18:44:17","slug":"hummingbird-kus-figurlu-yakut-goz-detay-pirlanta-islemeli-altin-kupe","status":"publish","type":"product","link":"https:\/\/www.gasia.com.tr\/en\/collections\/hummingbird-kus-figurlu-yakut-goz-detay-pirlanta-islemeli-altin-kupe\/","title":{"rendered":"Hummingbird Ku\u015f Fig\u00fcrl\u00fc Yakut G\u00f6z Detay P\u0131rlanta \u0130\u015flemeli Alt\u0131n K\u00fcpe"},"content":{"rendered":"<p data-start=\"138\" data-end=\"392\">Zarafetin ve \u00f6zg\u00fcrl\u00fc\u011f\u00fcn simgesi olan sinek ku\u015fundan ilham alan bu \u00f6zel k\u00fcpeler, ince detaylar\u0131 ve sanatsal i\u015f\u00e7ili\u011fiyle \u00f6ne \u00e7\u0131kar. Kanat formundaki dokulu y\u00fczeyler, g\u00f6vdedeki ta\u015f detaylar\u0131 ve dikkat \u00e7ekici tasar\u0131m\u0131yla her a\u00e7\u0131dan estetik bir duru\u015f sunar.<\/p>\n<p data-start=\"394\" data-end=\"669\">Vintage dokunu\u015flarla modern stilin birle\u015fti\u011fi bu k\u00fcpeler, g\u00fcnl\u00fck kullan\u0131mda zarif bir tamamlay\u0131c\u0131 olurken \u00f6zel g\u00fcnlerde de stiline karakter katar. Hafif yap\u0131s\u0131 sayesinde konforlu bir kullan\u0131m sunan bu tasar\u0131m, do\u011fadan ilham alan \u00f6zg\u00fcn tak\u0131 severler i\u00e7in ideal bir se\u00e7imdir.<\/p>","protected":false},"excerpt":{"rendered":"<ul>\n<li>14 Ayar Alt\u0131n<\/li>\n<li>925 ayar Okside G\u00fcm\u00fc\u015f<\/li>\n<li>0.08 Ct P\u0131rlanta<\/li>\n<li>0.01 Ct K\u0131rm\u0131z\u0131 spinel g\u00f6zler<\/li>\n<li>K\u00fcpemiz \u00c7ift olarak sat\u0131lmaktad\u0131r<\/li>\n<\/ul>","protected":false},"featured_media":40952,"comment_status":"open","ping_status":"closed","template":"","meta":[],"product_brand":[77],"product_cat":[260,74],"product_tag":[1713,81,1562,927,1573,2878,2877,1594,2881,2879,2875,395,2374,925,2882,1420,1567,2801,2874,403,815,813,2802,2379,2880,2876,2799,378],"class_list":{"0":"post-28267","1":"product","2":"type-product","3":"status-publish","4":"has-post-thumbnail","6":"product_brand-gasia","7":"product_cat-kadin","8":"product_cat-kupe-modelleri","9":"product_tag-altin-kupe","10":"product_tag-animal","11":"product_tag-artisan-earrings","12":"product_tag-bird-earrings","13":"product_tag-diamond-detail-earrings","14":"product_tag-doga-temali-taki","15":"product_tag-el-yapimi-kupe","16":"product_tag-gemstone-earrings","17":"product_tag-handmade-earrings","18":"product_tag-hummingbird-earrings","19":"product_tag-hummingbird-kupe","20":"product_tag-kadin-kupe","21":"product_tag-kus-figurlu-kupe","22":"product_tag-kus-kupe","23":"product_tag-nature-inspired-jewelry","24":"product_tag-ozgun-taki","25":"product_tag-pirlanta-detayli-kupe","26":"product_tag-ruby-detail-earrings","27":"product_tag-sinek-kusu-kupe","28":"product_tag-statement-earrings","29":"product_tag-tasarim-kupe","30":"product_tag-tasli-kupe","31":"product_tag-unique-gold-earrings","32":"product_tag-unique-jewelry","33":"product_tag-vintage-earrings","34":"product_tag-vintage-kupe","35":"product_tag-yakut-tasli-kupe","36":"product_tag-zarif-kupe","37":"pa_cinsiyet-kadin","39":"first","40":"instock","41":"sale","42":"shipping-taxable","43":"purchasable","44":"product-type-simple"},"_links":{"self":[{"href":"https:\/\/www.gasia.com.tr\/en\/wp-json\/wp\/v2\/product\/28267","targetHints":{"allow":["GET"]}}],"collection":[{"href":"https:\/\/www.gasia.com.tr\/en\/wp-json\/wp\/v2\/product"}],"about":[{"href":"https:\/\/www.gasia.com.tr\/en\/wp-json\/wp\/v2\/types\/product"}],"replies":[{"embeddable":true,"href":"https:\/\/www.gasia.com.tr\/en\/wp-json\/wp\/v2\/comments?post=28267"}],"version-history":[{"count":2,"href":"https:\/\/www.gasia.com.tr\/en\/wp-json\/wp\/v2\/product\/28267\/revisions"}],"predecessor-version":[{"id":41051,"href":"https:\/\/www.gasia.com.tr\/en\/wp-json\/wp\/v2\/product\/28267\/revisions\/41051"}],"wp:featuredmedia":[{"embeddable":true,"href":"https:\/\/www.gasia.com.tr\/en\/wp-json\/wp\/v2\/media\/40952"}],"wp:attachment":[{"href":"https:\/\/www.gasia.com.tr\/en\/wp-json\/wp\/v2\/media?parent=28267"}],"wp:term":[{"taxonomy":"product_brand","embeddable":true,"href":"https:\/\/www.gasia.com.tr\/en\/wp-json\/wp\/v2\/product_brand?post=28267"},{"taxonomy":"product_cat","embeddable":true,"href":"https:\/\/www.gasia.com.tr\/en\/wp-json\/wp\/v2\/product_cat?post=28267"},{"taxonomy":"product_tag","embeddable":true,"href":"https:\/\/www.gasia.com.tr\/en\/wp-json\/wp\/v2\/product_tag?post=28267"}],"curies":[{"name":"wp","href":"https:\/\/api.w.org\/{rel}","templated":true}]}}