{"id":28272,"date":"2025-12-27T11:21:03","date_gmt":"2025-12-27T08:21:03","guid":{"rendered":"https:\/\/www.gasia.com.tr\/?post_type=product&#038;p=28272"},"modified":"2026-03-30T17:25:56","modified_gmt":"2026-03-30T14:25:56","slug":"sari-pirlanta-detayli-okside-gumus-ve-altin-halka-kupe","status":"publish","type":"product","link":"https:\/\/www.gasia.com.tr\/en\/collections\/sari-pirlanta-detayli-okside-gumus-ve-altin-halka-kupe\/","title":{"rendered":"Sar\u0131 P\u0131rlanta Detayl\u0131 Okside G\u00fcm\u00fc\u015f ve Alt\u0131n Halka K\u00fcpe"},"content":{"rendered":"<p data-start=\"115\" data-end=\"358\">Okside g\u00fcm\u00fc\u015f\u00fcn karakterli dokusu, alt\u0131n detaylar\u0131n s\u0131cakl\u0131\u011f\u0131 ve sar\u0131 p\u0131rlantalar\u0131n \u0131\u015f\u0131lt\u0131s\u0131 bu \u00f6zel k\u00fcpede g\u00fc\u00e7l\u00fc bir uyum yakal\u0131yor. Y\u00fczeydeki organik form ve hareketli ta\u015f detaylar\u0131, tasar\u0131ma dinamik ve dikkat \u00e7ekici bir g\u00f6r\u00fcn\u00fcm kazand\u0131r\u0131r.<\/p>\n<p data-start=\"360\" data-end=\"628\">Sallant\u0131l\u0131 sar\u0131 p\u0131rlanta detaylar\u0131 \u0131\u015f\u0131kla birlikte hareket ederek k\u00fcpeye canl\u0131 bir etki katarken, okside g\u00fcm\u00fc\u015f ve alt\u0131n kontrast\u0131 tasar\u0131m\u0131 daha da \u00f6ne \u00e7\u0131kar\u0131r. Farkl\u0131 ve \u00f6zg\u00fcn tasar\u0131mlar\u0131 tercih edenler i\u00e7in ideal olan bu k\u00fcpe, stiline g\u00fc\u00e7l\u00fc bir karakter kazand\u0131r\u0131r.<\/p>","protected":false},"excerpt":{"rendered":"<ul>\n<li>14 ayar Alt\u0131n<\/li>\n<li>925 ayar Okside g\u00fcm\u00fc\u015f<\/li>\n<li>0,32 ct Fancy renk P\u0131rlanta<\/li>\n<\/ul>","protected":false},"featured_media":41114,"comment_status":"open","ping_status":"closed","template":"","meta":[],"product_brand":[2718],"product_cat":[260,74],"product_tag":[1713,1574,833,1594,1714,1768,1769,395,379,1668,2035,398,2902,814,2910,403,815,813,2379,831],"class_list":{"0":"post-28272","1":"product","2":"type-product","3":"status-publish","4":"has-post-thumbnail","6":"product_brand-gasia-casuals","7":"product_cat-kadin","8":"product_cat-kupe-modelleri","9":"product_tag-altin-kupe","10":"product_tag-designer-earrings","11":"product_tag-drop-earrings","12":"product_tag-gemstone-earrings","13":"product_tag-gold-earrings","14":"product_tag-halka-kupe","15":"product_tag-hoop-earrings","16":"product_tag-kadin-kupe","17":"product_tag-luks-kupe","18":"product_tag-luxury-jewelry","19":"product_tag-okside-gumus-kupe","20":"product_tag-oxidized-silver-earrings","21":"product_tag-ozgun-kupe","22":"product_tag-sallantili-kupe","23":"product_tag-sari-pirlanta-kupe","24":"product_tag-statement-earrings","25":"product_tag-tasarim-kupe","26":"product_tag-tasli-kupe","27":"product_tag-unique-jewelry","28":"product_tag-yellow-diamond-earrings","29":"pa_cinsiyet-kadin","31":"first","32":"instock","33":"shipping-taxable","34":"purchasable","35":"product-type-simple"},"_links":{"self":[{"href":"https:\/\/www.gasia.com.tr\/en\/wp-json\/wp\/v2\/product\/28272","targetHints":{"allow":["GET"]}}],"collection":[{"href":"https:\/\/www.gasia.com.tr\/en\/wp-json\/wp\/v2\/product"}],"about":[{"href":"https:\/\/www.gasia.com.tr\/en\/wp-json\/wp\/v2\/types\/product"}],"replies":[{"embeddable":true,"href":"https:\/\/www.gasia.com.tr\/en\/wp-json\/wp\/v2\/comments?post=28272"}],"version-history":[{"count":2,"href":"https:\/\/www.gasia.com.tr\/en\/wp-json\/wp\/v2\/product\/28272\/revisions"}],"predecessor-version":[{"id":41116,"href":"https:\/\/www.gasia.com.tr\/en\/wp-json\/wp\/v2\/product\/28272\/revisions\/41116"}],"wp:featuredmedia":[{"embeddable":true,"href":"https:\/\/www.gasia.com.tr\/en\/wp-json\/wp\/v2\/media\/41114"}],"wp:attachment":[{"href":"https:\/\/www.gasia.com.tr\/en\/wp-json\/wp\/v2\/media?parent=28272"}],"wp:term":[{"taxonomy":"product_brand","embeddable":true,"href":"https:\/\/www.gasia.com.tr\/en\/wp-json\/wp\/v2\/product_brand?post=28272"},{"taxonomy":"product_cat","embeddable":true,"href":"https:\/\/www.gasia.com.tr\/en\/wp-json\/wp\/v2\/product_cat?post=28272"},{"taxonomy":"product_tag","embeddable":true,"href":"https:\/\/www.gasia.com.tr\/en\/wp-json\/wp\/v2\/product_tag?post=28272"}],"curies":[{"name":"wp","href":"https:\/\/api.w.org\/{rel}","templated":true}]}}