{"id":28279,"date":"2026-02-01T03:00:00","date_gmt":"2026-02-01T00:00:00","guid":{"rendered":"https:\/\/www.gasia.com.tr\/?post_type=product&#038;p=28279"},"modified":"2026-03-30T17:47:14","modified_gmt":"2026-03-30T14:47:14","slug":"mavi-mineli-yildiz-detayli-altin-halka-kupe","status":"publish","type":"product","link":"https:\/\/www.gasia.com.tr\/en\/collections\/mavi-mineli-yildiz-detayli-altin-halka-kupe\/","title":{"rendered":"Mavi Mineli Y\u0131ld\u0131z Detayl\u0131 Alt\u0131n Halka K\u00fcpe"},"content":{"rendered":"<p data-start=\"104\" data-end=\"360\">Canl\u0131 mavi mine detay\u0131 ve \u0131\u015f\u0131lt\u0131l\u0131 y\u0131ld\u0131z formu ile \u00f6ne \u00e7\u0131kan bu halka k\u00fcpe, enerjik ve modern bir stil sunar. \u00dcst k\u0131sm\u0131ndaki ta\u015flarla s\u00fcslenmi\u015f y\u0131ld\u0131z fig\u00fcr\u00fc, tasar\u0131ma zarif bir parlakl\u0131k katarken, renkli mine y\u00fczey k\u00fcpeye \u00f6zg\u00fcn bir karakter kazand\u0131r\u0131r.<\/p>\n<p data-start=\"362\" data-end=\"587\">G\u00fcnl\u00fck kombinlerine hareket katmak isteyenler i\u00e7in ideal olan bu tasar\u0131m, minimal formu ve dikkat \u00e7ekici detaylar\u0131yla kolayca \u00f6ne \u00e7\u0131kar. Hem tek ba\u015f\u0131na hem de di\u011fer k\u00fcpelerle kombinlenerek stiline dinamik bir dokunu\u015f ekler.<\/p>","protected":false},"excerpt":{"rendered":"<ul>\n<li>14 Ayar Alt\u0131n<\/li>\n<li>0,10 ct P\u0131rlanta<\/li>\n<li>Bodrum Mavisi mine<\/li>\n<\/ul>","protected":false},"featured_media":41089,"comment_status":"open","ping_status":"closed","template":"","meta":[],"product_brand":[2718],"product_cat":[74,208],"product_tag":[1713,2900,1959,2571,1594,1714,1768,1769,395,2390,2567,2392,1537,742,392,1958,1988,813,2379,1987],"class_list":{"0":"post-28279","1":"product","2":"type-product","3":"status-publish","4":"has-post-thumbnail","6":"product_brand-gasia-casuals","7":"product_cat-kupe-modelleri","8":"product_cat-yildiz-mucevher-modelleri","9":"product_tag-altin-kupe","10":"product_tag-blue-enamel-earrings","11":"product_tag-colorful-earrings","12":"product_tag-dainty-earrings","13":"product_tag-gemstone-earrings","14":"product_tag-gold-earrings","15":"product_tag-halka-kupe","16":"product_tag-hoop-earrings","17":"product_tag-kadin-kupe","18":"product_tag-mavi-kupe","19":"product_tag-mineli-kupe","20":"product_tag-minimal-earrings","21":"product_tag-minimal-kupe","22":"product_tag-modern-jewelry","23":"product_tag-modern-kupe","24":"product_tag-renkli-kupe","25":"product_tag-star-earrings","26":"product_tag-tasli-kupe","27":"product_tag-unique-jewelry","28":"product_tag-yildiz-kupe","29":"pa_cinsiyet-kadin","31":"first","32":"instock","33":"shipping-taxable","34":"purchasable","35":"product-type-simple"},"_links":{"self":[{"href":"https:\/\/www.gasia.com.tr\/en\/wp-json\/wp\/v2\/product\/28279","targetHints":{"allow":["GET"]}}],"collection":[{"href":"https:\/\/www.gasia.com.tr\/en\/wp-json\/wp\/v2\/product"}],"about":[{"href":"https:\/\/www.gasia.com.tr\/en\/wp-json\/wp\/v2\/types\/product"}],"replies":[{"embeddable":true,"href":"https:\/\/www.gasia.com.tr\/en\/wp-json\/wp\/v2\/comments?post=28279"}],"version-history":[{"count":2,"href":"https:\/\/www.gasia.com.tr\/en\/wp-json\/wp\/v2\/product\/28279\/revisions"}],"predecessor-version":[{"id":41082,"href":"https:\/\/www.gasia.com.tr\/en\/wp-json\/wp\/v2\/product\/28279\/revisions\/41082"}],"wp:featuredmedia":[{"embeddable":true,"href":"https:\/\/www.gasia.com.tr\/en\/wp-json\/wp\/v2\/media\/41089"}],"wp:attachment":[{"href":"https:\/\/www.gasia.com.tr\/en\/wp-json\/wp\/v2\/media?parent=28279"}],"wp:term":[{"taxonomy":"product_brand","embeddable":true,"href":"https:\/\/www.gasia.com.tr\/en\/wp-json\/wp\/v2\/product_brand?post=28279"},{"taxonomy":"product_cat","embeddable":true,"href":"https:\/\/www.gasia.com.tr\/en\/wp-json\/wp\/v2\/product_cat?post=28279"},{"taxonomy":"product_tag","embeddable":true,"href":"https:\/\/www.gasia.com.tr\/en\/wp-json\/wp\/v2\/product_tag?post=28279"}],"curies":[{"name":"wp","href":"https:\/\/api.w.org\/{rel}","templated":true}]}}