{"id":28310,"date":"2025-12-25T00:00:00","date_gmt":"2025-12-24T21:00:00","guid":{"rendered":"https:\/\/www.gasia.com.tr\/?post_type=product&#038;p=28310"},"modified":"2026-03-30T16:38:50","modified_gmt":"2026-03-30T13:38:50","slug":"yilan-motifli-pirlanta-detayli-oksit-gumus-halka-kupe","status":"publish","type":"product","link":"https:\/\/www.gasia.com.tr\/en\/collections\/yilan-motifli-pirlanta-detayli-oksit-gumus-halka-kupe\/","title":{"rendered":"Y\u0131lan Motifli P\u0131rlanta Detayl\u0131 Oksit G\u00fcm\u00fc\u015f Halka K\u00fcpe"},"content":{"rendered":"<p>Oksit g\u00fcm\u00fc\u015f y\u00fczey \u00fczerine yerle\u015ftirilen alt\u0131n y\u0131lan fig\u00fcr\u00fc ve p\u0131rlanta detaylar\u0131yla tasarlanan bu halka k\u00fcpe, g\u00fc\u00e7l\u00fc ve dikkat \u00e7ekici bir stil sunar. Dokulu formu ve sembolik tasar\u0131m\u0131 sayesinde modern kombinlere karakter katan \u00f6zg\u00fcn bir par\u00e7ad\u0131r.<\/p>","protected":false},"excerpt":{"rendered":"<ul>\n<li>14 Ayar Alt\u0131n<\/li>\n<li>925 Ayar Okside G\u00fcm\u00fc\u015f<\/li>\n<li>0,12 ct P\u0131rlanta<\/li>\n<li>0,01 ct Siyah p\u0131rlanta g\u00f6zl\u00fc y\u0131lan<\/li>\n<li>31,5 mm Halka D\u0131\u015f \u00e7ap\u0131<\/li>\n<li>K\u00fcpemiz \u00e7ift olarak sat\u0131lmaktad\u0131r<\/li>\n<\/ul>","protected":false},"featured_media":39783,"comment_status":"open","ping_status":"closed","template":"","meta":[],"product_brand":[77],"product_cat":[260,74],"product_tag":[393,1562,1574,1573,1553,1570,1580,1577,1576,1583,392,1549,1558,1567,1582,1581,403,815,1579,1578],"class_list":{"0":"post-28310","1":"product","2":"type-product","3":"status-publish","4":"has-post-thumbnail","6":"product_brand-gasia","7":"product_cat-kadin","8":"product_cat-kupe-modelleri","9":"product_tag-altin-detayli-kupe","10":"product_tag-artisan-earrings","11":"product_tag-designer-earrings","12":"product_tag-diamond-detail-earrings","13":"product_tag-el-isciligi-kupe","14":"product_tag-figurlu-gumus-kupe","15":"product_tag-guclu-stil-kupe","16":"product_tag-handcrafted-earrings","17":"product_tag-luxury-silver-earrings","18":"product_tag-modern-earrings","19":"product_tag-modern-kupe","20":"product_tag-oksit-gumus-halka-kupe","21":"product_tag-oxidized-silver-hoop-earrings","22":"product_tag-pirlanta-detayli-kupe","23":"product_tag-snake-earrings","24":"product_tag-snake-motif-earrings","25":"product_tag-statement-earrings","26":"product_tag-tasarim-kupe","27":"product_tag-yilan-figurlu-kupe","28":"product_tag-yilan-motifli-kupe","29":"pa_cinsiyet-kadin","31":"first","32":"instock","33":"shipping-taxable","34":"purchasable","35":"product-type-simple"},"_links":{"self":[{"href":"https:\/\/www.gasia.com.tr\/en\/wp-json\/wp\/v2\/product\/28310","targetHints":{"allow":["GET"]}}],"collection":[{"href":"https:\/\/www.gasia.com.tr\/en\/wp-json\/wp\/v2\/product"}],"about":[{"href":"https:\/\/www.gasia.com.tr\/en\/wp-json\/wp\/v2\/types\/product"}],"replies":[{"embeddable":true,"href":"https:\/\/www.gasia.com.tr\/en\/wp-json\/wp\/v2\/comments?post=28310"}],"version-history":[{"count":2,"href":"https:\/\/www.gasia.com.tr\/en\/wp-json\/wp\/v2\/product\/28310\/revisions"}],"predecessor-version":[{"id":39781,"href":"https:\/\/www.gasia.com.tr\/en\/wp-json\/wp\/v2\/product\/28310\/revisions\/39781"}],"wp:featuredmedia":[{"embeddable":true,"href":"https:\/\/www.gasia.com.tr\/en\/wp-json\/wp\/v2\/media\/39783"}],"wp:attachment":[{"href":"https:\/\/www.gasia.com.tr\/en\/wp-json\/wp\/v2\/media?parent=28310"}],"wp:term":[{"taxonomy":"product_brand","embeddable":true,"href":"https:\/\/www.gasia.com.tr\/en\/wp-json\/wp\/v2\/product_brand?post=28310"},{"taxonomy":"product_cat","embeddable":true,"href":"https:\/\/www.gasia.com.tr\/en\/wp-json\/wp\/v2\/product_cat?post=28310"},{"taxonomy":"product_tag","embeddable":true,"href":"https:\/\/www.gasia.com.tr\/en\/wp-json\/wp\/v2\/product_tag?post=28310"}],"curies":[{"name":"wp","href":"https:\/\/api.w.org\/{rel}","templated":true}]}}