{"id":28346,"date":"2026-01-20T00:00:00","date_gmt":"2026-01-19T21:00:00","guid":{"rendered":"https:\/\/www.gasia.com.tr\/?post_type=product&#038;p=28346"},"modified":"2026-04-11T13:17:47","modified_gmt":"2026-04-11T10:17:47","slug":"cift-tasli-deniz-yildizi-yuzuk-mercan-pirlanta","status":"publish","type":"product","link":"https:\/\/www.gasia.com.tr\/en\/collections\/cift-tasli-deniz-yildizi-yuzuk-mercan-pirlanta\/","title":{"rendered":"\u00c7ift Ta\u015fl\u0131 Deniz Y\u0131ld\u0131z\u0131 Y\u00fcz\u00fck \u2013 Mercan &amp; P\u0131rlanta"},"content":{"rendered":"<p data-start=\"112\" data-end=\"408\">Bu \u00f6zg\u00fcn deniz y\u0131ld\u0131z\u0131 formundaki y\u00fcz\u00fck, z\u0131tl\u0131klar\u0131n uyumunu zarif bir tasar\u0131m diliyle bir araya getiriyor. Y\u0131ld\u0131z\u0131n bir taraf\u0131nda yer alan do\u011fal mercan ta\u015f\u0131, s\u0131cak ve canl\u0131 tonlar\u0131yla enerjik bir etki yarat\u0131rken; di\u011fer taraf\u0131ndaki p\u0131rlanta ta\u015f \u0131\u015f\u0131lt\u0131l\u0131 ve sofistike bir kontrast sunar.<\/p>\n<p data-start=\"410\" data-end=\"654\">Detayl\u0131 y\u00fczey dokusu, deniz y\u0131ld\u0131z\u0131n\u0131n do\u011fal formunu ger\u00e7ek\u00e7i \u015fekilde yans\u0131t\u0131rken, merkezdeki ta\u015f kompozisyonu tasar\u0131ma g\u00fc\u00e7l\u00fc bir karakter kazand\u0131r\u0131r. Burgulu halka formu ve alt\u0131n ba\u011flant\u0131 detaylar\u0131 ise modern ve artisanal bir g\u00f6r\u00fcn\u00fcm sa\u011flar.<\/p>\n<p data-start=\"656\" data-end=\"842\">Hem g\u00fcnd\u00fcz stilinde dikkat \u00e7ekici bir par\u00e7a hem de \u00f6zel kombinlerde \u00f6zg\u00fcn bir tamamlay\u0131c\u0131 olarak \u00f6ne \u00e7\u0131kan bu y\u00fcz\u00fck, do\u011fadan ilham alan tasar\u0131mlar\u0131 sevenler i\u00e7in g\u00fc\u00e7l\u00fc bir ifade sunar.<\/p>","protected":false},"excerpt":{"rendered":"<ul>\n<li>14 Ayar 585 Alt\u0131n<\/li>\n<li>925 Ayar Okside G\u00fcm\u00fc\u015f<\/li>\n<li>0,06 ct P\u0131rlanta<\/li>\n<li>0,15 ct Mercan<\/li>\n<\/ul>","protected":false},"featured_media":41827,"comment_status":"open","ping_status":"closed","template":"","meta":[],"product_brand":[2718],"product_cat":[208,76],"product_tag":[3277,2558,2887,3274,3276,3273,3279,3280,3270,565,654,1274,2844,566,2857,3275,3272,3278,581,521,3281,335,107,3271,450,1193,340,1064],"class_list":{"0":"post-28346","1":"product","2":"type-product","3":"status-publish","4":"has-post-thumbnail","6":"product_brand-gasia-casuals","7":"product_cat-yildiz-mucevher-modelleri","8":"product_cat-yuzuk-modelleri","9":"product_tag-artisanal-jewelry","10":"product_tag-bohem-taki","11":"product_tag-boho-jewelry","12":"product_tag-cift-tasli-yuzuk","13":"product_tag-contrast-gemstone-ring","14":"product_tag-coral-diamond-ring","15":"product_tag-coral-stone-ring","16":"product_tag-deniz-temali-taki","17":"product_tag-deniz-yildizi-yuzuk","18":"product_tag-designer-ring","19":"product_tag-diamond-ring","20":"product_tag-dogal-tas-yuzuk","21":"product_tag-el-yapimi-yuzuk","22":"product_tag-gemstone-ring","23":"product_tag-handmade-ring","24":"product_tag-kontrast-tasli-yuzuk","25":"product_tag-mercan-pirlanta-yuzuk","26":"product_tag-mercan-tasli-yuzuk","27":"product_tag-modern-ring","28":"product_tag-modern-yuzuk","29":"product_tag-ocean-inspired-jewelry","30":"product_tag-pirlanta-yuzuk","31":"product_tag-star","32":"product_tag-starfish-ring","33":"product_tag-statement-ring","34":"product_tag-statement-yuzuk","35":"product_tag-tasarim-yuzuk","36":"product_tag-two-stone-ring","37":"pa_cinsiyet-kadin","39":"first","40":"instock","41":"shipping-taxable","42":"purchasable","43":"product-type-simple"},"_links":{"self":[{"href":"https:\/\/www.gasia.com.tr\/en\/wp-json\/wp\/v2\/product\/28346","targetHints":{"allow":["GET"]}}],"collection":[{"href":"https:\/\/www.gasia.com.tr\/en\/wp-json\/wp\/v2\/product"}],"about":[{"href":"https:\/\/www.gasia.com.tr\/en\/wp-json\/wp\/v2\/types\/product"}],"replies":[{"embeddable":true,"href":"https:\/\/www.gasia.com.tr\/en\/wp-json\/wp\/v2\/comments?post=28346"}],"version-history":[{"count":5,"href":"https:\/\/www.gasia.com.tr\/en\/wp-json\/wp\/v2\/product\/28346\/revisions"}],"predecessor-version":[{"id":41829,"href":"https:\/\/www.gasia.com.tr\/en\/wp-json\/wp\/v2\/product\/28346\/revisions\/41829"}],"wp:featuredmedia":[{"embeddable":true,"href":"https:\/\/www.gasia.com.tr\/en\/wp-json\/wp\/v2\/media\/41827"}],"wp:attachment":[{"href":"https:\/\/www.gasia.com.tr\/en\/wp-json\/wp\/v2\/media?parent=28346"}],"wp:term":[{"taxonomy":"product_brand","embeddable":true,"href":"https:\/\/www.gasia.com.tr\/en\/wp-json\/wp\/v2\/product_brand?post=28346"},{"taxonomy":"product_cat","embeddable":true,"href":"https:\/\/www.gasia.com.tr\/en\/wp-json\/wp\/v2\/product_cat?post=28346"},{"taxonomy":"product_tag","embeddable":true,"href":"https:\/\/www.gasia.com.tr\/en\/wp-json\/wp\/v2\/product_tag?post=28346"}],"curies":[{"name":"wp","href":"https:\/\/api.w.org\/{rel}","templated":true}]}}