{"id":30446,"date":"2025-09-25T17:06:28","date_gmt":"2025-09-25T14:06:28","guid":{"rendered":"https:\/\/www.gasia.com.tr\/tr\/?post_type=product&#038;p=30446"},"modified":"2026-04-02T22:52:24","modified_gmt":"2026-04-02T19:52:24","slug":"yildiz-detayli-okside-gumus-ve-altin-kelepce-bileklik","status":"publish","type":"product","link":"https:\/\/www.gasia.com.tr\/en\/collections\/yildiz-detayli-okside-gumus-ve-altin-kelepce-bileklik\/","title":{"rendered":"Y\u0131ld\u0131z Detayl\u0131 Okside G\u00fcm\u00fc\u015f ve Alt\u0131n Kelep\u00e7e Bileklik"},"content":{"rendered":"<p>Y\u0131ld\u0131z detaylar\u0131yla \u00f6ne \u00e7\u0131kan bu kelep\u00e7e bileklik, g\u00fc\u00e7l\u00fc ve karakterli bir stil sunar. Okside g\u00fcm\u00fc\u015f y\u00fczeyi \u00fczerine yerle\u015ftirilen alt\u0131n dokunu\u015flar, tasar\u0131ma dikkat \u00e7ekici bir kontrast kazand\u0131r\u0131r. Y\u00fczeydeki dokulu form ve y\u0131ld\u0131z motifleri bilek \u00fczerinde net ve \u00f6zg\u00fcn bir duru\u015f yarat\u0131r. G\u00fcnl\u00fck stiline farkl\u0131 bir hava katarken, kombinlerini tamamlayan iddial\u0131 bir aksesuar olarak \u00f6ne \u00e7\u0131kar. Kendine has tasar\u0131mlardan ho\u015flananlar i\u00e7in g\u00fc\u00e7l\u00fc bir se\u00e7imdir.<\/p>","protected":false},"excerpt":{"rendered":"<p>Y\u0131ld\u0131z detaylar\u0131yla \u00f6ne \u00e7\u0131kan bu kelep\u00e7e bileklik, g\u00fc\u00e7l\u00fc ve karakterli bir stil sunar. Okside g\u00fcm\u00fc\u015f y\u00fczeyi \u00fczerine yerle\u015ftirilen alt\u0131n dokunu\u015flar,<\/p>","protected":false},"featured_media":41320,"comment_status":"open","ping_status":"closed","template":"","meta":[],"product_brand":[2957],"product_cat":[255],"product_tag":[2991,1027,2984,2967,2420,420,2437,512,543,2985,2235,1037,3004,2223,2188,365,2419,620,2986,363,622,2195,2992,2197,2430,2210,3006,2994,2993,3005,366,3003,1804,1805,2250,364,2987,1857,2249,2236,2424,1803,3002,1083],"class_list":{"0":"post-30446","1":"product","2":"type-product","3":"status-publish","4":"has-post-thumbnail","6":"product_brand-gasia-for-man","7":"product_cat-altin-gumus-bileklikler","8":"product_tag-acik-bileklik","9":"product_tag-altin-detayli-bileklik","10":"product_tag-boutique-jewelry","11":"product_tag-butik-taki","12":"product_tag-cuff-bracelet","13":"product_tag-designer-bracelet","14":"product_tag-el-yapimi-bileklik","15":"product_tag-elegant-bracelet","16":"product_tag-erkek-bileklik","17":"product_tag-everyday-bracelet","18":"product_tag-fashion-bracelet","19":"product_tag-gold-detail-bracelet","20":"product_tag-gumus-altin-bileklik","21":"product_tag-gunluk-bileklik","22":"product_tag-handmade-bracelet","23":"product_tag-kadin-bileklik","24":"product_tag-kelepce-bileklik","25":"product_tag-men-bracelet","26":"product_tag-moda-bileklik","27":"product_tag-modern-bileklik","28":"product_tag-modern-bracelet","29":"product_tag-okside-gumus-bileklik","30":"product_tag-open-cuff-bracelet","31":"product_tag-oxidized-silver-bracelet","32":"product_tag-ozgun-tasarim-bileklik","33":"product_tag-premium-bileklik","34":"product_tag-premium-bracel","35":"product_tag-rigid-bracelet","36":"product_tag-sert-bileklik","37":"product_tag-silver-gold-bracelet","38":"product_tag-sik-bileklik","39":"product_tag-star-bracelet","40":"product_tag-statement-bileklik","41":"product_tag-statement-bracelet","42":"product_tag-stylish-bracelet","43":"product_tag-tasarim-bileklik","44":"product_tag-trend-taki","45":"product_tag-trendy-jewelry","46":"product_tag-unique-bracelet","47":"product_tag-unisex-bileklik","48":"product_tag-unisex-bracelet","49":"product_tag-women-bracelet","50":"product_tag-yildiz-bileklik","51":"product_tag-zarif-bileklik","52":"pa_cinsiyet-erkek","54":"first","55":"instock","56":"shipping-taxable","57":"purchasable","58":"product-type-simple"},"_links":{"self":[{"href":"https:\/\/www.gasia.com.tr\/en\/wp-json\/wp\/v2\/product\/30446","targetHints":{"allow":["GET"]}}],"collection":[{"href":"https:\/\/www.gasia.com.tr\/en\/wp-json\/wp\/v2\/product"}],"about":[{"href":"https:\/\/www.gasia.com.tr\/en\/wp-json\/wp\/v2\/types\/product"}],"replies":[{"embeddable":true,"href":"https:\/\/www.gasia.com.tr\/en\/wp-json\/wp\/v2\/comments?post=30446"}],"version-history":[{"count":2,"href":"https:\/\/www.gasia.com.tr\/en\/wp-json\/wp\/v2\/product\/30446\/revisions"}],"predecessor-version":[{"id":41322,"href":"https:\/\/www.gasia.com.tr\/en\/wp-json\/wp\/v2\/product\/30446\/revisions\/41322"}],"wp:featuredmedia":[{"embeddable":true,"href":"https:\/\/www.gasia.com.tr\/en\/wp-json\/wp\/v2\/media\/41320"}],"wp:attachment":[{"href":"https:\/\/www.gasia.com.tr\/en\/wp-json\/wp\/v2\/media?parent=30446"}],"wp:term":[{"taxonomy":"product_brand","embeddable":true,"href":"https:\/\/www.gasia.com.tr\/en\/wp-json\/wp\/v2\/product_brand?post=30446"},{"taxonomy":"product_cat","embeddable":true,"href":"https:\/\/www.gasia.com.tr\/en\/wp-json\/wp\/v2\/product_cat?post=30446"},{"taxonomy":"product_tag","embeddable":true,"href":"https:\/\/www.gasia.com.tr\/en\/wp-json\/wp\/v2\/product_tag?post=30446"}],"curies":[{"name":"wp","href":"https:\/\/api.w.org\/{rel}","templated":true}]}}