{"id":30453,"date":"2025-09-25T17:55:53","date_gmt":"2025-09-25T14:55:53","guid":{"rendered":"https:\/\/www.gasia.com.tr\/tr\/?post_type=product&#038;p=30453"},"modified":"2026-04-02T23:00:29","modified_gmt":"2026-04-02T20:00:29","slug":"kuru-kafa-detayli-okside-gumus-kelepce-bileklik","status":"publish","type":"product","link":"https:\/\/www.gasia.com.tr\/en\/collections\/kuru-kafa-detayli-okside-gumus-kelepce-bileklik\/","title":{"rendered":"Kuru Kafa Detayl\u0131 Okside G\u00fcm\u00fc\u015f Kelep\u00e7e Bileklik"},"content":{"rendered":"<p>Kuru kafa motifleriyle tasarlanan bu kelep\u00e7e bileklik, g\u00fc\u00e7l\u00fc ve asi bir stilin en dikkat \u00e7ekici tamamlay\u0131c\u0131lar\u0131ndan biridir. Okside g\u00fcm\u00fc\u015f y\u00fczeyi, detayl\u0131 i\u015f\u00e7ilikle birle\u015ferek tasar\u0131ma derinlik ve karakter kazand\u0131r\u0131r. Tekrarlayan kuru kafa formu, bilek \u00fczerinde net ve iddial\u0131 bir g\u00f6r\u00fcn\u00fcm olu\u015fturur. G\u00fcnl\u00fck stiline farkl\u0131 bir hava katmak isteyenler i\u00e7in \u00f6ne \u00e7\u0131kan bu par\u00e7a, sade kombinleri bile g\u00fc\u00e7l\u00fc bir ifadeye d\u00f6n\u00fc\u015ft\u00fcr\u00fcr. Kendine \u00f6zg\u00fc ve dikkat \u00e7ekici aksesuarlar arayanlar i\u00e7in ideal bir se\u00e7imdir.<\/p>","protected":false},"excerpt":{"rendered":"<p>Kuru kafa motifleriyle tasarlanan bu kelep\u00e7e bileklik, g\u00fc\u00e7l\u00fc ve asi bir stilin en dikkat \u00e7ekici tamamlay\u0131c\u0131lar\u0131ndan biridir. Okside g\u00fcm\u00fc\u015f y\u00fczeyi,<\/p>","protected":false},"featured_media":41327,"comment_status":"open","ping_status":"closed","template":"","meta":[],"product_brand":[2957],"product_cat":[255],"product_tag":[2991,3013,3011,3012,2984,2967,2420,420,3014,2437,543,2985,2235,2223,2188,365,2419,2201,620,3015,3016,2986,363,622,2195,2992,2197,2430,2994,3009,3010,2993,2204,1804,1805,364,2987,1857,2249,2236,2424,1803],"class_list":{"0":"post-30453","1":"product","2":"type-product","3":"status-publish","4":"has-post-thumbnail","6":"product_brand-gasia-for-man","7":"product_cat-altin-gumus-bileklikler","8":"product_tag-acik-bileklik","9":"product_tag-asi-stil-bileklik","10":"product_tag-biker-bileklik","11":"product_tag-biker-bracelet","12":"product_tag-boutique-jewelry","13":"product_tag-butik-taki","14":"product_tag-cuff-bracelet","15":"product_tag-designer-bracelet","16":"product_tag-edgy-bracelet","17":"product_tag-el-yapimi-bileklik","18":"product_tag-erkek-bileklik","19":"product_tag-everyday-bracelet","20":"product_tag-fashion-bracelet","21":"product_tag-gunluk-bileklik","22":"product_tag-handmade-bracelet","23":"product_tag-kadin-bileklik","24":"product_tag-kelepce-bileklik","25":"product_tag-kuru-kafa-bileklik","26":"product_tag-men-bracelet","27":"product_tag-metal-bileklik","28":"product_tag-metal-bracelet","29":"product_tag-moda-bileklik","30":"product_tag-modern-bileklik","31":"product_tag-modern-bracelet","32":"product_tag-okside-gumus-bileklik","33":"product_tag-open-cuff-bracelet","34":"product_tag-oxidized-silver-bracelet","35":"product_tag-ozgun-tasarim-bileklik","36":"product_tag-rigid-bracelet","37":"product_tag-rock-style-bracelet","38":"product_tag-rock-tarz-bileklik","39":"product_tag-sert-bileklik","40":"product_tag-skull-bracelet","41":"product_tag-statement-bileklik","42":"product_tag-statement-bracelet","43":"product_tag-tasarim-bileklik","44":"product_tag-trend-taki","45":"product_tag-trendy-jewelry","46":"product_tag-unique-bracelet","47":"product_tag-unisex-bileklik","48":"product_tag-unisex-bracelet","49":"product_tag-women-bracelet","50":"pa_cinsiyet-erkek","52":"first","53":"instock","54":"shipping-taxable","55":"purchasable","56":"product-type-simple"},"_links":{"self":[{"href":"https:\/\/www.gasia.com.tr\/en\/wp-json\/wp\/v2\/product\/30453","targetHints":{"allow":["GET"]}}],"collection":[{"href":"https:\/\/www.gasia.com.tr\/en\/wp-json\/wp\/v2\/product"}],"about":[{"href":"https:\/\/www.gasia.com.tr\/en\/wp-json\/wp\/v2\/types\/product"}],"replies":[{"embeddable":true,"href":"https:\/\/www.gasia.com.tr\/en\/wp-json\/wp\/v2\/comments?post=30453"}],"version-history":[{"count":2,"href":"https:\/\/www.gasia.com.tr\/en\/wp-json\/wp\/v2\/product\/30453\/revisions"}],"predecessor-version":[{"id":41328,"href":"https:\/\/www.gasia.com.tr\/en\/wp-json\/wp\/v2\/product\/30453\/revisions\/41328"}],"wp:featuredmedia":[{"embeddable":true,"href":"https:\/\/www.gasia.com.tr\/en\/wp-json\/wp\/v2\/media\/41327"}],"wp:attachment":[{"href":"https:\/\/www.gasia.com.tr\/en\/wp-json\/wp\/v2\/media?parent=30453"}],"wp:term":[{"taxonomy":"product_brand","embeddable":true,"href":"https:\/\/www.gasia.com.tr\/en\/wp-json\/wp\/v2\/product_brand?post=30453"},{"taxonomy":"product_cat","embeddable":true,"href":"https:\/\/www.gasia.com.tr\/en\/wp-json\/wp\/v2\/product_cat?post=30453"},{"taxonomy":"product_tag","embeddable":true,"href":"https:\/\/www.gasia.com.tr\/en\/wp-json\/wp\/v2\/product_tag?post=30453"}],"curies":[{"name":"wp","href":"https:\/\/api.w.org\/{rel}","templated":true}]}}