{"id":30473,"date":"2025-09-26T16:16:33","date_gmt":"2025-09-26T13:16:33","guid":{"rendered":"https:\/\/www.gasia.com.tr\/tr\/?post_type=product&#038;p=30473"},"modified":"2026-03-11T10:01:58","modified_gmt":"2026-03-11T07:01:58","slug":"opal-tasli-uzun-sallantili-kupe","status":"publish","type":"product","link":"https:\/\/www.gasia.com.tr\/en\/collections\/opal-tasli-uzun-sallantili-kupe\/","title":{"rendered":"Opal Ta\u015fl\u0131 Uzun Sallant\u0131l\u0131 K\u00fcpe"},"content":{"rendered":"<p>I\u015f\u0131lt\u0131l\u0131 opal ta\u015f ve ta\u015f \u00e7er\u00e7eve detayl\u0131 uzun sallant\u0131l\u0131 k\u00fcpe. Zarif ve dikkat \u00e7ekici tasar\u0131m\u0131yla \u015f\u0131k bir m\u00fccevher.<\/p>","protected":false},"excerpt":{"rendered":"<p>I\u015f\u0131lt\u0131l\u0131 opal ta\u015f ve ta\u015f \u00e7er\u00e7eve detayl\u0131 uzun sallant\u0131l\u0131 k\u00fcpe. Zarif ve dikkat \u00e7ekici tasar\u0131m\u0131yla \u015f\u0131k bir m\u00fccevher.<\/p>","protected":false},"featured_media":39312,"comment_status":"open","ping_status":"closed","template":"","meta":[],"product_brand":[],"product_cat":[264],"product_tag":[873,878,877,395,875,879,872,871,870,874,867,876,868,375,815,813,869],"class_list":{"0":"post-30473","1":"product","2":"type-product","3":"status-publish","4":"has-post-thumbnail","6":"product_cat-gasia-1974-koleksiyonu","7":"product_tag-blue-opal-earrings","8":"product_tag-designer-opal-earrings","9":"product_tag-diamond-halo-opal-earrings","10":"product_tag-kadin-kupe","11":"product_tag-long-opal-earrings","12":"product_tag-luxury-opal-earrings","13":"product_tag-opal-dangle-earrings","14":"product_tag-opal-drop-earrings","15":"product_tag-opal-earrings","16":"product_tag-opal-gemstone-earrings","17":"product_tag-opal-kupe","18":"product_tag-opal-statement-earrings","19":"product_tag-opal-tasli-kupe","20":"product_tag-sik-kupe","21":"product_tag-tasarim-kupe","22":"product_tag-tasli-kupe","23":"product_tag-uzun-sallantili-kupe","24":"pa_cinsiyet-kadin","26":"first","27":"onbackorder","28":"shipping-taxable","29":"product-type-simple"},"_links":{"self":[{"href":"https:\/\/www.gasia.com.tr\/en\/wp-json\/wp\/v2\/product\/30473","targetHints":{"allow":["GET"]}}],"collection":[{"href":"https:\/\/www.gasia.com.tr\/en\/wp-json\/wp\/v2\/product"}],"about":[{"href":"https:\/\/www.gasia.com.tr\/en\/wp-json\/wp\/v2\/types\/product"}],"replies":[{"embeddable":true,"href":"https:\/\/www.gasia.com.tr\/en\/wp-json\/wp\/v2\/comments?post=30473"}],"version-history":[{"count":2,"href":"https:\/\/www.gasia.com.tr\/en\/wp-json\/wp\/v2\/product\/30473\/revisions"}],"predecessor-version":[{"id":39313,"href":"https:\/\/www.gasia.com.tr\/en\/wp-json\/wp\/v2\/product\/30473\/revisions\/39313"}],"wp:featuredmedia":[{"embeddable":true,"href":"https:\/\/www.gasia.com.tr\/en\/wp-json\/wp\/v2\/media\/39312"}],"wp:attachment":[{"href":"https:\/\/www.gasia.com.tr\/en\/wp-json\/wp\/v2\/media?parent=30473"}],"wp:term":[{"taxonomy":"product_brand","embeddable":true,"href":"https:\/\/www.gasia.com.tr\/en\/wp-json\/wp\/v2\/product_brand?post=30473"},{"taxonomy":"product_cat","embeddable":true,"href":"https:\/\/www.gasia.com.tr\/en\/wp-json\/wp\/v2\/product_cat?post=30473"},{"taxonomy":"product_tag","embeddable":true,"href":"https:\/\/www.gasia.com.tr\/en\/wp-json\/wp\/v2\/product_tag?post=30473"}],"curies":[{"name":"wp","href":"https:\/\/api.w.org\/{rel}","templated":true}]}}