{"id":30520,"date":"2025-09-26T23:11:08","date_gmt":"2025-09-26T20:11:08","guid":{"rendered":"https:\/\/www.gasia.com.tr\/?post_type=product&#038;p=30520"},"modified":"2026-02-12T11:12:22","modified_gmt":"2026-02-12T08:12:22","slug":"draft-product-13","status":"publish","type":"product","link":"https:\/\/www.gasia.com.tr\/en\/collections\/draft-product-13\/","title":{"rendered":"Lapis ve firuze p\u0131rlantal\u0131 y\u00fcz\u00fck"},"content":{"rendered":"","protected":false},"excerpt":{"rendered":"<ul>\n<li>14 Ayar 585 Alt\u0131n<\/li>\n<li>0,39 ct P\u0131rlanta<\/li>\n<li>19,92 ct Lapis Lazuli ve Firuze<\/li>\n<\/ul>","protected":false},"featured_media":37976,"comment_status":"open","ping_status":"closed","template":"","meta":[],"product_brand":[],"product_cat":[242,76],"product_tag":[],"class_list":{"0":"post-30520","1":"product","2":"type-product","3":"status-publish","4":"has-post-thumbnail","6":"product_cat-retro-mucevher-koleksiyonu","7":"product_cat-yuzuk-modelleri","8":"pa_cinsiyet-kadin","10":"first","11":"instock","12":"shipping-taxable","13":"product-type-simple"},"_links":{"self":[{"href":"https:\/\/www.gasia.com.tr\/en\/wp-json\/wp\/v2\/product\/30520","targetHints":{"allow":["GET"]}}],"collection":[{"href":"https:\/\/www.gasia.com.tr\/en\/wp-json\/wp\/v2\/product"}],"about":[{"href":"https:\/\/www.gasia.com.tr\/en\/wp-json\/wp\/v2\/types\/product"}],"replies":[{"embeddable":true,"href":"https:\/\/www.gasia.com.tr\/en\/wp-json\/wp\/v2\/comments?post=30520"}],"version-history":[{"count":2,"href":"https:\/\/www.gasia.com.tr\/en\/wp-json\/wp\/v2\/product\/30520\/revisions"}],"predecessor-version":[{"id":36839,"href":"https:\/\/www.gasia.com.tr\/en\/wp-json\/wp\/v2\/product\/30520\/revisions\/36839"}],"wp:featuredmedia":[{"embeddable":true,"href":"https:\/\/www.gasia.com.tr\/en\/wp-json\/wp\/v2\/media\/37976"}],"wp:attachment":[{"href":"https:\/\/www.gasia.com.tr\/en\/wp-json\/wp\/v2\/media?parent=30520"}],"wp:term":[{"taxonomy":"product_brand","embeddable":true,"href":"https:\/\/www.gasia.com.tr\/en\/wp-json\/wp\/v2\/product_brand?post=30520"},{"taxonomy":"product_cat","embeddable":true,"href":"https:\/\/www.gasia.com.tr\/en\/wp-json\/wp\/v2\/product_cat?post=30520"},{"taxonomy":"product_tag","embeddable":true,"href":"https:\/\/www.gasia.com.tr\/en\/wp-json\/wp\/v2\/product_tag?post=30520"}],"curies":[{"name":"wp","href":"https:\/\/api.w.org\/{rel}","templated":true}]}}