{"id":30528,"date":"2025-09-26T23:12:46","date_gmt":"2025-09-26T20:12:46","guid":{"rendered":"https:\/\/www.gasia.com.tr\/?post_type=product&#038;p=30528"},"modified":"2026-02-12T11:12:22","modified_gmt":"2026-02-12T08:12:22","slug":"malakit-ve-pirlanta-yuzuk-2","status":"publish","type":"product","link":"https:\/\/www.gasia.com.tr\/en\/collections\/malakit-ve-pirlanta-yuzuk-2\/","title":{"rendered":"Malakit ve p\u0131rlanta y\u00fcz\u00fck"},"content":{"rendered":"","protected":false},"excerpt":{"rendered":"<ul>\n<li>\n<p>14 Ayar 585 Alt\u0131n<\/p>\n<\/li>\n<li>\n<p>0,56 ct P\u0131rlanta<\/p>\n<\/li>\n<li>\n<p>7,28 ct Malakit<\/p>\n<\/li>\n<\/ul>","protected":false},"featured_media":37984,"comment_status":"open","ping_status":"closed","template":"","meta":[],"product_brand":[],"product_cat":[242,76],"product_tag":[],"class_list":{"0":"post-30528","1":"product","2":"type-product","3":"status-publish","4":"has-post-thumbnail","6":"product_cat-retro-mucevher-koleksiyonu","7":"product_cat-yuzuk-modelleri","8":"pa_cinsiyet-kadin","10":"first","11":"instock","12":"shipping-taxable","13":"purchasable","14":"product-type-simple"},"_links":{"self":[{"href":"https:\/\/www.gasia.com.tr\/en\/wp-json\/wp\/v2\/product\/30528","targetHints":{"allow":["GET"]}}],"collection":[{"href":"https:\/\/www.gasia.com.tr\/en\/wp-json\/wp\/v2\/product"}],"about":[{"href":"https:\/\/www.gasia.com.tr\/en\/wp-json\/wp\/v2\/types\/product"}],"replies":[{"embeddable":true,"href":"https:\/\/www.gasia.com.tr\/en\/wp-json\/wp\/v2\/comments?post=30528"}],"version-history":[{"count":2,"href":"https:\/\/www.gasia.com.tr\/en\/wp-json\/wp\/v2\/product\/30528\/revisions"}],"predecessor-version":[{"id":34278,"href":"https:\/\/www.gasia.com.tr\/en\/wp-json\/wp\/v2\/product\/30528\/revisions\/34278"}],"wp:featuredmedia":[{"embeddable":true,"href":"https:\/\/www.gasia.com.tr\/en\/wp-json\/wp\/v2\/media\/37984"}],"wp:attachment":[{"href":"https:\/\/www.gasia.com.tr\/en\/wp-json\/wp\/v2\/media?parent=30528"}],"wp:term":[{"taxonomy":"product_brand","embeddable":true,"href":"https:\/\/www.gasia.com.tr\/en\/wp-json\/wp\/v2\/product_brand?post=30528"},{"taxonomy":"product_cat","embeddable":true,"href":"https:\/\/www.gasia.com.tr\/en\/wp-json\/wp\/v2\/product_cat?post=30528"},{"taxonomy":"product_tag","embeddable":true,"href":"https:\/\/www.gasia.com.tr\/en\/wp-json\/wp\/v2\/product_tag?post=30528"}],"curies":[{"name":"wp","href":"https:\/\/api.w.org\/{rel}","templated":true}]}}