{"id":30538,"date":"2025-12-10T00:00:00","date_gmt":"2025-12-09T21:00:00","guid":{"rendered":"https:\/\/www.gasia.com.tr\/?post_type=product&#038;p=30538"},"modified":"2026-03-30T22:27:21","modified_gmt":"2026-03-30T19:27:21","slug":"lapis-lazuli-ve-firuze-tasli-pirlantali-kupe","status":"publish","type":"product","link":"https:\/\/www.gasia.com.tr\/en\/collections\/lapis-lazuli-ve-firuze-tasli-pirlantali-kupe\/","title":{"rendered":"Lapis Lazuli ve Firuze ta\u015fl\u0131 p\u0131rlantal\u0131 k\u00fcpe"},"content":{"rendered":"<p data-start=\"110\" data-end=\"351\">Derin lacivert tonlu lapis ve canl\u0131 firuze ta\u015f\u0131n enerjisi, bu \u00f6zel tasar\u0131m k\u00fcpede alt\u0131n ve p\u0131rlanta detaylarla bulu\u015fuyor. Kontrast renklerin uyumu sayesinde dikkat \u00e7ekici ve \u00f6zg\u00fcn bir g\u00f6r\u00fcn\u00fcm sunan bu par\u00e7a, g\u00fc\u00e7l\u00fc bir stil ifadesi yarat\u0131r.<\/p>\n<p data-start=\"353\" data-end=\"651\">Alt\u0131n detaylar ve ta\u015flarla s\u00fcslenmi\u015f y\u00fczey, tasar\u0131ma zarif bir \u0131\u015f\u0131lt\u0131 katarken lapis ve firuze ta\u015flar\u0131n do\u011fal dokusu k\u00fcpeye karakter kazand\u0131r\u0131r. G\u00fcnl\u00fck kullan\u0131mdan \u00f6zel davetlere kadar stilini \u00f6ne \u00e7\u0131karmak isteyenler i\u00e7in ideal olan bu k\u00fcpe, farkl\u0131 ve iddial\u0131 tasar\u0131mlar\u0131 sevenler i\u00e7in \u00f6ne \u00e7\u0131kar.<\/p>","protected":false},"excerpt":{"rendered":"<ul>\n<li>14 Ayar 585 Alt\u0131n<\/li>\n<li>1,14 ct P\u0131rlanta<\/li>\n<li>33,38 ct Lapis Lazuli-Firuze<\/li>\n<\/ul>","protected":false},"featured_media":41139,"comment_status":"open","ping_status":"closed","template":"","meta":[],"product_brand":[],"product_cat":[74,242],"product_tag":[1713,2780,1574,1715,2918,1594,1714,395,2919,2917,2369,2368,374,1958,403,815,813,842,847,2379],"class_list":{"0":"post-30538","1":"product","2":"type-product","3":"status-publish","4":"has-post-thumbnail","6":"product_cat-kupe-modelleri","7":"product_cat-retro-mucevher-koleksiyonu","8":"product_tag-altin-kupe","9":"product_tag-colorful-jewelry","10":"product_tag-designer-earrings","11":"product_tag-diamond-earrings","12":"product_tag-firuze-kupe","13":"product_tag-gemstone-earrings","14":"product_tag-gold-earrings","15":"product_tag-kadin-kupe","16":"product_tag-lapis-earrings","17":"product_tag-lapis-kupe","18":"product_tag-lapis-lazuli-earrings","19":"product_tag-lapis-lazuli-kupe","20":"product_tag-pirlanta-kupe","21":"product_tag-renkli-kupe","22":"product_tag-statement-earrings","23":"product_tag-tasarim-kupe","24":"product_tag-tasli-kupe","25":"product_tag-turkuaz-kupe","26":"product_tag-turquoise-earrings","27":"product_tag-unique-jewelry","28":"pa_cinsiyet-kadin","30":"first","31":"instock","32":"shipping-taxable","33":"purchasable","34":"product-type-simple"},"_links":{"self":[{"href":"https:\/\/www.gasia.com.tr\/en\/wp-json\/wp\/v2\/product\/30538","targetHints":{"allow":["GET"]}}],"collection":[{"href":"https:\/\/www.gasia.com.tr\/en\/wp-json\/wp\/v2\/product"}],"about":[{"href":"https:\/\/www.gasia.com.tr\/en\/wp-json\/wp\/v2\/types\/product"}],"replies":[{"embeddable":true,"href":"https:\/\/www.gasia.com.tr\/en\/wp-json\/wp\/v2\/comments?post=30538"}],"version-history":[{"count":2,"href":"https:\/\/www.gasia.com.tr\/en\/wp-json\/wp\/v2\/product\/30538\/revisions"}],"predecessor-version":[{"id":41131,"href":"https:\/\/www.gasia.com.tr\/en\/wp-json\/wp\/v2\/product\/30538\/revisions\/41131"}],"wp:featuredmedia":[{"embeddable":true,"href":"https:\/\/www.gasia.com.tr\/en\/wp-json\/wp\/v2\/media\/41139"}],"wp:attachment":[{"href":"https:\/\/www.gasia.com.tr\/en\/wp-json\/wp\/v2\/media?parent=30538"}],"wp:term":[{"taxonomy":"product_brand","embeddable":true,"href":"https:\/\/www.gasia.com.tr\/en\/wp-json\/wp\/v2\/product_brand?post=30538"},{"taxonomy":"product_cat","embeddable":true,"href":"https:\/\/www.gasia.com.tr\/en\/wp-json\/wp\/v2\/product_cat?post=30538"},{"taxonomy":"product_tag","embeddable":true,"href":"https:\/\/www.gasia.com.tr\/en\/wp-json\/wp\/v2\/product_tag?post=30538"}],"curies":[{"name":"wp","href":"https:\/\/api.w.org\/{rel}","templated":true}]}}