{"id":30702,"date":"2025-09-29T16:51:52","date_gmt":"2025-09-29T13:51:52","guid":{"rendered":"https:\/\/www.gasia.com.tr\/tr\/?post_type=product&#038;p=30702"},"modified":"2026-01-10T20:07:20","modified_gmt":"2026-01-10T17:07:20","slug":"taslak-urun-4","status":"publish","type":"product","link":"https:\/\/www.gasia.com.tr\/en\/collections\/taslak-urun-4\/","title":{"rendered":"K\u0131rm\u0131z\u0131 mineli y\u00fcz\u00fck"},"content":{"rendered":"","protected":false},"excerpt":{"rendered":"","protected":false},"featured_media":36837,"comment_status":"open","ping_status":"closed","template":"","meta":[],"product_brand":[],"product_cat":[264,242],"product_tag":[],"class_list":{"0":"post-30702","1":"product","2":"type-product","3":"status-publish","4":"has-post-thumbnail","6":"product_cat-gasia-1974-koleksiyonu","7":"product_cat-retro-mucevher-koleksiyonu","8":"pa_cinsiyet-kadin","10":"first","11":"onbackorder","12":"shipping-taxable","13":"product-type-simple"},"_links":{"self":[{"href":"https:\/\/www.gasia.com.tr\/en\/wp-json\/wp\/v2\/product\/30702","targetHints":{"allow":["GET"]}}],"collection":[{"href":"https:\/\/www.gasia.com.tr\/en\/wp-json\/wp\/v2\/product"}],"about":[{"href":"https:\/\/www.gasia.com.tr\/en\/wp-json\/wp\/v2\/types\/product"}],"replies":[{"embeddable":true,"href":"https:\/\/www.gasia.com.tr\/en\/wp-json\/wp\/v2\/comments?post=30702"}],"version-history":[{"count":2,"href":"https:\/\/www.gasia.com.tr\/en\/wp-json\/wp\/v2\/product\/30702\/revisions"}],"predecessor-version":[{"id":36835,"href":"https:\/\/www.gasia.com.tr\/en\/wp-json\/wp\/v2\/product\/30702\/revisions\/36835"}],"wp:featuredmedia":[{"embeddable":true,"href":"https:\/\/www.gasia.com.tr\/en\/wp-json\/wp\/v2\/media\/36837"}],"wp:attachment":[{"href":"https:\/\/www.gasia.com.tr\/en\/wp-json\/wp\/v2\/media?parent=30702"}],"wp:term":[{"taxonomy":"product_brand","embeddable":true,"href":"https:\/\/www.gasia.com.tr\/en\/wp-json\/wp\/v2\/product_brand?post=30702"},{"taxonomy":"product_cat","embeddable":true,"href":"https:\/\/www.gasia.com.tr\/en\/wp-json\/wp\/v2\/product_cat?post=30702"},{"taxonomy":"product_tag","embeddable":true,"href":"https:\/\/www.gasia.com.tr\/en\/wp-json\/wp\/v2\/product_tag?post=30702"}],"curies":[{"name":"wp","href":"https:\/\/api.w.org\/{rel}","templated":true}]}}