{"id":30718,"date":"2025-09-29T17:08:38","date_gmt":"2025-09-29T14:08:38","guid":{"rendered":"https:\/\/www.gasia.com.tr\/tr\/?post_type=product&#038;p=30718"},"modified":"2026-05-03T21:13:37","modified_gmt":"2026-05-03T18:13:37","slug":"buyutec-kolye-sari-pirlanta-detayli","status":"publish","type":"product","link":"https:\/\/www.gasia.com.tr\/en\/collections\/buyutec-kolye-sari-pirlanta-detayli\/","title":{"rendered":"B\u00fcy\u00fcte\u00e7 Kolye \u2013 Sar\u0131 P\u0131rlanta Detayl\u0131 G\u00fcl A\u011fac\u0131 ve Okside G\u00fcm\u00fc\u015f Tasar\u0131m"},"content":{"rendered":"<p>\u00d6zg\u00fcn materyallerin uyumuyla tasarlanan bu b\u00fcy\u00fcte\u00e7 kolye, g\u00fcl a\u011fac\u0131n\u0131n do\u011fal dokusunu sar\u0131 p\u0131rlanta detaylarla bulu\u015fturur. Okside g\u00fcm\u00fc\u015f \u00e7er\u00e7eve, tasar\u0131ma g\u00fc\u00e7l\u00fc bir kontrast kazand\u0131r\u0131rken, \u00fcst b\u00f6l\u00fcmde yer alan ah\u015fap detay kolyeye s\u0131cak ve karakteristik bir g\u00f6r\u00fcn\u00fcm verir. Alt k\u0131s\u0131mda bulunan b\u00fcy\u00fcte\u00e7 formu, hem estetik hem de i\u015flevsel bir kullan\u0131m sunar. Sar\u0131 p\u0131rlantalar\u0131n \u0131\u015f\u0131\u011f\u0131 yans\u0131tan yap\u0131s\u0131, tasar\u0131ma zarif bir \u0131\u015f\u0131lt\u0131 katarken, genel form g\u00fcnl\u00fck kullan\u0131mda dikkat \u00e7ekici ve farkl\u0131 bir stil olu\u015fturur.<\/p>","protected":false},"excerpt":{"rendered":"<p>\u00d6zg\u00fcn materyallerin uyumuyla tasarlanan bu b\u00fcy\u00fcte\u00e7 kolye, g\u00fcl a\u011fac\u0131n\u0131n do\u011fal dokusunu sar\u0131 p\u0131rlanta detaylarla bulu\u015fturur. Okside g\u00fcm\u00fc\u015f \u00e7er\u00e7eve, tasar\u0131ma g\u00fc\u00e7l\u00fc<\/p>","protected":false},"featured_media":43324,"comment_status":"open","ping_status":"closed","template":"","meta":[],"product_brand":[77],"product_cat":[264],"product_tag":[3935,405,3933,633,294,3931,1703,3934,3474,490,276,3932,1363,489,274,2073,1702,3936,1370],"class_list":{"0":"post-30718","1":"product","2":"type-product","3":"status-publish","4":"has-post-thumbnail","6":"product_brand-gasia","7":"product_cat-gasia-1974-koleksiyonu","8":"product_tag-ahsap-detayli-kolye","9":"product_tag-artisan-jewelry","10":"product_tag-buyutec-kolye","11":"product_tag-designer-necklace","12":"product_tag-diamond-necklace","13":"product_tag-gul-agaci-kolye","14":"product_tag-long-necklace","15":"product_tag-magnifying-glass-necklace","16":"product_tag-oksitli-gumus-kolye","17":"product_tag-oxidized-silver-necklace","18":"product_tag-pirlanta-kolye","19":"product_tag-rosewood-necklace","20":"product_tag-sari-pirlanta-kolye","21":"product_tag-statement-necklace","22":"product_tag-tasarim-kolye","23":"product_tag-unique-necklace","24":"product_tag-uzun-kolye","25":"product_tag-wooden-detail-necklace","26":"product_tag-yellow-diamond-necklace","27":"pa_cinsiyet-kadin","29":"first","30":"onbackorder","31":"shipping-taxable","32":"product-type-simple"},"_links":{"self":[{"href":"https:\/\/www.gasia.com.tr\/en\/wp-json\/wp\/v2\/product\/30718","targetHints":{"allow":["GET"]}}],"collection":[{"href":"https:\/\/www.gasia.com.tr\/en\/wp-json\/wp\/v2\/product"}],"about":[{"href":"https:\/\/www.gasia.com.tr\/en\/wp-json\/wp\/v2\/types\/product"}],"replies":[{"embeddable":true,"href":"https:\/\/www.gasia.com.tr\/en\/wp-json\/wp\/v2\/comments?post=30718"}],"version-history":[{"count":4,"href":"https:\/\/www.gasia.com.tr\/en\/wp-json\/wp\/v2\/product\/30718\/revisions"}],"predecessor-version":[{"id":43326,"href":"https:\/\/www.gasia.com.tr\/en\/wp-json\/wp\/v2\/product\/30718\/revisions\/43326"}],"wp:featuredmedia":[{"embeddable":true,"href":"https:\/\/www.gasia.com.tr\/en\/wp-json\/wp\/v2\/media\/43324"}],"wp:attachment":[{"href":"https:\/\/www.gasia.com.tr\/en\/wp-json\/wp\/v2\/media?parent=30718"}],"wp:term":[{"taxonomy":"product_brand","embeddable":true,"href":"https:\/\/www.gasia.com.tr\/en\/wp-json\/wp\/v2\/product_brand?post=30718"},{"taxonomy":"product_cat","embeddable":true,"href":"https:\/\/www.gasia.com.tr\/en\/wp-json\/wp\/v2\/product_cat?post=30718"},{"taxonomy":"product_tag","embeddable":true,"href":"https:\/\/www.gasia.com.tr\/en\/wp-json\/wp\/v2\/product_tag?post=30718"}],"curies":[{"name":"wp","href":"https:\/\/api.w.org\/{rel}","templated":true}]}}