{"id":30722,"date":"2026-01-31T00:00:00","date_gmt":"2026-01-30T21:00:00","guid":{"rendered":"https:\/\/www.gasia.com.tr\/tr\/?post_type=product&#038;p=30722"},"modified":"2026-03-26T18:02:22","modified_gmt":"2026-03-26T15:02:22","slug":"pirlanta-tasli-kus-figurlu-altin-kolye-2","status":"publish","type":"product","link":"https:\/\/www.gasia.com.tr\/en\/collections\/pirlanta-tasli-kus-figurlu-altin-kolye-2\/","title":{"rendered":"P\u0131rlanta Ta\u015fl\u0131 Ku\u015f Fig\u00fcrl\u00fc Alt\u0131n Kolye"},"content":{"rendered":"<p data-start=\"84\" data-end=\"428\">U\u00e7u\u015f halindeki ku\u015f fig\u00fcr\u00fcnden ilham alan bu kolye, \u00f6zg\u00fcrl\u00fc\u011f\u00fc ve hafifli\u011fi simgeleyen \u00f6zel bir tasar\u0131m sunar. Y\u00fczeyi tamamen p\u0131rlanta ta\u015flarla s\u00fcslenen fig\u00fcr, \u0131\u015f\u0131\u011f\u0131 her a\u00e7\u0131dan yans\u0131tarak dikkat \u00e7ekici bir \u0131\u015f\u0131lt\u0131 sa\u011flar. \u0130nce zinciriyle zarif bir g\u00f6r\u00fcn\u00fcm sunan bu par\u00e7a, hem g\u00fcnl\u00fck kombinlere hem de \u00f6zel anlara anlam katan \u015f\u0131k bir aksesuard\u0131r.<\/p>","protected":false},"excerpt":{"rendered":"<p>U\u00e7u\u015f halindeki ku\u015f fig\u00fcr\u00fcnden ilham alan bu kolye, \u00f6zg\u00fcrl\u00fc\u011f\u00fc ve hafifli\u011fi simgeleyen \u00f6zel bir tasar\u0131m sunar. Y\u00fczeyi tamamen p\u0131rlanta ta\u015flarla<\/p>","protected":false},"featured_media":40857,"comment_status":"open","ping_status":"closed","template":"","meta":[],"product_brand":[],"product_cat":[75],"product_tag":[278,1696,629,633,294,1637,1991,1655,1641,322,1664,1640,473,626,276,474,2678,274,1632,476],"class_list":{"0":"post-30722","1":"product","2":"type-product","3":"status-publish","4":"has-post-thumbnail","6":"product_cat-kolye","7":"product_tag-altin-kolye","8":"product_tag-animal-pendant","9":"product_tag-bird-necklace","10":"product_tag-designer-necklace","11":"product_tag-diamond-necklace","12":"product_tag-elegant-necklace","13":"product_tag-figurlu-kolye","14":"product_tag-fine-jewelry","15":"product_tag-gift-necklace","16":"product_tag-gold-necklace","17":"product_tag-hayvan-figurlu-taki","18":"product_tag-hediye-kolye","19":"product_tag-kadin-kolye","20":"product_tag-kus-kolye","21":"product_tag-pirlanta-kolye","22":"product_tag-sik-kolye","23":"product_tag-stylish-necklace","24":"product_tag-tasarim-kolye","25":"product_tag-women-necklace","26":"product_tag-zarif-kolye","27":"pa_cinsiyet-kadin","29":"first","30":"instock","31":"shipping-taxable","32":"purchasable","33":"product-type-simple"},"_links":{"self":[{"href":"https:\/\/www.gasia.com.tr\/en\/wp-json\/wp\/v2\/product\/30722","targetHints":{"allow":["GET"]}}],"collection":[{"href":"https:\/\/www.gasia.com.tr\/en\/wp-json\/wp\/v2\/product"}],"about":[{"href":"https:\/\/www.gasia.com.tr\/en\/wp-json\/wp\/v2\/types\/product"}],"replies":[{"embeddable":true,"href":"https:\/\/www.gasia.com.tr\/en\/wp-json\/wp\/v2\/comments?post=30722"}],"version-history":[{"count":2,"href":"https:\/\/www.gasia.com.tr\/en\/wp-json\/wp\/v2\/product\/30722\/revisions"}],"predecessor-version":[{"id":40858,"href":"https:\/\/www.gasia.com.tr\/en\/wp-json\/wp\/v2\/product\/30722\/revisions\/40858"}],"wp:featuredmedia":[{"embeddable":true,"href":"https:\/\/www.gasia.com.tr\/en\/wp-json\/wp\/v2\/media\/40857"}],"wp:attachment":[{"href":"https:\/\/www.gasia.com.tr\/en\/wp-json\/wp\/v2\/media?parent=30722"}],"wp:term":[{"taxonomy":"product_brand","embeddable":true,"href":"https:\/\/www.gasia.com.tr\/en\/wp-json\/wp\/v2\/product_brand?post=30722"},{"taxonomy":"product_cat","embeddable":true,"href":"https:\/\/www.gasia.com.tr\/en\/wp-json\/wp\/v2\/product_cat?post=30722"},{"taxonomy":"product_tag","embeddable":true,"href":"https:\/\/www.gasia.com.tr\/en\/wp-json\/wp\/v2\/product_tag?post=30722"}],"curies":[{"name":"wp","href":"https:\/\/api.w.org\/{rel}","templated":true}]}}