{"id":30804,"date":"2026-01-31T00:00:00","date_gmt":"2026-01-30T21:00:00","guid":{"rendered":"https:\/\/www.gasia.com.tr\/tr\/?post_type=product&#038;p=30804"},"modified":"2026-03-26T17:04:18","modified_gmt":"2026-03-26T14:04:18","slug":"pirlanta-tasli-kus-figurlu-altin-kolye","status":"publish","type":"product","link":"https:\/\/www.gasia.com.tr\/en\/collections\/pirlanta-tasli-kus-figurlu-altin-kolye\/","title":{"rendered":"P\u0131rlanta Ta\u015fl\u0131 Ku\u015f Fig\u00fcrl\u00fc Alt\u0131n Kolye"},"content":{"rendered":"<p data-start=\"131\" data-end=\"487\">U\u00e7u\u015f halindeki ku\u015f fig\u00fcr\u00fcyle tasarlanan bu \u00f6zel kolye,p\u0131rlanta ta\u015f detaylar\u0131yla g\u00fc\u00e7l\u00fc ve dikkat \u00e7ekici bir g\u00f6r\u00fcn\u00fcm sunar. Alt\u0131n ve koyu tonlar\u0131n uyumu, tasar\u0131ma modern bir karakter kazand\u0131r\u0131rken, ku\u015f fig\u00fcr\u00fc \u00f6zg\u00fcrl\u00fck ve zarafeti simgeler. G\u00fcnl\u00fck stilinize farkl\u0131 bir dokunu\u015f katmak veya anlaml\u0131 bir hediye se\u00e7mek isteyenler i\u00e7in ideal bir par\u00e7ad\u0131r.<\/p>","protected":false},"excerpt":{"rendered":"<ul>\n<li>14 ayar Alt\u0131n<\/li>\n<li>925 ayar Okside g\u00fcm\u00fc\u015f<\/li>\n<li>0,34 ct P\u0131rlanta<\/li>\n<li>45 cm zincir uzunluk<\/li>\n<\/ul>","protected":false},"featured_media":40841,"comment_status":"open","ping_status":"closed","template":"","meta":[],"product_brand":[],"product_cat":[75],"product_tag":[278,629,2767,1358,633,811,1641,322,1640,473,750,626,277,1993,483,2766,1352,2728,329,2047],"class_list":{"0":"post-30804","1":"product","2":"type-product","3":"status-publish","4":"has-post-thumbnail","6":"product_cat-kolye","7":"product_tag-altin-kolye","8":"product_tag-bird-necklace","9":"product_tag-bird-pendant","10":"product_tag-black-diamond-necklace","11":"product_tag-designer-necklace","12":"product_tag-gemstone-necklace","13":"product_tag-gift-necklace","14":"product_tag-gold-necklace","15":"product_tag-hediye-kolye","16":"product_tag-kadin-kolye","17":"product_tag-kus-figurlu-kolye","18":"product_tag-kus-kolye","19":"product_tag-modern-kolye","20":"product_tag-modern-necklace","21":"product_tag-ozel-tasarim-kolye","22":"product_tag-ozgurluk-sembolu-kolye","23":"product_tag-siyah-pirlanta-kolye","24":"product_tag-symbolic-necklace","25":"product_tag-tasli-kolye","26":"product_tag-women-jewelry","27":"pa_cinsiyet-kadin","29":"first","30":"instock","31":"shipping-taxable","32":"purchasable","33":"product-type-simple"},"_links":{"self":[{"href":"https:\/\/www.gasia.com.tr\/en\/wp-json\/wp\/v2\/product\/30804","targetHints":{"allow":["GET"]}}],"collection":[{"href":"https:\/\/www.gasia.com.tr\/en\/wp-json\/wp\/v2\/product"}],"about":[{"href":"https:\/\/www.gasia.com.tr\/en\/wp-json\/wp\/v2\/types\/product"}],"replies":[{"embeddable":true,"href":"https:\/\/www.gasia.com.tr\/en\/wp-json\/wp\/v2\/comments?post=30804"}],"version-history":[{"count":2,"href":"https:\/\/www.gasia.com.tr\/en\/wp-json\/wp\/v2\/product\/30804\/revisions"}],"predecessor-version":[{"id":40842,"href":"https:\/\/www.gasia.com.tr\/en\/wp-json\/wp\/v2\/product\/30804\/revisions\/40842"}],"wp:featuredmedia":[{"embeddable":true,"href":"https:\/\/www.gasia.com.tr\/en\/wp-json\/wp\/v2\/media\/40841"}],"wp:attachment":[{"href":"https:\/\/www.gasia.com.tr\/en\/wp-json\/wp\/v2\/media?parent=30804"}],"wp:term":[{"taxonomy":"product_brand","embeddable":true,"href":"https:\/\/www.gasia.com.tr\/en\/wp-json\/wp\/v2\/product_brand?post=30804"},{"taxonomy":"product_cat","embeddable":true,"href":"https:\/\/www.gasia.com.tr\/en\/wp-json\/wp\/v2\/product_cat?post=30804"},{"taxonomy":"product_tag","embeddable":true,"href":"https:\/\/www.gasia.com.tr\/en\/wp-json\/wp\/v2\/product_tag?post=30804"}],"curies":[{"name":"wp","href":"https:\/\/api.w.org\/{rel}","templated":true}]}}