{"id":30814,"date":"2026-04-22T16:56:37","date_gmt":"2026-04-22T13:56:37","guid":{"rendered":"https:\/\/www.gasia.com.tr\/tr\/?post_type=product&#038;p=30814"},"modified":"2026-04-22T17:24:34","modified_gmt":"2026-04-22T14:24:34","slug":"at-nali-formlu-siyah-pirlanta-altin-kolye","status":"publish","type":"product","link":"https:\/\/www.gasia.com.tr\/en\/collections\/at-nali-formlu-siyah-pirlanta-altin-kolye\/","title":{"rendered":"At Nal\u0131 Formlu Siyah P\u0131rlanta Alt\u0131n Kolye"},"content":{"rendered":"<section class=\"text-token-text-primary w-full focus:outline-none [--shadow-height:45px] has-data-writing-block:pointer-events-none has-data-writing-block:-mt-(--shadow-height) has-data-writing-block:pt-(--shadow-height) [&amp;:has([data-writing-block])&gt;*]:pointer-events-auto [content-visibility:auto] supports-[content-visibility:auto]:[contain-intrinsic-size:auto_100lvh] R6Vx5W_threadScrollVars scroll-mb-[calc(var(--scroll-root-safe-area-inset-bottom,0px)+var(--thread-response-height))] scroll-mt-[calc(var(--header-height)+min(200px,max(70px,20svh)))]\" dir=\"auto\" data-turn-id=\"request-69dcedd1-137c-8384-a71c-ab7bd66fd766-20\" data-testid=\"conversation-turn-270\" data-scroll-anchor=\"false\" data-turn=\"assistant\">\n<div class=\"text-base my-auto mx-auto pb-10 [--thread-content-margin:var(--thread-content-margin-xs,calc(var(--spacing)*4))] @w-sm\/main:[--thread-content-margin:var(--thread-content-margin-sm,calc(var(--spacing)*6))] @w-lg\/main:[--thread-content-margin:var(--thread-content-margin-lg,calc(var(--spacing)*16))] px-(--thread-content-margin)\">\n<div class=\"[--thread-content-max-width:40rem] @w-lg\/main:[--thread-content-max-width:48rem] mx-auto max-w-(--thread-content-max-width) flex-1 group\/turn-messages focus-visible:outline-hidden relative flex w-full min-w-0 flex-col agent-turn\">\n<div class=\"flex max-w-full flex-col gap-4 grow\">\n<div class=\"min-h-8 text-message relative flex w-full flex-col items-end gap-2 text-start break-words whitespace-normal outline-none keyboard-focused:focus-ring [.text-message+&amp;]:mt-1\" dir=\"auto\" tabindex=\"0\" data-message-author-role=\"assistant\" data-message-id=\"5ec49fe7-b932-4fd9-a4cc-722cf21e6162\" data-message-model-slug=\"gpt-5-3\" data-turn-start-message=\"true\">\n<div class=\"flex w-full flex-col gap-1 empty:hidden\">\n<div class=\"markdown prose dark:prose-invert w-full wrap-break-word light markdown-new-styling\">\n<p data-start=\"393\" data-end=\"673\">\u015eans ve korumay\u0131 simgeleyen at nal\u0131 formu, bu \u00f6zel tasar\u0131m kolyede modern ve sofistike bir yorumla hayat buluyor. Siyah p\u0131rlantalar\u0131n g\u00fc\u00e7l\u00fc ve derin \u0131\u015f\u0131lt\u0131s\u0131, tasar\u0131ma karakteristik bir g\u00f6r\u00fcn\u00fcm kazand\u0131r\u0131rken alt\u0131n detay ile dengeli bir kontrast olu\u015fturur.<\/p>\n<p data-start=\"675\" data-end=\"923\">Minimal formu sayesinde boyunda zarif bir duru\u015f sergileyen bu kolye, hem tek ba\u015f\u0131na hem de katmanl\u0131 kullan\u0131mlarda stilinizi tamamlar. G\u00fcnl\u00fck \u015f\u0131kl\u0131\u011fa g\u00fc\u00e7l\u00fc bir dokunu\u015f katarken, anlaml\u0131 tasar\u0131m\u0131yla \u00f6zel g\u00fcnler i\u00e7in de ideal bir hediye se\u00e7ene\u011fidir.<\/p>\n<p data-start=\"925\" data-end=\"1002\" data-is-last-node=\"\" data-is-only-node=\"\">Modern, g\u00fc\u00e7l\u00fc ve zamans\u0131z bir stil arayanlar i\u00e7in dikkat \u00e7ekici bir par\u00e7ad\u0131r.<\/p>\n<\/div>\n<\/div>\n<\/div>\n<\/div>\n<div class=\"z-0 flex min-h-[46px] justify-start\"><\/div>\n<div class=\"mt-3 w-full empty:hidden\">\n<div class=\"text-center\"><\/div>\n<\/div>\n<\/div>\n<\/div>\n<\/section>\n<div class=\"pointer-events-none -mt-px h-px translate-y-[calc(var(--scroll-root-safe-area-inset-bottom)-14*var(--spacing))]\" aria-hidden=\"true\"><\/div>\n","protected":false},"excerpt":{"rendered":"<ul>\n<li>14 Ayar Alt\u0131n<\/li>\n<li>24 Ayar Alt\u0131n<\/li>\n<li>925 Ayar Okside g\u00fcm\u00fc\u015f<\/li>\n<li>0,35 ct Siyah P\u0131rlanta<\/li>\n<li>45 cm zincir uzunluk<\/li>\n<\/ul>","protected":false},"featured_media":42561,"comment_status":"open","ping_status":"closed","template":"","meta":[],"product_brand":[2718],"product_cat":[75],"product_tag":[278,3597,1358,1637,1996,1641,322,1995,1640,3263,473,1675,277,1993,284,1352,1632,476],"class_list":{"0":"post-30814","1":"product","2":"type-product","3":"status-publish","4":"has-post-thumbnail","6":"product_brand-gasia-casuals","7":"product_cat-kolye","8":"product_tag-altin-kolye","9":"product_tag-at-nali-kolye","10":"product_tag-black-diamond-necklace","11":"product_tag-elegant-necklace","12":"product_tag-everyday-necklace","13":"product_tag-gift-necklace","14":"product_tag-gold-necklace","15":"product_tag-gunluk-kolye","16":"product_tag-hediye-kolye","17":"product_tag-horseshoe-necklace","18":"product_tag-kadin-kolye","19":"product_tag-lucky-necklace","20":"product_tag-modern-kolye","21":"product_tag-modern-necklace","22":"product_tag-sans-kolyesi","23":"product_tag-siyah-pirlanta-kolye","24":"product_tag-women-necklace","25":"product_tag-zarif-kolye","26":"pa_cinsiyet-kadin","28":"first","29":"instock","30":"sale","31":"shipping-taxable","32":"purchasable","33":"product-type-simple"},"_links":{"self":[{"href":"https:\/\/www.gasia.com.tr\/en\/wp-json\/wp\/v2\/product\/30814","targetHints":{"allow":["GET"]}}],"collection":[{"href":"https:\/\/www.gasia.com.tr\/en\/wp-json\/wp\/v2\/product"}],"about":[{"href":"https:\/\/www.gasia.com.tr\/en\/wp-json\/wp\/v2\/types\/product"}],"replies":[{"embeddable":true,"href":"https:\/\/www.gasia.com.tr\/en\/wp-json\/wp\/v2\/comments?post=30814"}],"version-history":[{"count":4,"href":"https:\/\/www.gasia.com.tr\/en\/wp-json\/wp\/v2\/product\/30814\/revisions"}],"predecessor-version":[{"id":42562,"href":"https:\/\/www.gasia.com.tr\/en\/wp-json\/wp\/v2\/product\/30814\/revisions\/42562"}],"wp:featuredmedia":[{"embeddable":true,"href":"https:\/\/www.gasia.com.tr\/en\/wp-json\/wp\/v2\/media\/42561"}],"wp:attachment":[{"href":"https:\/\/www.gasia.com.tr\/en\/wp-json\/wp\/v2\/media?parent=30814"}],"wp:term":[{"taxonomy":"product_brand","embeddable":true,"href":"https:\/\/www.gasia.com.tr\/en\/wp-json\/wp\/v2\/product_brand?post=30814"},{"taxonomy":"product_cat","embeddable":true,"href":"https:\/\/www.gasia.com.tr\/en\/wp-json\/wp\/v2\/product_cat?post=30814"},{"taxonomy":"product_tag","embeddable":true,"href":"https:\/\/www.gasia.com.tr\/en\/wp-json\/wp\/v2\/product_tag?post=30814"}],"curies":[{"name":"wp","href":"https:\/\/api.w.org\/{rel}","templated":true}]}}