{"id":30867,"date":"2026-02-27T00:00:00","date_gmt":"2026-02-26T21:00:00","guid":{"rendered":"https:\/\/www.gasia.com.tr\/?post_type=product&#038;p=30867"},"modified":"2026-03-31T16:46:17","modified_gmt":"2026-03-31T13:46:17","slug":"zumrut-tasli-yildiz-form-altin-kolye","status":"publish","type":"product","link":"https:\/\/www.gasia.com.tr\/en\/collections\/zumrut-tasli-yildiz-form-altin-kolye\/","title":{"rendered":"Z\u00fcmr\u00fct Ta\u015fl\u0131 Y\u0131ld\u0131z Form Alt\u0131n Kolye"},"content":{"rendered":"<p data-start=\"97\" data-end=\"304\">Y\u0131ld\u0131z formunun enerjisini ta\u015f\u0131yan bu \u00f6zel kolye, merkezindeki z\u00fcmr\u00fct ta\u015f ile dikkat \u00e7eker. Etraf\u0131n\u0131 saran p\u0131rlanta detaylar, tasar\u0131ma g\u00fc\u00e7l\u00fc bir \u0131\u015f\u0131lt\u0131 katarken alt\u0131n \u00e7er\u00e7eve ile kusursuz bir uyum yakalar.<\/p>\n<p data-start=\"306\" data-end=\"531\">Canl\u0131 ye\u015fil tonuyla \u00f6ne \u00e7\u0131kan z\u00fcmr\u00fct ta\u015f\u0131, kolyeye sofistike ve dikkat \u00e7ekici bir karakter kazand\u0131r\u0131r. G\u00fcnl\u00fck stilinize zarif bir dokunu\u015f eklerken, \u00f6zel anlarda da \u015f\u0131kl\u0131\u011f\u0131n\u0131z\u0131 tamamlayan g\u00fc\u00e7l\u00fc bir aksesuar olarak \u00f6ne \u00e7\u0131kar.<\/p>","protected":false},"excerpt":{"rendered":"<ul>\n<li>14 Ayar Alt\u0131n<\/li>\n<li>925 ayar g\u00fcm\u00fc\u015f<\/li>\n<li>0,47 ct P\u0131rlanta<\/li>\n<li>0,45 ct Kolombia Z\u00fcmr\u00fct<\/li>\n<li>40-45 cm Ayarlanabilir zincir uzunlu\u011fu<\/li>\n<\/ul>","protected":false},"featured_media":41168,"comment_status":"open","ping_status":"closed","template":"","meta":[],"product_brand":[2718],"product_cat":[75,208],"product_tag":[278,633,295,1637,1408,1655,322,2829,473,1417,2937,273,1477,474,2936,274,2166,2934,1401,2935],"class_list":{"0":"post-30867","1":"product","2":"type-product","3":"status-publish","4":"has-post-thumbnail","6":"product_brand-gasia-casuals","7":"product_cat-kolye","8":"product_cat-yildiz-mucevher-modelleri","9":"product_tag-altin-kolye","10":"product_tag-designer-necklace","11":"product_tag-diamond-pendant","12":"product_tag-elegant-necklace","13":"product_tag-emerald-necklace","14":"product_tag-fine-jewelry","15":"product_tag-gold-necklace","16":"product_tag-green-gemstone-necklace","17":"product_tag-kadin-kolye","18":"product_tag-luxury-necklace","19":"product_tag-minimal-jewelry","20":"product_tag-minimal-kolye","21":"product_tag-pirlanta-tasli-kolye","22":"product_tag-sik-kolye","23":"product_tag-star-necklace","24":"product_tag-tasarim-kolye","25":"product_tag-yesil-tas-kolye","26":"product_tag-yildiz-kolye","27":"product_tag-zumrut-kolye","28":"product_tag-zumrut-taki","29":"pa_cinsiyet-kadin","31":"first","32":"instock","33":"shipping-taxable","34":"purchasable","35":"product-type-simple"},"_links":{"self":[{"href":"https:\/\/www.gasia.com.tr\/en\/wp-json\/wp\/v2\/product\/30867","targetHints":{"allow":["GET"]}}],"collection":[{"href":"https:\/\/www.gasia.com.tr\/en\/wp-json\/wp\/v2\/product"}],"about":[{"href":"https:\/\/www.gasia.com.tr\/en\/wp-json\/wp\/v2\/types\/product"}],"replies":[{"embeddable":true,"href":"https:\/\/www.gasia.com.tr\/en\/wp-json\/wp\/v2\/comments?post=30867"}],"version-history":[{"count":2,"href":"https:\/\/www.gasia.com.tr\/en\/wp-json\/wp\/v2\/product\/30867\/revisions"}],"predecessor-version":[{"id":41170,"href":"https:\/\/www.gasia.com.tr\/en\/wp-json\/wp\/v2\/product\/30867\/revisions\/41170"}],"wp:featuredmedia":[{"embeddable":true,"href":"https:\/\/www.gasia.com.tr\/en\/wp-json\/wp\/v2\/media\/41168"}],"wp:attachment":[{"href":"https:\/\/www.gasia.com.tr\/en\/wp-json\/wp\/v2\/media?parent=30867"}],"wp:term":[{"taxonomy":"product_brand","embeddable":true,"href":"https:\/\/www.gasia.com.tr\/en\/wp-json\/wp\/v2\/product_brand?post=30867"},{"taxonomy":"product_cat","embeddable":true,"href":"https:\/\/www.gasia.com.tr\/en\/wp-json\/wp\/v2\/product_cat?post=30867"},{"taxonomy":"product_tag","embeddable":true,"href":"https:\/\/www.gasia.com.tr\/en\/wp-json\/wp\/v2\/product_tag?post=30867"}],"curies":[{"name":"wp","href":"https:\/\/api.w.org\/{rel}","templated":true}]}}