{"id":30958,"date":"2025-12-25T00:00:00","date_gmt":"2025-12-24T21:00:00","guid":{"rendered":"https:\/\/www.gasia.com.tr\/tr\/?post_type=product&#038;p=30958"},"modified":"2026-03-30T16:42:59","modified_gmt":"2026-03-30T13:42:59","slug":"okside-gumus-ve-konyak-pirlanta-hac-detayli-halka-kupe","status":"publish","type":"product","link":"https:\/\/www.gasia.com.tr\/en\/collections\/okside-gumus-ve-konyak-pirlanta-hac-detayli-halka-kupe\/","title":{"rendered":"Okside G\u00fcm\u00fc\u015f ve Konyak P\u0131rlanta Ha\u00e7 Detayl\u0131 Halka K\u00fcpe"},"content":{"rendered":"<p data-start=\"115\" data-end=\"395\">Okside g\u00fcm\u00fc\u015f y\u00fczeyi ve konyak p\u0131rlanta detaylar\u0131yla \u00f6ne \u00e7\u0131kan bu halka k\u00fcpe, g\u00fc\u00e7l\u00fc ve karakterli bir tasar\u0131m sunar. Ha\u00e7 formundaki detay, k\u00fcpeye anlaml\u0131 ve dikkat \u00e7ekici bir dokunu\u015f katarken, koyu tonlar ile p\u0131rlantan\u0131n s\u0131cak \u0131\u015f\u0131lt\u0131s\u0131 aras\u0131nda etkileyici bir kontrast olu\u015fturur.<\/p>\n<p data-start=\"397\" data-end=\"637\" data-is-last-node=\"\" data-is-only-node=\"\">G\u00fcnl\u00fck kullan\u0131mda stiline \u00f6zg\u00fcn bir hava katmak isteyenler i\u00e7in ideal olan bu tasar\u0131m, sade formu sayesinde farkl\u0131 kombinlerle kolayca uyum sa\u011flar. Modern ve \u00e7arp\u0131c\u0131 g\u00f6r\u00fcn\u00fcm\u00fcyle \u00f6ne \u00e7\u0131kan bu k\u00fcpe, stilini tamamlayan g\u00fc\u00e7l\u00fc bir aksesuar olur.<\/p>","protected":false},"excerpt":{"rendered":"<ul>\n<li>14 Ayar Alt\u0131n<\/li>\n<li>925 Ayar Okside G\u00fcm\u00fc\u015f<\/li>\n<li>0,39 ct P\u0131rlanta<\/li>\n<\/ul>","protected":false},"featured_media":41104,"comment_status":"open","ping_status":"closed","template":"","meta":[],"product_brand":[],"product_cat":[74],"product_tag":[1713,1967,2906,2908,2404,1594,1714,2904,1768,1769,395,2567,742,392,2902,2905,403,813,2379,2907],"class_list":{"0":"post-30958","1":"product","2":"type-product","3":"status-publish","4":"has-post-thumbnail","6":"product_cat-kupe-modelleri","7":"product_tag-altin-kupe","8":"product_tag-black-enamel-earrings","9":"product_tag-cross-earrings","10":"product_tag-edgy-earrings","11":"product_tag-erkek-kupe","12":"product_tag-gemstone-earrings","13":"product_tag-gold-earrings","14":"product_tag-hac-kupe","15":"product_tag-halka-kupe","16":"product_tag-hoop-earrings","17":"product_tag-kadin-kupe","18":"product_tag-mineli-kupe","19":"product_tag-modern-jewelry","20":"product_tag-modern-kupe","21":"product_tag-ozgun-kupe","22":"product_tag-siyah-kupe","23":"product_tag-statement-earrings","24":"product_tag-tasli-kupe","25":"product_tag-unique-jewelry","26":"product_tag-unisex-jewelry","27":"pa_cinsiyet-kadin","29":"first","30":"instock","31":"shipping-taxable","32":"purchasable","33":"product-type-simple"},"_links":{"self":[{"href":"https:\/\/www.gasia.com.tr\/en\/wp-json\/wp\/v2\/product\/30958","targetHints":{"allow":["GET"]}}],"collection":[{"href":"https:\/\/www.gasia.com.tr\/en\/wp-json\/wp\/v2\/product"}],"about":[{"href":"https:\/\/www.gasia.com.tr\/en\/wp-json\/wp\/v2\/types\/product"}],"replies":[{"embeddable":true,"href":"https:\/\/www.gasia.com.tr\/en\/wp-json\/wp\/v2\/comments?post=30958"}],"version-history":[{"count":2,"href":"https:\/\/www.gasia.com.tr\/en\/wp-json\/wp\/v2\/product\/30958\/revisions"}],"predecessor-version":[{"id":41105,"href":"https:\/\/www.gasia.com.tr\/en\/wp-json\/wp\/v2\/product\/30958\/revisions\/41105"}],"wp:featuredmedia":[{"embeddable":true,"href":"https:\/\/www.gasia.com.tr\/en\/wp-json\/wp\/v2\/media\/41104"}],"wp:attachment":[{"href":"https:\/\/www.gasia.com.tr\/en\/wp-json\/wp\/v2\/media?parent=30958"}],"wp:term":[{"taxonomy":"product_brand","embeddable":true,"href":"https:\/\/www.gasia.com.tr\/en\/wp-json\/wp\/v2\/product_brand?post=30958"},{"taxonomy":"product_cat","embeddable":true,"href":"https:\/\/www.gasia.com.tr\/en\/wp-json\/wp\/v2\/product_cat?post=30958"},{"taxonomy":"product_tag","embeddable":true,"href":"https:\/\/www.gasia.com.tr\/en\/wp-json\/wp\/v2\/product_tag?post=30958"}],"curies":[{"name":"wp","href":"https:\/\/api.w.org\/{rel}","templated":true}]}}