{"id":30977,"date":"2025-10-09T00:00:00","date_gmt":"2025-10-08T21:00:00","guid":{"rendered":"https:\/\/www.gasia.com.tr\/tr\/?post_type=product&#038;p=30977"},"modified":"2026-04-24T17:24:44","modified_gmt":"2026-04-24T14:24:44","slug":"isiltili-isin-formlu-pirlanta-tasli-altin-ear-cuff","status":"publish","type":"product","link":"https:\/\/www.gasia.com.tr\/en\/collections\/isiltili-isin-formlu-pirlanta-tasli-altin-ear-cuff\/","title":{"rendered":"I\u015f\u0131lt\u0131l\u0131 I\u015f\u0131n Formlu P\u0131rlanta Ta\u015fl\u0131 Alt\u0131n Ear Cuff"},"content":{"rendered":"<p data-start=\"70\" data-end=\"374\">Modern ve iddial\u0131 tasar\u0131m\u0131yla \u00f6ne \u00e7\u0131kan bu alt\u0131n ear cuff, merkezde yer alan yuvarlak p\u0131rlanta detaydan yay\u0131lan \u0131\u015f\u0131n formuyla dikkat \u00e7eker. G\u00fcne\u015f \u0131\u015f\u0131nlar\u0131n\u0131 and\u0131ran ince ve keskin hatl\u0131 uzant\u0131lar, minimal p\u0131rlanta ta\u015flarla s\u00fcslenerek tasar\u0131ma sofistike bir \u0131\u015f\u0131lt\u0131 kazand\u0131r\u0131r.<\/p>\n<p data-start=\"376\" data-end=\"617\">Kulakta yay\u0131lan bu dinamik form, g\u00fc\u00e7l\u00fc ve stil sahibi bir g\u00f6r\u00fcn\u00fcm sunarken; tek ba\u015f\u0131na bile etkileyici bir ifade yarat\u0131r. G\u00fcnl\u00fck kombinlere modern bir dokunu\u015f katmak veya \u00f6zel anlarda dikkat \u00e7ekici bir par\u00e7a olarak kullanmak i\u00e7in idealdir.<\/p>\n<p data-start=\"619\" data-end=\"800\">Alt\u0131n\u0131n s\u0131cak tonu ile p\u0131rlantan\u0131n zamans\u0131z parlakl\u0131\u011f\u0131 birle\u015ferek hem zarif hem de \u00e7a\u011fda\u015f bir stil olu\u015fturur. Farkl\u0131 ve \u00f6zg\u00fcn tasar\u0131mlar\u0131 sevenler i\u00e7in g\u00fc\u00e7l\u00fc bir alternatif sunar.<\/p>","protected":false},"excerpt":{"rendered":"<ul>\n<li>14 Ayar Alt\u0131n<\/li>\n<li>0,16 ct P\u0131rlanta<\/li>\n<li>Sa\u011f veya Sol kula\u011fa uygundur<\/li>\n<li>K\u00fcpemiz tek olarak sat\u0131lmaktad\u0131r<\/li>\n<\/ul>","protected":false},"featured_media":42705,"comment_status":"open","ping_status":"closed","template":"","meta":[],"product_brand":[2718],"product_cat":[74],"product_tag":[3653,3639,3663,3654,3661,2042,3656,392,3655,2023,3662,2047],"class_list":{"0":"post-30977","1":"product","2":"type-product","3":"status-publish","4":"has-post-thumbnail","6":"product_brand-gasia-casuals","7":"product_cat-kupe-modelleri","8":"product_tag-altin-ear-cuff","9":"product_tag-diamond-ear-cuff","10":"product_tag-ear-cuff-jewelry","11":"product_tag-gold-ear-cuff","12":"product_tag-isin-kupe","13":"product_tag-kadin-taki","14":"product_tag-kulak-manseti","15":"product_tag-modern-kupe","16":"product_tag-pirlanta-ear-cuff","17":"product_tag-statement-earring","18":"product_tag-sunburst-earring","19":"product_tag-women-jewelry","20":"pa_cinsiyet-kadin","22":"first","23":"instock","24":"sale","25":"shipping-taxable","26":"purchasable","27":"product-type-simple"},"_links":{"self":[{"href":"https:\/\/www.gasia.com.tr\/en\/wp-json\/wp\/v2\/product\/30977","targetHints":{"allow":["GET"]}}],"collection":[{"href":"https:\/\/www.gasia.com.tr\/en\/wp-json\/wp\/v2\/product"}],"about":[{"href":"https:\/\/www.gasia.com.tr\/en\/wp-json\/wp\/v2\/types\/product"}],"replies":[{"embeddable":true,"href":"https:\/\/www.gasia.com.tr\/en\/wp-json\/wp\/v2\/comments?post=30977"}],"version-history":[{"count":4,"href":"https:\/\/www.gasia.com.tr\/en\/wp-json\/wp\/v2\/product\/30977\/revisions"}],"predecessor-version":[{"id":42706,"href":"https:\/\/www.gasia.com.tr\/en\/wp-json\/wp\/v2\/product\/30977\/revisions\/42706"}],"wp:featuredmedia":[{"embeddable":true,"href":"https:\/\/www.gasia.com.tr\/en\/wp-json\/wp\/v2\/media\/42705"}],"wp:attachment":[{"href":"https:\/\/www.gasia.com.tr\/en\/wp-json\/wp\/v2\/media?parent=30977"}],"wp:term":[{"taxonomy":"product_brand","embeddable":true,"href":"https:\/\/www.gasia.com.tr\/en\/wp-json\/wp\/v2\/product_brand?post=30977"},{"taxonomy":"product_cat","embeddable":true,"href":"https:\/\/www.gasia.com.tr\/en\/wp-json\/wp\/v2\/product_cat?post=30977"},{"taxonomy":"product_tag","embeddable":true,"href":"https:\/\/www.gasia.com.tr\/en\/wp-json\/wp\/v2\/product_tag?post=30977"}],"curies":[{"name":"wp","href":"https:\/\/api.w.org\/{rel}","templated":true}]}}