{"id":30983,"date":"2025-10-09T00:00:00","date_gmt":"2025-10-08T21:00:00","guid":{"rendered":"https:\/\/www.gasia.com.tr\/tr\/?post_type=product&#038;p=30983"},"modified":"2026-04-24T17:32:54","modified_gmt":"2026-04-24T14:32:54","slug":"yildiz-dizili-pirlanta-tasli-altin-ear-cuff","status":"publish","type":"product","link":"https:\/\/www.gasia.com.tr\/en\/collections\/yildiz-dizili-pirlanta-tasli-altin-ear-cuff\/","title":{"rendered":"Y\u0131ld\u0131z Dizili P\u0131rlanta Ta\u015fl\u0131 Alt\u0131n Ear Cuff"},"content":{"rendered":"<p data-start=\"63\" data-end=\"372\">G\u00f6ky\u00fcz\u00fcn\u00fcn \u0131\u015f\u0131lt\u0131s\u0131ndan ilham alan bu alt\u0131n ear cuff, s\u0131ral\u0131 y\u0131ld\u0131z formuyla zarif ve modern bir stil sunar. Her bir y\u0131ld\u0131z\u0131n merkezinde yer alan p\u0131rlanta ta\u015flar, tasar\u0131ma ince ama etkileyici bir parlakl\u0131k katarken kulak boyunca uzanan formuyla dikkat \u00e7ekici bir siluet olu\u015fturur.<\/p>\n<p data-start=\"374\" data-end=\"585\">Minimal \u00e7izgilerle tasarlanm\u0131\u015f bu par\u00e7a, tek ba\u015f\u0131na g\u00fc\u00e7l\u00fc bir ifade yarat\u0131rken kombinlerde de kolayca \u00f6ne \u00e7\u0131kar. G\u00fcnl\u00fck kullan\u0131mdan \u00f6zel davetlere kadar farkl\u0131 stillerle uyum sa\u011flayan zamans\u0131z bir aksesuard\u0131r.<\/p>\n<p data-start=\"587\" data-end=\"759\">Alt\u0131n\u0131n s\u0131cak tonuyla p\u0131rlantan\u0131n \u0131\u015f\u0131\u011f\u0131 birle\u015ferek feminen ve modern bir g\u00f6r\u00fcn\u00fcm sunar. \u00d6zellikle farkl\u0131 ve \u00f6zg\u00fcn ear cuff tasar\u0131mlar\u0131n\u0131 sevenler i\u00e7in ideal bir se\u00e7imdir.<\/p>","protected":false},"excerpt":{"rendered":"<ul>\n<li>14 Ayar Alt\u0131n<\/li>\n<li>0,15 ct P\u0131rlanta<\/li>\n<li>K\u00fcpemiz Tek olarak sat\u0131lmaktad\u0131r<\/li>\n<li>Sa\u011f ve Sol kulak i\u00e7in sipari\u015f verilebilir<\/li>\n<\/ul>","protected":false},"featured_media":30905,"comment_status":"open","ping_status":"closed","template":"","meta":[],"product_brand":[2718],"product_cat":[74,208],"product_tag":[3653,3639,3663,3654,3656,392,3655,3660,3543,2023,3659,1987],"class_list":{"0":"post-30983","1":"product","2":"type-product","3":"status-publish","4":"has-post-thumbnail","6":"product_brand-gasia-casuals","7":"product_cat-kupe-modelleri","8":"product_cat-yildiz-mucevher-modelleri","9":"product_tag-altin-ear-cuff","10":"product_tag-diamond-ear-cuff","11":"product_tag-ear-cuff-jewelry","12":"product_tag-gold-ear-cuff","13":"product_tag-kulak-manseti","14":"product_tag-modern-kupe","15":"product_tag-pirlanta-ear-cuff","16":"product_tag-star-ear-cuff","17":"product_tag-star-earring","18":"product_tag-statement-earring","19":"product_tag-yildiz-ear-cuff","20":"product_tag-yildiz-kupe","21":"pa_cinsiyet-kadin","23":"first","24":"instock","25":"shipping-taxable","26":"purchasable","27":"product-type-simple"},"_links":{"self":[{"href":"https:\/\/www.gasia.com.tr\/en\/wp-json\/wp\/v2\/product\/30983","targetHints":{"allow":["GET"]}}],"collection":[{"href":"https:\/\/www.gasia.com.tr\/en\/wp-json\/wp\/v2\/product"}],"about":[{"href":"https:\/\/www.gasia.com.tr\/en\/wp-json\/wp\/v2\/types\/product"}],"replies":[{"embeddable":true,"href":"https:\/\/www.gasia.com.tr\/en\/wp-json\/wp\/v2\/comments?post=30983"}],"version-history":[{"count":4,"href":"https:\/\/www.gasia.com.tr\/en\/wp-json\/wp\/v2\/product\/30983\/revisions"}],"predecessor-version":[{"id":42708,"href":"https:\/\/www.gasia.com.tr\/en\/wp-json\/wp\/v2\/product\/30983\/revisions\/42708"}],"wp:featuredmedia":[{"embeddable":true,"href":"https:\/\/www.gasia.com.tr\/en\/wp-json\/wp\/v2\/media\/30905"}],"wp:attachment":[{"href":"https:\/\/www.gasia.com.tr\/en\/wp-json\/wp\/v2\/media?parent=30983"}],"wp:term":[{"taxonomy":"product_brand","embeddable":true,"href":"https:\/\/www.gasia.com.tr\/en\/wp-json\/wp\/v2\/product_brand?post=30983"},{"taxonomy":"product_cat","embeddable":true,"href":"https:\/\/www.gasia.com.tr\/en\/wp-json\/wp\/v2\/product_cat?post=30983"},{"taxonomy":"product_tag","embeddable":true,"href":"https:\/\/www.gasia.com.tr\/en\/wp-json\/wp\/v2\/product_tag?post=30983"}],"curies":[{"name":"wp","href":"https:\/\/api.w.org\/{rel}","templated":true}]}}