{"id":30997,"date":"2025-10-09T00:00:00","date_gmt":"2025-10-08T21:00:00","guid":{"rendered":"https:\/\/www.gasia.com.tr\/tr\/?post_type=product&#038;p=30997"},"modified":"2026-04-24T17:02:50","modified_gmt":"2026-04-24T14:02:50","slug":"organik-formlu-pirlanta-tasli-altin-ear-cuff","status":"publish","type":"product","link":"https:\/\/www.gasia.com.tr\/en\/collections\/organik-formlu-pirlanta-tasli-altin-ear-cuff\/","title":{"rendered":"Organik Formlu P\u0131rlanta Ta\u015fl\u0131 Alt\u0131n Ear Cuff"},"content":{"rendered":"<p data-start=\"64\" data-end=\"314\">Do\u011fadan ilham alan ak\u0131\u015fkan hatlar\u0131yla \u00f6ne \u00e7\u0131kan bu modern ear cuff, zarif ve iddial\u0131 bir stil sunar. Dallar\u0131n do\u011fal formunu and\u0131ran tasar\u0131m, y\u00fczeyi boyunca yerle\u015ftirilen p\u0131rlanta ta\u015flarla \u0131\u015f\u0131lt\u0131l\u0131 bir g\u00f6r\u00fcn\u00fcm kazan\u0131r.<\/p>\n<p data-start=\"316\" data-end=\"557\">Kulak boyunca yukar\u0131 do\u011fru uzanan ince ve dinamik yap\u0131s\u0131, tek ba\u015f\u0131na g\u00fc\u00e7l\u00fc bir duru\u015f sergilerken; farkl\u0131 k\u00fcpelerle kombinlendi\u011finde \u00e7a\u011fda\u015f ve katmanl\u0131 bir stil olu\u015fturur. Delik gerektirmeyen yap\u0131s\u0131 sayesinde rahat ve pratik kullan\u0131m sunar.<\/p>\n<p data-start=\"559\" data-end=\"781\">Alt\u0131n\u0131n s\u0131cak tonu ile p\u0131rlantan\u0131n zamans\u0131z \u0131\u015f\u0131lt\u0131s\u0131 birle\u015ferek hem g\u00fcnl\u00fck hem de \u00f6zel anlar i\u00e7in sofistike bir aksesuar ortaya \u00e7\u0131kar\u0131r. Minimalden farkl\u0131, modern ve sanatsal tasar\u0131mlar\u0131 sevenler i\u00e7in ideal bir par\u00e7ad\u0131r.<\/p>","protected":false},"excerpt":{"rendered":"<ul>\n<li>14 Ayar Alt\u0131n<\/li>\n<li>0,15 ct P\u0131rlanta<\/li>\n<li>K\u00fcpemiz Tek olarak sat\u0131lmaktad\u0131r<\/li>\n<li>Sa\u011f ve Sol kulak i\u00e7in sipari\u015f verilebilir<\/li>\n<\/ul>","protected":false},"featured_media":42700,"comment_status":"open","ping_status":"closed","template":"","meta":[],"product_brand":[2718],"product_cat":[74],"product_tag":[3653,1574,3639,2029,3654,2042,3656,1583,392,3655,815,2047],"class_list":{"0":"post-30997","1":"product","2":"type-product","3":"status-publish","4":"has-post-thumbnail","6":"product_brand-gasia-casuals","7":"product_cat-kupe-modelleri","8":"product_tag-altin-ear-cuff","9":"product_tag-designer-earrings","10":"product_tag-diamond-ear-cuff","11":"product_tag-ear-cuff-earring","12":"product_tag-gold-ear-cuff","13":"product_tag-kadin-taki","14":"product_tag-kulak-manseti","15":"product_tag-modern-earrings","16":"product_tag-modern-kupe","17":"product_tag-pirlanta-ear-cuff","18":"product_tag-tasarim-kupe","19":"product_tag-women-jewelry","20":"pa_cinsiyet-kadin","22":"first","23":"instock","24":"sale","25":"shipping-taxable","26":"purchasable","27":"product-type-simple"},"_links":{"self":[{"href":"https:\/\/www.gasia.com.tr\/en\/wp-json\/wp\/v2\/product\/30997","targetHints":{"allow":["GET"]}}],"collection":[{"href":"https:\/\/www.gasia.com.tr\/en\/wp-json\/wp\/v2\/product"}],"about":[{"href":"https:\/\/www.gasia.com.tr\/en\/wp-json\/wp\/v2\/types\/product"}],"replies":[{"embeddable":true,"href":"https:\/\/www.gasia.com.tr\/en\/wp-json\/wp\/v2\/comments?post=30997"}],"version-history":[{"count":4,"href":"https:\/\/www.gasia.com.tr\/en\/wp-json\/wp\/v2\/product\/30997\/revisions"}],"predecessor-version":[{"id":42699,"href":"https:\/\/www.gasia.com.tr\/en\/wp-json\/wp\/v2\/product\/30997\/revisions\/42699"}],"wp:featuredmedia":[{"embeddable":true,"href":"https:\/\/www.gasia.com.tr\/en\/wp-json\/wp\/v2\/media\/42700"}],"wp:attachment":[{"href":"https:\/\/www.gasia.com.tr\/en\/wp-json\/wp\/v2\/media?parent=30997"}],"wp:term":[{"taxonomy":"product_brand","embeddable":true,"href":"https:\/\/www.gasia.com.tr\/en\/wp-json\/wp\/v2\/product_brand?post=30997"},{"taxonomy":"product_cat","embeddable":true,"href":"https:\/\/www.gasia.com.tr\/en\/wp-json\/wp\/v2\/product_cat?post=30997"},{"taxonomy":"product_tag","embeddable":true,"href":"https:\/\/www.gasia.com.tr\/en\/wp-json\/wp\/v2\/product_tag?post=30997"}],"curies":[{"name":"wp","href":"https:\/\/api.w.org\/{rel}","templated":true}]}}