{"id":30999,"date":"2025-10-09T00:00:00","date_gmt":"2025-10-08T21:00:00","guid":{"rendered":"https:\/\/www.gasia.com.tr\/tr\/?post_type=product&#038;p=30999"},"modified":"2026-04-24T16:55:16","modified_gmt":"2026-04-24T13:55:16","slug":"kalp-motifli-pirlanta-detayli-altin-ear-cuff","status":"publish","type":"product","link":"https:\/\/www.gasia.com.tr\/en\/collections\/kalp-motifli-pirlanta-detayli-altin-ear-cuff\/","title":{"rendered":"Kalp Motifli P\u0131rlanta Detayl\u0131 Alt\u0131n Ear Cuff"},"content":{"rendered":"<p data-start=\"64\" data-end=\"357\">Romantik detaylar\u0131 modern bir formda bulu\u015fturan bu zarif ear cuff, kalp motifleriyle sevgi ve zarafeti simgeler. \u0130nce bir dal formu \u00fczerinde s\u0131ralanan a\u00e7\u0131k kalp fig\u00fcrlerinin merkezinde yer alan p\u0131rlanta ta\u015flar, tasar\u0131ma \u0131\u015f\u0131lt\u0131l\u0131 ve sofistike bir dokunu\u015f katar.<\/p>\n<p data-start=\"359\" data-end=\"588\">Kulak boyunca yukar\u0131 do\u011fru uzanan ak\u0131c\u0131 yap\u0131s\u0131 sayesinde tek ba\u015f\u0131na dikkat \u00e7ekici bir stil sunarken, farkl\u0131 k\u00fcpelerle kombinlendi\u011finde g\u00fc\u00e7l\u00fc ve trend bir g\u00f6r\u00fcn\u00fcm yarat\u0131r. Delik gerektirmeyen yap\u0131s\u0131 ile konforlu kullan\u0131m sa\u011flar.<\/p>\n<p data-start=\"590\" data-end=\"786\">Alt\u0131n\u0131n s\u0131cak tonu ile romantik tasar\u0131m\u0131n birle\u015fimi, bu par\u00e7ay\u0131 hem g\u00fcnl\u00fck stil hem de \u00f6zel anlar i\u00e7in ideal hale getirir. Minimal ama anlaml\u0131 bir tasar\u0131m arayanlar i\u00e7in zamans\u0131z bir se\u00e7enektir.<\/p>","protected":false},"excerpt":{"rendered":"<ul>\n<li>14 Ayar Alt\u0131n<\/li>\n<li>0,11 ct P\u0131rlanta<\/li>\n<li>K\u00fcpemiz Tek olarak sat\u0131lmaktad\u0131r<\/li>\n<li>Sa\u011f ve Sol kulak i\u00e7in sipari\u015f verilebilir<\/li>\n<\/ul>","protected":false},"featured_media":30895,"comment_status":"open","ping_status":"closed","template":"","meta":[],"product_brand":[2718],"product_cat":[74,210],"product_tag":[3653,3639,2029,3654,3658,2042,3657,3656,3655,952,945,2047],"class_list":{"0":"post-30999","1":"product","2":"type-product","3":"status-publish","4":"has-post-thumbnail","6":"product_brand-gasia-casuals","7":"product_cat-kupe-modelleri","8":"product_cat-love-you-koleksiyonu","9":"product_tag-altin-ear-cuff","10":"product_tag-diamond-ear-cuff","11":"product_tag-ear-cuff-earring","12":"product_tag-gold-ear-cuff","13":"product_tag-heart-ear-cuff","14":"product_tag-kadin-taki","15":"product_tag-kalp-ear-cuff","16":"product_tag-kulak-manseti","17":"product_tag-pirlanta-ear-cuff","18":"product_tag-romantic-earrings","19":"product_tag-romantik-kupe","20":"product_tag-women-jewelry","21":"pa_cinsiyet-kadin","23":"first","24":"instock","25":"sale","26":"shipping-taxable","27":"purchasable","28":"product-type-simple"},"_links":{"self":[{"href":"https:\/\/www.gasia.com.tr\/en\/wp-json\/wp\/v2\/product\/30999","targetHints":{"allow":["GET"]}}],"collection":[{"href":"https:\/\/www.gasia.com.tr\/en\/wp-json\/wp\/v2\/product"}],"about":[{"href":"https:\/\/www.gasia.com.tr\/en\/wp-json\/wp\/v2\/types\/product"}],"replies":[{"embeddable":true,"href":"https:\/\/www.gasia.com.tr\/en\/wp-json\/wp\/v2\/comments?post=30999"}],"version-history":[{"count":4,"href":"https:\/\/www.gasia.com.tr\/en\/wp-json\/wp\/v2\/product\/30999\/revisions"}],"predecessor-version":[{"id":42697,"href":"https:\/\/www.gasia.com.tr\/en\/wp-json\/wp\/v2\/product\/30999\/revisions\/42697"}],"wp:featuredmedia":[{"embeddable":true,"href":"https:\/\/www.gasia.com.tr\/en\/wp-json\/wp\/v2\/media\/30895"}],"wp:attachment":[{"href":"https:\/\/www.gasia.com.tr\/en\/wp-json\/wp\/v2\/media?parent=30999"}],"wp:term":[{"taxonomy":"product_brand","embeddable":true,"href":"https:\/\/www.gasia.com.tr\/en\/wp-json\/wp\/v2\/product_brand?post=30999"},{"taxonomy":"product_cat","embeddable":true,"href":"https:\/\/www.gasia.com.tr\/en\/wp-json\/wp\/v2\/product_cat?post=30999"},{"taxonomy":"product_tag","embeddable":true,"href":"https:\/\/www.gasia.com.tr\/en\/wp-json\/wp\/v2\/product_tag?post=30999"}],"curies":[{"name":"wp","href":"https:\/\/api.w.org\/{rel}","templated":true}]}}