{"id":31011,"date":"2025-10-07T17:04:52","date_gmt":"2025-10-07T14:04:52","guid":{"rendered":"https:\/\/www.gasia.com.tr\/tr\/?post_type=product&#038;p=31011"},"modified":"2025-12-02T14:02:00","modified_gmt":"2025-12-02T11:02:00","slug":"kirlangic-kuslu-sahmaran","status":"publish","type":"product","link":"https:\/\/www.gasia.com.tr\/en\/collections\/kirlangic-kuslu-sahmaran\/","title":{"rendered":"K\u0131rlang\u0131\u00e7 ku\u015flu \u015fahmaran"},"content":{"rendered":"","protected":false},"excerpt":{"rendered":"<ul>\n<li>\n<p>14 Ayar Alt\u0131n<\/p>\n<\/li>\n<li>\n<p>925 Ayar Okside G\u00fcm\u00fc\u015f<\/p>\n<\/li>\n<li>\n<p>0,19 ct P\u0131rlanta&nbsp;<\/p>\n<\/li>\n<\/ul>","protected":false},"featured_media":30884,"comment_status":"open","ping_status":"closed","template":"","meta":[],"product_brand":[],"product_cat":[216],"product_tag":[],"class_list":{"0":"post-31011","1":"product","2":"type-product","3":"status-publish","4":"has-post-thumbnail","6":"product_cat-sahmeran-koleksiyonu","7":"pa_cinsiyet-kadin","9":"first","10":"instock","11":"shipping-taxable","12":"purchasable","13":"product-type-simple"},"_links":{"self":[{"href":"https:\/\/www.gasia.com.tr\/en\/wp-json\/wp\/v2\/product\/31011","targetHints":{"allow":["GET"]}}],"collection":[{"href":"https:\/\/www.gasia.com.tr\/en\/wp-json\/wp\/v2\/product"}],"about":[{"href":"https:\/\/www.gasia.com.tr\/en\/wp-json\/wp\/v2\/types\/product"}],"replies":[{"embeddable":true,"href":"https:\/\/www.gasia.com.tr\/en\/wp-json\/wp\/v2\/comments?post=31011"}],"version-history":[{"count":2,"href":"https:\/\/www.gasia.com.tr\/en\/wp-json\/wp\/v2\/product\/31011\/revisions"}],"predecessor-version":[{"id":34369,"href":"https:\/\/www.gasia.com.tr\/en\/wp-json\/wp\/v2\/product\/31011\/revisions\/34369"}],"wp:featuredmedia":[{"embeddable":true,"href":"https:\/\/www.gasia.com.tr\/en\/wp-json\/wp\/v2\/media\/30884"}],"wp:attachment":[{"href":"https:\/\/www.gasia.com.tr\/en\/wp-json\/wp\/v2\/media?parent=31011"}],"wp:term":[{"taxonomy":"product_brand","embeddable":true,"href":"https:\/\/www.gasia.com.tr\/en\/wp-json\/wp\/v2\/product_brand?post=31011"},{"taxonomy":"product_cat","embeddable":true,"href":"https:\/\/www.gasia.com.tr\/en\/wp-json\/wp\/v2\/product_cat?post=31011"},{"taxonomy":"product_tag","embeddable":true,"href":"https:\/\/www.gasia.com.tr\/en\/wp-json\/wp\/v2\/product_tag?post=31011"}],"curies":[{"name":"wp","href":"https:\/\/api.w.org\/{rel}","templated":true}]}}