{"id":31018,"date":"2025-10-07T17:19:52","date_gmt":"2025-10-07T14:19:52","guid":{"rendered":"https:\/\/www.gasia.com.tr\/tr\/?post_type=product&#038;p=31018"},"modified":"2025-12-02T14:01:59","modified_gmt":"2025-12-02T11:01:59","slug":"pirlanta-sallantili-sahmaran","status":"publish","type":"product","link":"https:\/\/www.gasia.com.tr\/en\/collections\/pirlanta-sallantili-sahmaran\/","title":{"rendered":"P\u0131rlanta sallant\u0131l\u0131 ve Safirli Halhal"},"content":{"rendered":"","protected":false},"excerpt":{"rendered":"<ul>\n<li>\n<p>14 Ayar Alt\u0131n<\/p>\n<\/li>\n<li>\n<p>0,12 ct P\u0131rlanta<\/p>\n<\/li>\n<li>\n<p>0,92 ct Elmas kesim Avustralya Safir<\/p>\n<\/li>\n<\/ul>","protected":false},"featured_media":30882,"comment_status":"open","ping_status":"closed","template":"","meta":[],"product_brand":[],"product_cat":[216],"product_tag":[],"class_list":{"0":"post-31018","1":"product","2":"type-product","3":"status-publish","4":"has-post-thumbnail","6":"product_cat-sahmeran-koleksiyonu","7":"pa_cinsiyet-kadin","9":"first","10":"instock","11":"shipping-taxable","12":"purchasable","13":"product-type-simple"},"_links":{"self":[{"href":"https:\/\/www.gasia.com.tr\/en\/wp-json\/wp\/v2\/product\/31018","targetHints":{"allow":["GET"]}}],"collection":[{"href":"https:\/\/www.gasia.com.tr\/en\/wp-json\/wp\/v2\/product"}],"about":[{"href":"https:\/\/www.gasia.com.tr\/en\/wp-json\/wp\/v2\/types\/product"}],"replies":[{"embeddable":true,"href":"https:\/\/www.gasia.com.tr\/en\/wp-json\/wp\/v2\/comments?post=31018"}],"version-history":[{"count":2,"href":"https:\/\/www.gasia.com.tr\/en\/wp-json\/wp\/v2\/product\/31018\/revisions"}],"predecessor-version":[{"id":34367,"href":"https:\/\/www.gasia.com.tr\/en\/wp-json\/wp\/v2\/product\/31018\/revisions\/34367"}],"wp:featuredmedia":[{"embeddable":true,"href":"https:\/\/www.gasia.com.tr\/en\/wp-json\/wp\/v2\/media\/30882"}],"wp:attachment":[{"href":"https:\/\/www.gasia.com.tr\/en\/wp-json\/wp\/v2\/media?parent=31018"}],"wp:term":[{"taxonomy":"product_brand","embeddable":true,"href":"https:\/\/www.gasia.com.tr\/en\/wp-json\/wp\/v2\/product_brand?post=31018"},{"taxonomy":"product_cat","embeddable":true,"href":"https:\/\/www.gasia.com.tr\/en\/wp-json\/wp\/v2\/product_cat?post=31018"},{"taxonomy":"product_tag","embeddable":true,"href":"https:\/\/www.gasia.com.tr\/en\/wp-json\/wp\/v2\/product_tag?post=31018"}],"curies":[{"name":"wp","href":"https:\/\/api.w.org\/{rel}","templated":true}]}}