{"id":31020,"date":"2025-10-07T17:22:16","date_gmt":"2025-10-07T14:22:16","guid":{"rendered":"https:\/\/www.gasia.com.tr\/tr\/?post_type=product&#038;p=31020"},"modified":"2025-12-02T14:01:59","modified_gmt":"2025-12-02T11:01:59","slug":"cift-kurukafa-sahmaran","status":"publish","type":"product","link":"https:\/\/www.gasia.com.tr\/en\/collections\/cift-kurukafa-sahmaran\/","title":{"rendered":"\u00c7ift kurukafa \u015fahmaran"},"content":{"rendered":"","protected":false},"excerpt":{"rendered":"<ul>\n<li>\n<p>14 Ayar Alt\u0131n<\/p>\n<\/li>\n<li>\n<p>925 Ayar Okside G\u00fcm\u00fc\u015f<\/p>\n<\/li>\n<li>\n<p>0,16 ct P\u0131rlanta<\/p>\n<\/p>\n<\/li>\n<\/ul>","protected":false},"featured_media":30880,"comment_status":"open","ping_status":"closed","template":"","meta":[],"product_brand":[],"product_cat":[216],"product_tag":[],"class_list":{"0":"post-31020","1":"product","2":"type-product","3":"status-publish","4":"has-post-thumbnail","6":"product_cat-sahmeran-koleksiyonu","7":"pa_cinsiyet-kadin","9":"first","10":"instock","11":"shipping-taxable","12":"purchasable","13":"product-type-simple"},"_links":{"self":[{"href":"https:\/\/www.gasia.com.tr\/en\/wp-json\/wp\/v2\/product\/31020","targetHints":{"allow":["GET"]}}],"collection":[{"href":"https:\/\/www.gasia.com.tr\/en\/wp-json\/wp\/v2\/product"}],"about":[{"href":"https:\/\/www.gasia.com.tr\/en\/wp-json\/wp\/v2\/types\/product"}],"replies":[{"embeddable":true,"href":"https:\/\/www.gasia.com.tr\/en\/wp-json\/wp\/v2\/comments?post=31020"}],"version-history":[{"count":2,"href":"https:\/\/www.gasia.com.tr\/en\/wp-json\/wp\/v2\/product\/31020\/revisions"}],"predecessor-version":[{"id":34366,"href":"https:\/\/www.gasia.com.tr\/en\/wp-json\/wp\/v2\/product\/31020\/revisions\/34366"}],"wp:featuredmedia":[{"embeddable":true,"href":"https:\/\/www.gasia.com.tr\/en\/wp-json\/wp\/v2\/media\/30880"}],"wp:attachment":[{"href":"https:\/\/www.gasia.com.tr\/en\/wp-json\/wp\/v2\/media?parent=31020"}],"wp:term":[{"taxonomy":"product_brand","embeddable":true,"href":"https:\/\/www.gasia.com.tr\/en\/wp-json\/wp\/v2\/product_brand?post=31020"},{"taxonomy":"product_cat","embeddable":true,"href":"https:\/\/www.gasia.com.tr\/en\/wp-json\/wp\/v2\/product_cat?post=31020"},{"taxonomy":"product_tag","embeddable":true,"href":"https:\/\/www.gasia.com.tr\/en\/wp-json\/wp\/v2\/product_tag?post=31020"}],"curies":[{"name":"wp","href":"https:\/\/api.w.org\/{rel}","templated":true}]}}