{"id":31022,"date":"2025-10-07T17:24:13","date_gmt":"2025-10-07T14:24:13","guid":{"rendered":"https:\/\/www.gasia.com.tr\/tr\/?post_type=product&#038;p=31022"},"modified":"2026-04-12T18:57:27","modified_gmt":"2026-04-12T15:57:27","slug":"hat-sanati-motifli-kol-dugmesi","status":"publish","type":"product","link":"https:\/\/www.gasia.com.tr\/en\/collections\/hat-sanati-motifli-kol-dugmesi\/","title":{"rendered":"Hat Sanat\u0131 Motifli Kol D\u00fc\u011fmesi"},"content":{"rendered":"<p>Geleneksel hat sanat\u0131n\u0131n zarif dokunu\u015flar\u0131n\u0131 modern tasar\u0131mla bulu\u015fturan bu kol d\u00fc\u011fmesi, estetik ve anlam\u0131 bir arada sunar. Derin tonlara sahip zemin \u00fczerine i\u015flenen hat motifi, dikkat \u00e7ekici bir g\u00f6r\u00fcn\u00fcm olu\u015ftururken \u00e7evresini saran ta\u015f detaylar\u0131 tasar\u0131ma \u0131\u015f\u0131lt\u0131 katar. \u00dcst b\u00f6l\u00fcmde yer alan \u00f6zel form ve ince detaylar, \u00fcr\u00fcne karakteristik bir duru\u015f kazand\u0131r\u0131r. Klasik stiline anlam katmak isteyenler i\u00e7in hem g\u00fc\u00e7l\u00fc hem de zarif bir tamamlay\u0131c\u0131d\u0131r.<\/p>","protected":false},"excerpt":{"rendered":"<ul>\n<li>24 ayar 995\u00a0 Alt\u0131n<\/li>\n<li>925 Ayar Okside G\u00fcm\u00fc\u015f<\/li>\n<li>1,60 ct P\u0131rlanta<\/li>\n<li>0,85 ct Yakut<\/li>\n<li>Mikro el i\u015f\u00e7i\u011fi<\/li>\n<\/ul>","protected":false},"featured_media":41936,"comment_status":"open","ping_status":"closed","template":"","meta":[],"product_brand":[2957],"product_cat":[252],"product_tag":[1917,1775,1782,3385,617,3386,3383,3384,1906,1774,1778,3387,3367,3365,3364,3388],"class_list":{"0":"post-31022","1":"product","2":"type-product","3":"status-publish","4":"has-post-thumbnail","6":"product_brand-gasia-for-man","7":"product_cat-kol-dugmesi","8":"product_tag-classic-cufflinks","9":"product_tag-cufflinks","10":"product_tag-designer-cufflinks","11":"product_tag-el-yapimi-kol-dugmesi","12":"product_tag-erkek-aksesuar","13":"product_tag-handmade-cufflinks","14":"product_tag-hat-sanati-kol-dugmesi","15":"product_tag-islamic-calligraphy-cufflinks","16":"product_tag-klasik-kol-dugmesi","17":"product_tag-kol-dugmesi","18":"product_tag-men-accessories","19":"product_tag-otantik-kol-dugmesi","20":"product_tag-ozel-tasarim-kol-dugmesi","21":"product_tag-stone-cufflinks","22":"product_tag-tasli-kol-dugmesi","23":"product_tag-vintage-cufflinks","24":"pa_cinsiyet-erkek","26":"first","27":"onbackorder","28":"shipping-taxable","29":"product-type-simple"},"_links":{"self":[{"href":"https:\/\/www.gasia.com.tr\/en\/wp-json\/wp\/v2\/product\/31022","targetHints":{"allow":["GET"]}}],"collection":[{"href":"https:\/\/www.gasia.com.tr\/en\/wp-json\/wp\/v2\/product"}],"about":[{"href":"https:\/\/www.gasia.com.tr\/en\/wp-json\/wp\/v2\/types\/product"}],"replies":[{"embeddable":true,"href":"https:\/\/www.gasia.com.tr\/en\/wp-json\/wp\/v2\/comments?post=31022"}],"version-history":[{"count":4,"href":"https:\/\/www.gasia.com.tr\/en\/wp-json\/wp\/v2\/product\/31022\/revisions"}],"predecessor-version":[{"id":41938,"href":"https:\/\/www.gasia.com.tr\/en\/wp-json\/wp\/v2\/product\/31022\/revisions\/41938"}],"wp:featuredmedia":[{"embeddable":true,"href":"https:\/\/www.gasia.com.tr\/en\/wp-json\/wp\/v2\/media\/41936"}],"wp:attachment":[{"href":"https:\/\/www.gasia.com.tr\/en\/wp-json\/wp\/v2\/media?parent=31022"}],"wp:term":[{"taxonomy":"product_brand","embeddable":true,"href":"https:\/\/www.gasia.com.tr\/en\/wp-json\/wp\/v2\/product_brand?post=31022"},{"taxonomy":"product_cat","embeddable":true,"href":"https:\/\/www.gasia.com.tr\/en\/wp-json\/wp\/v2\/product_cat?post=31022"},{"taxonomy":"product_tag","embeddable":true,"href":"https:\/\/www.gasia.com.tr\/en\/wp-json\/wp\/v2\/product_tag?post=31022"}],"curies":[{"name":"wp","href":"https:\/\/api.w.org\/{rel}","templated":true}]}}