{"id":31024,"date":"2025-11-03T00:00:00","date_gmt":"2025-11-02T21:00:00","guid":{"rendered":"https:\/\/www.gasia.com.tr\/tr\/?post_type=product&#038;p=31024"},"modified":"2026-03-23T16:01:21","modified_gmt":"2026-03-23T13:01:21","slug":"rose-altin-bileklik-beyaz-topaz-ve-pirlanta-detayli-minimal-tasarim","status":"publish","type":"product","link":"https:\/\/www.gasia.com.tr\/en\/collections\/rose-altin-bileklik-beyaz-topaz-ve-pirlanta-detayli-minimal-tasarim\/","title":{"rendered":"Rose Alt\u0131n Bileklik Beyaz Topaz ve P\u0131rlanta Detayl\u0131 Minimal Tasar\u0131m"},"content":{"rendered":"<p>Rose alt\u0131n zincir \u00fczerinde yer alan beyaz topaz ta\u015f, berrak ve \u0131\u015f\u0131\u011f\u0131 g\u00fc\u00e7l\u00fc \u015fekilde yans\u0131tan yap\u0131s\u0131yla dikkat \u00e7eker. Etraf\u0131n\u0131 saran p\u0131rlanta detaylar tasar\u0131ma zarif bir \u0131\u015f\u0131lt\u0131 kazand\u0131r\u0131rken, ince formu g\u00fcnl\u00fck ve \u00f6zel kombinlere kolayca uyum sa\u011flar. Modern \u00e7izgileri ve sade \u015f\u0131kl\u0131\u011f\u0131yla \u00f6ne \u00e7\u0131kan zarif bir bileklik modelidir.<\/p>","protected":false},"excerpt":{"rendered":"<ul>\n<li>14 Ayar Alt\u0131n<\/li>\n<li>0,11 ct P\u0131rlanta<\/li>\n<li>Pembe Topaz<\/li>\n<li>16-17,5 cm Ayarlanabilir uzunluk<\/li>\n<\/ul>","protected":false},"featured_media":40323,"comment_status":"open","ping_status":"closed","template":"","meta":[],"product_brand":[],"product_cat":[73],"product_tag":[504,2253,2251,2240,507,2215,365,361,426,358,362,2252,366,2254,2255,1083],"class_list":{"0":"post-31024","1":"product","2":"type-product","3":"status-publish","4":"has-post-thumbnail","6":"product_cat-altin-pirlanta-bileklik","7":"product_tag-altin-bileklik","8":"product_tag-beyaz-tasli-bileklik","9":"product_tag-beyaz-topaz-bileklik","10":"product_tag-delicate-bracelet","11":"product_tag-diamond-bracelet","12":"product_tag-ince-bileklik","13":"product_tag-kadin-bileklik","14":"product_tag-minimal-bileklik","15":"product_tag-minimalist-bracelet","16":"product_tag-pirlanta-bileklik","17":"product_tag-pirlanta-detayli-bileklik","18":"product_tag-rose-altin-bileklik","19":"product_tag-sik-bileklik","20":"product_tag-topaz-bileklik","21":"product_tag-white-topaz-bracelet","22":"product_tag-zarif-bileklik","23":"pa_cinsiyet-kadin","25":"first","26":"instock","27":"sale","28":"shipping-taxable","29":"purchasable","30":"product-type-simple"},"_links":{"self":[{"href":"https:\/\/www.gasia.com.tr\/en\/wp-json\/wp\/v2\/product\/31024","targetHints":{"allow":["GET"]}}],"collection":[{"href":"https:\/\/www.gasia.com.tr\/en\/wp-json\/wp\/v2\/product"}],"about":[{"href":"https:\/\/www.gasia.com.tr\/en\/wp-json\/wp\/v2\/types\/product"}],"replies":[{"embeddable":true,"href":"https:\/\/www.gasia.com.tr\/en\/wp-json\/wp\/v2\/comments?post=31024"}],"version-history":[{"count":2,"href":"https:\/\/www.gasia.com.tr\/en\/wp-json\/wp\/v2\/product\/31024\/revisions"}],"predecessor-version":[{"id":40324,"href":"https:\/\/www.gasia.com.tr\/en\/wp-json\/wp\/v2\/product\/31024\/revisions\/40324"}],"wp:featuredmedia":[{"embeddable":true,"href":"https:\/\/www.gasia.com.tr\/en\/wp-json\/wp\/v2\/media\/40323"}],"wp:attachment":[{"href":"https:\/\/www.gasia.com.tr\/en\/wp-json\/wp\/v2\/media?parent=31024"}],"wp:term":[{"taxonomy":"product_brand","embeddable":true,"href":"https:\/\/www.gasia.com.tr\/en\/wp-json\/wp\/v2\/product_brand?post=31024"},{"taxonomy":"product_cat","embeddable":true,"href":"https:\/\/www.gasia.com.tr\/en\/wp-json\/wp\/v2\/product_cat?post=31024"},{"taxonomy":"product_tag","embeddable":true,"href":"https:\/\/www.gasia.com.tr\/en\/wp-json\/wp\/v2\/product_tag?post=31024"}],"curies":[{"name":"wp","href":"https:\/\/api.w.org\/{rel}","templated":true}]}}