{"id":31184,"date":"2025-10-09T17:39:09","date_gmt":"2025-10-09T14:39:09","guid":{"rendered":"https:\/\/www.gasia.com.tr\/tr\/?post_type=product&#038;p=31184"},"modified":"2025-12-11T00:56:40","modified_gmt":"2025-12-10T21:56:40","slug":"shot-bardagi-yuzuk","status":"publish","type":"product","link":"https:\/\/www.gasia.com.tr\/en\/collections\/shot-bardagi-yuzuk\/","title":{"rendered":"Shot Barda\u011f\u0131 y\u00fcz\u00fck"},"content":{"rendered":"","protected":false},"excerpt":{"rendered":"<ul>\n<li>Detaylar i\u00e7in l\u00fctfen irtibata ge\u00e7in<\/li>\n<\/ul>","protected":false},"featured_media":35161,"comment_status":"open","ping_status":"closed","template":"","meta":[],"product_brand":[],"product_cat":[264],"product_tag":[],"class_list":{"0":"post-31184","1":"product","2":"type-product","3":"status-publish","4":"has-post-thumbnail","6":"product_cat-gasia-1974-koleksiyonu","7":"pa_cinsiyet-kadin","9":"first","10":"instock","11":"shipping-taxable","12":"product-type-simple"},"_links":{"self":[{"href":"https:\/\/www.gasia.com.tr\/en\/wp-json\/wp\/v2\/product\/31184","targetHints":{"allow":["GET"]}}],"collection":[{"href":"https:\/\/www.gasia.com.tr\/en\/wp-json\/wp\/v2\/product"}],"about":[{"href":"https:\/\/www.gasia.com.tr\/en\/wp-json\/wp\/v2\/types\/product"}],"replies":[{"embeddable":true,"href":"https:\/\/www.gasia.com.tr\/en\/wp-json\/wp\/v2\/comments?post=31184"}],"version-history":[{"count":2,"href":"https:\/\/www.gasia.com.tr\/en\/wp-json\/wp\/v2\/product\/31184\/revisions"}],"predecessor-version":[{"id":35162,"href":"https:\/\/www.gasia.com.tr\/en\/wp-json\/wp\/v2\/product\/31184\/revisions\/35162"}],"wp:featuredmedia":[{"embeddable":true,"href":"https:\/\/www.gasia.com.tr\/en\/wp-json\/wp\/v2\/media\/35161"}],"wp:attachment":[{"href":"https:\/\/www.gasia.com.tr\/en\/wp-json\/wp\/v2\/media?parent=31184"}],"wp:term":[{"taxonomy":"product_brand","embeddable":true,"href":"https:\/\/www.gasia.com.tr\/en\/wp-json\/wp\/v2\/product_brand?post=31184"},{"taxonomy":"product_cat","embeddable":true,"href":"https:\/\/www.gasia.com.tr\/en\/wp-json\/wp\/v2\/product_cat?post=31184"},{"taxonomy":"product_tag","embeddable":true,"href":"https:\/\/www.gasia.com.tr\/en\/wp-json\/wp\/v2\/product_tag?post=31184"}],"curies":[{"name":"wp","href":"https:\/\/api.w.org\/{rel}","templated":true}]}}