{"id":31203,"date":"2025-10-10T11:36:28","date_gmt":"2025-10-10T08:36:28","guid":{"rendered":"https:\/\/www.gasia.com.tr\/tr\/?post_type=product&#038;p=31203"},"modified":"2026-04-16T18:29:19","modified_gmt":"2026-04-16T15:29:19","slug":"oksitli-gumus-islemeli-kurukafa-motifli-pirlanta-tasli-kolye","status":"publish","type":"product","link":"https:\/\/www.gasia.com.tr\/en\/collections\/oksitli-gumus-islemeli-kurukafa-motifli-pirlanta-tasli-kolye\/","title":{"rendered":"Oksitli g\u00fcm\u00fc\u015f i\u015flemeli kurukafa motifli p\u0131rlanta ta\u015fl\u0131 kolye"},"content":{"rendered":"<p data-start=\"76\" data-end=\"354\">G\u00fc\u00e7l\u00fc ve iddial\u0131 tasar\u0131m\u0131yla dikkat \u00e7eken bu kolye, kurukafa formunu zarif p\u0131rlanta detaylarla bulu\u015fturuyor. Oksitli g\u00fcm\u00fc\u015f y\u00fczey \u00fczerine i\u015flenen ince motifler, tasar\u0131ma derinlik ve karakter katarken, yerle\u015ftirilen p\u0131rlanta ta\u015flar sofistike bir \u0131\u015f\u0131lt\u0131 sunar.<\/p>\n<p data-start=\"356\" data-end=\"597\">Gotik esteti\u011fi modern dokunu\u015flarla yeniden yorumlayan bu \u00f6zel par\u00e7a, klasik kurukafa fig\u00fcr\u00fcn\u00fc l\u00fcks bir m\u00fccevher formuna d\u00f6n\u00fc\u015ft\u00fcr\u00fcr. El i\u015f\u00e7ili\u011fi hissi veren detaylar ve ta\u015flar\u0131n \u0131\u015f\u0131kla bulu\u015fmas\u0131, kolyeyi g\u00fc\u00e7l\u00fc bir stil ifadesine d\u00f6n\u00fc\u015ft\u00fcr\u00fcr.<\/p>\n<p data-start=\"599\" data-end=\"760\">Farkl\u0131 ve dikkat \u00e7ekici bir aksesuar arayanlar i\u00e7in tasarlanan bu kolye, hem g\u00fcnl\u00fck kullan\u0131mda hem de \u00f6zel kombinlerde stilinizi tamamlayan \u00f6zg\u00fcn bir par\u00e7ad\u0131r.<\/p>","protected":false},"excerpt":{"rendered":"<ul>\n<li>18 Ayar 750 Alt\u0131n<\/li>\n<li>925 Ayar Okside G\u00fcm\u00fc\u015f<\/li>\n<li>1,11 ct P\u0131rlanta<\/li>\n<li>75 cm Zinicir uzunlu\u011fu<\/li>\n<\/ul>","protected":false},"featured_media":42381,"comment_status":"open","ping_status":"closed","template":"","meta":[],"product_brand":[77,2957],"product_cat":[264],"product_tag":[633,3482,481,465,754,3481,3474,1405,489,329,3027],"class_list":{"0":"post-31203","1":"product","2":"type-product","3":"status-publish","4":"has-post-thumbnail","6":"product_brand-gasia","7":"product_brand-gasia-for-man","8":"product_cat-gasia-1974-koleksiyonu","9":"product_tag-designer-necklace","10":"product_tag-diamond-skull-necklace","11":"product_tag-erkek-kolye","12":"product_tag-gothic-jewelry","13":"product_tag-gotik-kolye","14":"product_tag-kurukafa-kolye","15":"product_tag-oksitli-gumus-kolye","16":"product_tag-pirlantali-kolye","17":"product_tag-statement-necklace","18":"product_tag-tasli-kolye","19":"product_tag-unisex-kolye","20":"pa_cinsiyet-kadin","22":"first","23":"instock","24":"shipping-taxable","25":"purchasable","26":"product-type-simple"},"_links":{"self":[{"href":"https:\/\/www.gasia.com.tr\/en\/wp-json\/wp\/v2\/product\/31203","targetHints":{"allow":["GET"]}}],"collection":[{"href":"https:\/\/www.gasia.com.tr\/en\/wp-json\/wp\/v2\/product"}],"about":[{"href":"https:\/\/www.gasia.com.tr\/en\/wp-json\/wp\/v2\/types\/product"}],"replies":[{"embeddable":true,"href":"https:\/\/www.gasia.com.tr\/en\/wp-json\/wp\/v2\/comments?post=31203"}],"version-history":[{"count":4,"href":"https:\/\/www.gasia.com.tr\/en\/wp-json\/wp\/v2\/product\/31203\/revisions"}],"predecessor-version":[{"id":42382,"href":"https:\/\/www.gasia.com.tr\/en\/wp-json\/wp\/v2\/product\/31203\/revisions\/42382"}],"wp:featuredmedia":[{"embeddable":true,"href":"https:\/\/www.gasia.com.tr\/en\/wp-json\/wp\/v2\/media\/42381"}],"wp:attachment":[{"href":"https:\/\/www.gasia.com.tr\/en\/wp-json\/wp\/v2\/media?parent=31203"}],"wp:term":[{"taxonomy":"product_brand","embeddable":true,"href":"https:\/\/www.gasia.com.tr\/en\/wp-json\/wp\/v2\/product_brand?post=31203"},{"taxonomy":"product_cat","embeddable":true,"href":"https:\/\/www.gasia.com.tr\/en\/wp-json\/wp\/v2\/product_cat?post=31203"},{"taxonomy":"product_tag","embeddable":true,"href":"https:\/\/www.gasia.com.tr\/en\/wp-json\/wp\/v2\/product_tag?post=31203"}],"curies":[{"name":"wp","href":"https:\/\/api.w.org\/{rel}","templated":true}]}}