{"id":31247,"date":"2025-10-10T13:39:16","date_gmt":"2025-10-10T10:39:16","guid":{"rendered":"https:\/\/www.gasia.com.tr\/tr\/?post_type=product&#038;p=31247"},"modified":"2026-04-12T18:35:06","modified_gmt":"2026-04-12T15:35:06","slug":"mine-detayli-kartal-motifli-kol-dugmesi","status":"publish","type":"product","link":"https:\/\/www.gasia.com.tr\/en\/collections\/mine-detayli-kartal-motifli-kol-dugmesi\/","title":{"rendered":"Mine Detayl\u0131 Kartal Motifli Kol D\u00fc\u011fmesi"},"content":{"rendered":"<p>Canl\u0131 k\u0131rm\u0131z\u0131 mine zemin \u00fczerine i\u015flenmi\u015f kartal fig\u00fcr\u00fcyle dikkat \u00e7eken bu kol d\u00fc\u011fmesi, g\u00fc\u00e7l\u00fc ve karakterli bir stil sunar. Detayl\u0131 ta\u015f s\u00fcslemeleri ve siyah\u2013alt\u0131n tonlar\u0131n\u0131n uyumu tasar\u0131ma derinlik kazand\u0131r\u0131rken, merkezdeki parlak ta\u015f \u015f\u0131kl\u0131\u011f\u0131 tamamlar. P\u00fcr\u00fczs\u00fcz mine y\u00fczeyi \u0131\u015f\u0131\u011f\u0131 etkileyici \u015fekilde yans\u0131tarak her a\u00e7\u0131dan g\u00f6z al\u0131c\u0131 bir g\u00f6r\u00fcn\u00fcm olu\u015fturur. \u00d6zenli i\u015f\u00e7iligiyle \u00f6ne \u00e7\u0131kan bu par\u00e7a, klasik ve \u00f6zel kombinlerde fark yaratmak isteyenler i\u00e7in ideal bir aksesuard\u0131r.<\/p>","protected":false},"excerpt":{"rendered":"<ul>\n<li>18 Ayar 750 Alt\u0131n<\/li>\n<li>925 Ayar Okside G\u00fcm\u00fc\u015f<\/li>\n<li>1,22 ct P\u0131rlanta<\/li>\n<\/ul>","protected":false},"featured_media":41924,"comment_status":"open","ping_status":"closed","template":"","meta":[],"product_brand":[2957],"product_cat":[252],"product_tag":[1782,3363,3359,617,3362,3360,1778,3358,3367,3361,1779,3365,3366,3364],"class_list":{"0":"post-31247","1":"product","2":"type-product","3":"status-publish","4":"has-post-thumbnail","6":"product_brand-gasia-for-man","7":"product_cat-kol-dugmesi","8":"product_tag-designer-cufflinks","9":"product_tag-eagle-cufflinks","10":"product_tag-enamel-cufflinks","11":"product_tag-erkek-aksesuar","12":"product_tag-kartal-kol-dugmesi","13":"product_tag-kirmizi-mine-kol-dugmesi","14":"product_tag-men-accessories","15":"product_tag-mine-kol-dugmesi","16":"product_tag-ozel-tasarim-kol-dugmesi","17":"product_tag-red-enamel-cufflinks","18":"product_tag-sik-kol-dugmesi","19":"product_tag-stone-cufflinks","20":"product_tag-stylish-cufflinks","21":"product_tag-tasli-kol-dugmesi","22":"pa_cinsiyet-erkek","24":"first","25":"onbackorder","26":"shipping-taxable","27":"product-type-simple"},"_links":{"self":[{"href":"https:\/\/www.gasia.com.tr\/en\/wp-json\/wp\/v2\/product\/31247","targetHints":{"allow":["GET"]}}],"collection":[{"href":"https:\/\/www.gasia.com.tr\/en\/wp-json\/wp\/v2\/product"}],"about":[{"href":"https:\/\/www.gasia.com.tr\/en\/wp-json\/wp\/v2\/types\/product"}],"replies":[{"embeddable":true,"href":"https:\/\/www.gasia.com.tr\/en\/wp-json\/wp\/v2\/comments?post=31247"}],"version-history":[{"count":4,"href":"https:\/\/www.gasia.com.tr\/en\/wp-json\/wp\/v2\/product\/31247\/revisions"}],"predecessor-version":[{"id":41926,"href":"https:\/\/www.gasia.com.tr\/en\/wp-json\/wp\/v2\/product\/31247\/revisions\/41926"}],"wp:featuredmedia":[{"embeddable":true,"href":"https:\/\/www.gasia.com.tr\/en\/wp-json\/wp\/v2\/media\/41924"}],"wp:attachment":[{"href":"https:\/\/www.gasia.com.tr\/en\/wp-json\/wp\/v2\/media?parent=31247"}],"wp:term":[{"taxonomy":"product_brand","embeddable":true,"href":"https:\/\/www.gasia.com.tr\/en\/wp-json\/wp\/v2\/product_brand?post=31247"},{"taxonomy":"product_cat","embeddable":true,"href":"https:\/\/www.gasia.com.tr\/en\/wp-json\/wp\/v2\/product_cat?post=31247"},{"taxonomy":"product_tag","embeddable":true,"href":"https:\/\/www.gasia.com.tr\/en\/wp-json\/wp\/v2\/product_tag?post=31247"}],"curies":[{"name":"wp","href":"https:\/\/api.w.org\/{rel}","templated":true}]}}