{"id":31268,"date":"2025-10-10T14:18:29","date_gmt":"2025-10-10T11:18:29","guid":{"rendered":"https:\/\/www.gasia.com.tr\/tr\/?post_type=product&#038;p=31268"},"modified":"2026-03-22T22:48:47","modified_gmt":"2026-03-22T19:48:47","slug":"sari-altin-bileklik-markiz-kesim-pirlanta-tasli-zarif-tasarim","status":"publish","type":"product","link":"https:\/\/www.gasia.com.tr\/en\/collections\/sari-altin-bileklik-markiz-kesim-pirlanta-tasli-zarif-tasarim\/","title":{"rendered":"Sar\u0131 Alt\u0131n Bileklik Markiz Kesim P\u0131rlanta Ta\u015fl\u0131 Zarif Tasar\u0131m"},"content":{"rendered":"<p>\u0130nce sar\u0131 alt\u0131n zincir \u00fczerine yerle\u015ftirilen markiz kesim p\u0131rlanta, bilekli\u011fe zarif ve dikkat \u00e7ekici bir \u0131\u015f\u0131lt\u0131 kazand\u0131r\u0131r. Minimal formu sayesinde tek ba\u015f\u0131na veya di\u011fer bilekliklerle birlikte rahatl\u0131kla kullan\u0131labilir. Hafif ve \u015f\u0131k yap\u0131s\u0131yla g\u00fcnl\u00fck kullan\u0131m i\u00e7in ideal bir tamamlay\u0131c\u0131d\u0131r.<\/p>","protected":false},"excerpt":{"rendered":"<ul>\n<li>14 Ayar Alt\u0131n<\/li>\n<li>0,54 ct P\u0131rlanta<\/li>\n<li>16-17,5 cm Ayarlanabilir uzunluk<\/li>\n<\/ul>","protected":false},"featured_media":40367,"comment_status":"open","ping_status":"closed","template":"","meta":[],"product_brand":[],"product_cat":[73],"product_tag":[411,507,794,2223,2215,365,2283,2284,361,358,2241,366,1083],"class_list":{"0":"post-31268","1":"product","2":"type-product","3":"status-publish","4":"has-post-thumbnail","6":"product_cat-altin-pirlanta-bileklik","7":"product_tag-altin-zincir-bileklik","8":"product_tag-diamond-bracelet","9":"product_tag-gold-bracelet","10":"product_tag-gunluk-bileklik","11":"product_tag-ince-bileklik","12":"product_tag-kadin-bileklik","13":"product_tag-markiz-pirlanta-bileklik","14":"product_tag-marquise-diamond-bracelet","15":"product_tag-minimal-bileklik","16":"product_tag-pirlanta-bileklik","17":"product_tag-sari-altin-bileklik","18":"product_tag-sik-bileklik","19":"product_tag-zarif-bileklik","20":"pa_cinsiyet-kadin","22":"first","23":"onbackorder","24":"shipping-taxable","25":"product-type-simple"},"_links":{"self":[{"href":"https:\/\/www.gasia.com.tr\/en\/wp-json\/wp\/v2\/product\/31268","targetHints":{"allow":["GET"]}}],"collection":[{"href":"https:\/\/www.gasia.com.tr\/en\/wp-json\/wp\/v2\/product"}],"about":[{"href":"https:\/\/www.gasia.com.tr\/en\/wp-json\/wp\/v2\/types\/product"}],"replies":[{"embeddable":true,"href":"https:\/\/www.gasia.com.tr\/en\/wp-json\/wp\/v2\/comments?post=31268"}],"version-history":[{"count":2,"href":"https:\/\/www.gasia.com.tr\/en\/wp-json\/wp\/v2\/product\/31268\/revisions"}],"predecessor-version":[{"id":40368,"href":"https:\/\/www.gasia.com.tr\/en\/wp-json\/wp\/v2\/product\/31268\/revisions\/40368"}],"wp:featuredmedia":[{"embeddable":true,"href":"https:\/\/www.gasia.com.tr\/en\/wp-json\/wp\/v2\/media\/40367"}],"wp:attachment":[{"href":"https:\/\/www.gasia.com.tr\/en\/wp-json\/wp\/v2\/media?parent=31268"}],"wp:term":[{"taxonomy":"product_brand","embeddable":true,"href":"https:\/\/www.gasia.com.tr\/en\/wp-json\/wp\/v2\/product_brand?post=31268"},{"taxonomy":"product_cat","embeddable":true,"href":"https:\/\/www.gasia.com.tr\/en\/wp-json\/wp\/v2\/product_cat?post=31268"},{"taxonomy":"product_tag","embeddable":true,"href":"https:\/\/www.gasia.com.tr\/en\/wp-json\/wp\/v2\/product_tag?post=31268"}],"curies":[{"name":"wp","href":"https:\/\/api.w.org\/{rel}","templated":true}]}}