{"id":31271,"date":"2025-12-10T00:00:00","date_gmt":"2025-12-09T21:00:00","guid":{"rendered":"https:\/\/www.gasia.com.tr\/tr\/?post_type=product&#038;p=31271"},"modified":"2026-03-22T22:57:32","modified_gmt":"2026-03-22T19:57:32","slug":"sari-altin-bileklik-oval-kesim-citrine-ve-pirlanta-tasli-tasarim","status":"publish","type":"product","link":"https:\/\/www.gasia.com.tr\/en\/collections\/sari-altin-bileklik-oval-kesim-citrine-ve-pirlanta-tasli-tasarim\/","title":{"rendered":"Sar\u0131 Alt\u0131n Bileklik Oval Kesim Citrine ve P\u0131rlanta Ta\u015fl\u0131 Tasar\u0131m"},"content":{"rendered":"<p>Sar\u0131 alt\u0131n zincir \u00fczerine yerle\u015ftirilen oval kesim citrine ta\u015f, etraf\u0131n\u0131 \u00e7evreleyen p\u0131rlanta detaylar\u0131yla birlikte s\u0131cak ve \u0131\u015f\u0131ldayan bir g\u00f6r\u00fcn\u00fcm sunar. Zarif formu sayesinde hem tek ba\u015f\u0131na hem de kombinlerle rahatl\u0131kla kullan\u0131labilir. G\u00fcnl\u00fck stilinize renk ve \u0131\u015f\u0131lt\u0131 katacak \u015f\u0131k bir par\u00e7ad\u0131r.<\/p>","protected":false},"excerpt":{"rendered":"<ul>\n<li>14 Ayar Alt\u0131n<\/li>\n<li>1,99 ct Citrine<\/li>\n<li>0,12 ct P\u0131rlanta<\/li>\n<li>16-17,5 cm Ayarlanabilir uzunluk<\/li>\n<\/ul>","protected":false},"featured_media":40369,"comment_status":"open","ping_status":"closed","template":"","meta":[],"product_brand":[77],"product_cat":[73],"product_tag":[411,2258,2260,507,794,2223,365,2285,358,2241,366,505,1083],"class_list":{"0":"post-31271","1":"product","2":"type-product","3":"status-publish","4":"has-post-thumbnail","6":"product_brand-gasia","7":"product_cat-altin-pirlanta-bileklik","8":"product_tag-altin-zincir-bileklik","9":"product_tag-citrine-bileklik","10":"product_tag-citrine-bracelet","11":"product_tag-diamond-bracelet","12":"product_tag-gold-bracelet","13":"product_tag-gunluk-bileklik","14":"product_tag-kadin-bileklik","15":"product_tag-oval-tas-bileklik","16":"product_tag-pirlanta-bileklik","17":"product_tag-sari-altin-bileklik","18":"product_tag-sik-bileklik","19":"product_tag-tasli-bileklik","20":"product_tag-zarif-bileklik","21":"pa_cinsiyet-kadin","23":"first","24":"instock","25":"sale","26":"shipping-taxable","27":"purchasable","28":"product-type-simple"},"_links":{"self":[{"href":"https:\/\/www.gasia.com.tr\/en\/wp-json\/wp\/v2\/product\/31271","targetHints":{"allow":["GET"]}}],"collection":[{"href":"https:\/\/www.gasia.com.tr\/en\/wp-json\/wp\/v2\/product"}],"about":[{"href":"https:\/\/www.gasia.com.tr\/en\/wp-json\/wp\/v2\/types\/product"}],"replies":[{"embeddable":true,"href":"https:\/\/www.gasia.com.tr\/en\/wp-json\/wp\/v2\/comments?post=31271"}],"version-history":[{"count":2,"href":"https:\/\/www.gasia.com.tr\/en\/wp-json\/wp\/v2\/product\/31271\/revisions"}],"predecessor-version":[{"id":40372,"href":"https:\/\/www.gasia.com.tr\/en\/wp-json\/wp\/v2\/product\/31271\/revisions\/40372"}],"wp:featuredmedia":[{"embeddable":true,"href":"https:\/\/www.gasia.com.tr\/en\/wp-json\/wp\/v2\/media\/40369"}],"wp:attachment":[{"href":"https:\/\/www.gasia.com.tr\/en\/wp-json\/wp\/v2\/media?parent=31271"}],"wp:term":[{"taxonomy":"product_brand","embeddable":true,"href":"https:\/\/www.gasia.com.tr\/en\/wp-json\/wp\/v2\/product_brand?post=31271"},{"taxonomy":"product_cat","embeddable":true,"href":"https:\/\/www.gasia.com.tr\/en\/wp-json\/wp\/v2\/product_cat?post=31271"},{"taxonomy":"product_tag","embeddable":true,"href":"https:\/\/www.gasia.com.tr\/en\/wp-json\/wp\/v2\/product_tag?post=31271"}],"curies":[{"name":"wp","href":"https:\/\/api.w.org\/{rel}","templated":true}]}}