{"id":31273,"date":"2025-10-10T14:21:03","date_gmt":"2025-10-10T11:21:03","guid":{"rendered":"https:\/\/www.gasia.com.tr\/tr\/?post_type=product&#038;p=31273"},"modified":"2026-03-22T20:20:27","modified_gmt":"2026-03-22T17:20:27","slug":"okside-gumus-elmas-ve-pirlanta-detayli-altin-zincir-bileklik","status":"publish","type":"product","link":"https:\/\/www.gasia.com.tr\/en\/collections\/okside-gumus-elmas-ve-pirlanta-detayli-altin-zincir-bileklik\/","title":{"rendered":"Okside G\u00fcm\u00fc\u015f, Elmas ve P\u0131rlanta Detayl\u0131 Alt\u0131n Zincir Bileklik"},"content":{"rendered":"<p>Zarif ve karakterli tasar\u0131m\u0131yla \u00f6ne \u00e7\u0131kan bu bileklik, okside g\u00fcm\u00fc\u015f zemin \u00fczerine yerle\u015ftirilen elmas ve p\u0131rlantalar ile dikkat \u00e7eker. Orta b\u00f6l\u00fcmde s\u0131ralanan elmas ta\u015flar do\u011fal \u0131\u015f\u0131lt\u0131lar\u0131yla vintage bir etki yarat\u0131rken, \u00e7evresindeki p\u0131rlanta detaylar tasar\u0131ma modern ve parlak bir dokunu\u015f kazand\u0131r\u0131r. Koyu y\u00fczey ile ta\u015flar\u0131n \u0131\u015f\u0131lt\u0131s\u0131 aras\u0131nda olu\u015fan kontrast, bilekli\u011fe derinlik ve g\u00fc\u00e7l\u00fc bir estetik katar. \u0130nce alt\u0131n zinciri sayesinde zarif bir duru\u015f sunan bu \u00f6zel par\u00e7a, hem g\u00fcnl\u00fck kombinlerde hem de daha \u015f\u0131k g\u00f6r\u00fcn\u00fcmlerde rahatl\u0131kla kullan\u0131labilir.<\/p>","protected":false},"excerpt":{"rendered":"<ul>\n<li>14 Ayar Alt\u0131n<\/li>\n<li>925 Ayar Okside G\u00fcm\u00fc\u015f<\/li>\n<li>0,46 ct Elmas<\/li>\n<li>0,30 ct P\u0131rlanta<\/li>\n<li>16-17,5 cm Ayarlanabilir uzunluk<\/li>\n<\/ul>","protected":false},"featured_media":40287,"comment_status":"open","ping_status":"closed","template":"","meta":[],"product_brand":[],"product_cat":[73],"product_tag":[411,507,512,2199,418,365,510,2195,2197,358,366,2200],"class_list":{"0":"post-31273","1":"product","2":"type-product","3":"status-publish","4":"has-post-thumbnail","6":"product_cat-altin-pirlanta-bileklik","7":"product_tag-altin-zincir-bileklik","8":"product_tag-diamond-bracelet","9":"product_tag-elegant-bracelet","10":"product_tag-elmas-bileklik","11":"product_tag-gold-chain-bracelet","12":"product_tag-kadin-bileklik","13":"product_tag-luxury-bracelet","14":"product_tag-okside-gumus-bileklik","15":"product_tag-oxidized-silver-bracelet","16":"product_tag-pirlanta-bileklik","17":"product_tag-sik-bileklik","18":"product_tag-vintage-bileklik","19":"pa_cinsiyet-kadin","21":"first","22":"instock","23":"shipping-taxable","24":"purchasable","25":"product-type-simple"},"_links":{"self":[{"href":"https:\/\/www.gasia.com.tr\/en\/wp-json\/wp\/v2\/product\/31273","targetHints":{"allow":["GET"]}}],"collection":[{"href":"https:\/\/www.gasia.com.tr\/en\/wp-json\/wp\/v2\/product"}],"about":[{"href":"https:\/\/www.gasia.com.tr\/en\/wp-json\/wp\/v2\/types\/product"}],"replies":[{"embeddable":true,"href":"https:\/\/www.gasia.com.tr\/en\/wp-json\/wp\/v2\/comments?post=31273"}],"version-history":[{"count":2,"href":"https:\/\/www.gasia.com.tr\/en\/wp-json\/wp\/v2\/product\/31273\/revisions"}],"predecessor-version":[{"id":40288,"href":"https:\/\/www.gasia.com.tr\/en\/wp-json\/wp\/v2\/product\/31273\/revisions\/40288"}],"wp:featuredmedia":[{"embeddable":true,"href":"https:\/\/www.gasia.com.tr\/en\/wp-json\/wp\/v2\/media\/40287"}],"wp:attachment":[{"href":"https:\/\/www.gasia.com.tr\/en\/wp-json\/wp\/v2\/media?parent=31273"}],"wp:term":[{"taxonomy":"product_brand","embeddable":true,"href":"https:\/\/www.gasia.com.tr\/en\/wp-json\/wp\/v2\/product_brand?post=31273"},{"taxonomy":"product_cat","embeddable":true,"href":"https:\/\/www.gasia.com.tr\/en\/wp-json\/wp\/v2\/product_cat?post=31273"},{"taxonomy":"product_tag","embeddable":true,"href":"https:\/\/www.gasia.com.tr\/en\/wp-json\/wp\/v2\/product_tag?post=31273"}],"curies":[{"name":"wp","href":"https:\/\/api.w.org\/{rel}","templated":true}]}}