{"id":31275,"date":"2026-01-19T00:00:00","date_gmt":"2026-01-18T21:00:00","guid":{"rendered":"https:\/\/www.gasia.com.tr\/tr\/?post_type=product&#038;p=31275"},"modified":"2026-04-15T16:01:38","modified_gmt":"2026-04-15T13:01:38","slug":"opal-kalp-tasli-pirlanta-detayli-altin-bileklik","status":"publish","type":"product","link":"https:\/\/www.gasia.com.tr\/en\/collections\/opal-kalp-tasli-pirlanta-detayli-altin-bileklik\/","title":{"rendered":"Opal Kalp Ta\u015fl\u0131 P\u0131rlanta Detayl\u0131 Alt\u0131n Bileklik"},"content":{"rendered":"<p>Rose alt\u0131n zincir \u00fczerine yerle\u015ftirilen kalp form opal ta\u015f, \u00e7evresini saran p\u0131rlanta detaylar\u0131yla birlikte romantik ve \u0131\u015f\u0131ldayan bir g\u00f6r\u00fcn\u00fcm sunar. I\u015f\u0131\u011fa g\u00f6re renk de\u011fi\u015ftiren opal ta\u015f\u0131 sayesinde bileklik, zarif ve dikkat \u00e7ekici bir stil olu\u015fturur. G\u00fcnl\u00fck ve \u00f6zel kombinlerde rahatl\u0131kla kullan\u0131labilecek \u015f\u0131k bir par\u00e7ad\u0131r.<\/p>","protected":false},"excerpt":{"rendered":"<ul>\n<li>14 Ayar Alt\u0131n<\/li>\n<li>0,07 ct P\u0131rlanta<\/li>\n<li>0,35 ct Opal<\/li>\n<li>16-17,5 cm\u00a0 Uzunluk<\/li>\n<\/ul>","protected":false},"featured_media":42237,"comment_status":"open","ping_status":"closed","template":"","meta":[],"product_brand":[77],"product_cat":[73,210],"product_tag":[411,507,2223,365,2288,2287,2290,358,2289,2252,2291,366,505,1083],"class_list":{"0":"post-31275","1":"product","2":"type-product","3":"status-publish","4":"has-post-thumbnail","6":"product_brand-gasia","7":"product_cat-altin-pirlanta-bileklik","8":"product_cat-love-you-koleksiyonu","9":"product_tag-altin-zincir-bileklik","10":"product_tag-diamond-bracelet","11":"product_tag-gunluk-bileklik","12":"product_tag-kadin-bileklik","13":"product_tag-kalp-tasli-bileklik","14":"product_tag-opal-bileklik","15":"product_tag-opal-bracelet","16":"product_tag-pirlanta-bileklik","17":"product_tag-romantik-bileklik","18":"product_tag-rose-altin-bileklik","19":"product_tag-rose-gold-bracelet","20":"product_tag-sik-bileklik","21":"product_tag-tasli-bileklik","22":"product_tag-zarif-bileklik","23":"pa_cinsiyet-kadin","25":"first","26":"instock","27":"sale","28":"shipping-taxable","29":"purchasable","30":"product-type-simple"},"_links":{"self":[{"href":"https:\/\/www.gasia.com.tr\/en\/wp-json\/wp\/v2\/product\/31275","targetHints":{"allow":["GET"]}}],"collection":[{"href":"https:\/\/www.gasia.com.tr\/en\/wp-json\/wp\/v2\/product"}],"about":[{"href":"https:\/\/www.gasia.com.tr\/en\/wp-json\/wp\/v2\/types\/product"}],"replies":[{"embeddable":true,"href":"https:\/\/www.gasia.com.tr\/en\/wp-json\/wp\/v2\/comments?post=31275"}],"version-history":[{"count":3,"href":"https:\/\/www.gasia.com.tr\/en\/wp-json\/wp\/v2\/product\/31275\/revisions"}],"predecessor-version":[{"id":42238,"href":"https:\/\/www.gasia.com.tr\/en\/wp-json\/wp\/v2\/product\/31275\/revisions\/42238"}],"wp:featuredmedia":[{"embeddable":true,"href":"https:\/\/www.gasia.com.tr\/en\/wp-json\/wp\/v2\/media\/42237"}],"wp:attachment":[{"href":"https:\/\/www.gasia.com.tr\/en\/wp-json\/wp\/v2\/media?parent=31275"}],"wp:term":[{"taxonomy":"product_brand","embeddable":true,"href":"https:\/\/www.gasia.com.tr\/en\/wp-json\/wp\/v2\/product_brand?post=31275"},{"taxonomy":"product_cat","embeddable":true,"href":"https:\/\/www.gasia.com.tr\/en\/wp-json\/wp\/v2\/product_cat?post=31275"},{"taxonomy":"product_tag","embeddable":true,"href":"https:\/\/www.gasia.com.tr\/en\/wp-json\/wp\/v2\/product_tag?post=31275"}],"curies":[{"name":"wp","href":"https:\/\/api.w.org\/{rel}","templated":true}]}}