{"id":31413,"date":"2025-10-14T12:49:36","date_gmt":"2025-10-14T09:49:36","guid":{"rendered":"https:\/\/www.gasia.com.tr\/tr\/?post_type=product&#038;p=31413"},"modified":"2026-04-12T18:41:54","modified_gmt":"2026-04-12T15:41:54","slug":"minyatur-istanbul-manzarali-kol-dugmesi","status":"publish","type":"product","link":"https:\/\/www.gasia.com.tr\/en\/collections\/minyatur-istanbul-manzarali-kol-dugmesi\/","title":{"rendered":"Minyat\u00fcr \u0130stanbul Manzaral\u0131 Kol D\u00fc\u011fmesi"},"content":{"rendered":"<p>\u0130stanbul\u2019un zarif siluetini yans\u0131tan minyat\u00fcr resim detaylar\u0131yla \u00f6ne \u00e7\u0131kan bu kol d\u00fc\u011fmesi, sanatsal bir dokunu\u015f sunar. Deniz, kay\u0131k ve tarihi yap\u0131 fig\u00fcrleri ince i\u015f\u00e7ilikle i\u015flenerek tasar\u0131ma \u00f6zg\u00fcn bir karakter kazand\u0131r\u0131r. Ta\u015flarla \u00e7evrelenmi\u015f \u00e7er\u00e7evesi \u0131\u015f\u0131\u011f\u0131 zarif \u015fekilde yans\u0131t\u0131rken, b\u00fct\u00fcnsel g\u00f6r\u00fcn\u00fcmde dengeli ve dikkat \u00e7ekici bir etki olu\u015fturur. Klasik giyimle uyum sa\u011flayan bu \u00f6zel par\u00e7a, stiline anlam katmak isteyenler i\u00e7in se\u00e7kin bir aksesuard\u0131r.<\/p>","protected":false},"excerpt":{"rendered":"<ul>\n<li>24 Ayar Alt\u0131n<\/li>\n<li>925 Ayar Okside G\u00fcm\u00fc\u015f<\/li>\n<li>Mikro el i\u015f\u00e7ili\u011fi \u0130stanbul<\/li>\n<li>2,60 ct P\u0131rlanta<\/li>\n<\/ul>","protected":false},"featured_media":41930,"comment_status":"open","ping_status":"closed","template":"","meta":[],"product_brand":[2957],"product_cat":[264,252],"product_tag":[3375,1775,1782,617,3369,3368,3370,1774,3371,1778,3373,3372,3367,3374,3365,3364],"class_list":{"0":"post-31413","1":"product","2":"type-product","3":"status-publish","4":"has-post-thumbnail","6":"product_brand-gasia-for-man","7":"product_cat-gasia-1974-koleksiyonu","8":"product_cat-kol-dugmesi","9":"product_tag-artistic-cufflinks","10":"product_tag-cufflinks","11":"product_tag-designer-cufflinks","12":"product_tag-erkek-aksesuar","13":"product_tag-istanbul-cufflinks","14":"product_tag-istanbul-kol-dugmesi","15":"product_tag-kiz-kulesi-kol-dugmesi","16":"product_tag-kol-dugmesi","17":"product_tag-maidens-tower-cufflinks","18":"product_tag-men-accessories","19":"product_tag-miniature-cufflinks","20":"product_tag-minyatur-kol-dugmesi","21":"product_tag-ozel-tasarim-kol-dugmesi","22":"product_tag-sanatsal-kol-dugmesi","23":"product_tag-stone-cufflinks","24":"product_tag-tasli-kol-dugmesi","25":"pa_cinsiyet-erkek","27":"first","28":"instock","29":"shipping-taxable","30":"product-type-simple"},"_links":{"self":[{"href":"https:\/\/www.gasia.com.tr\/en\/wp-json\/wp\/v2\/product\/31413","targetHints":{"allow":["GET"]}}],"collection":[{"href":"https:\/\/www.gasia.com.tr\/en\/wp-json\/wp\/v2\/product"}],"about":[{"href":"https:\/\/www.gasia.com.tr\/en\/wp-json\/wp\/v2\/types\/product"}],"replies":[{"embeddable":true,"href":"https:\/\/www.gasia.com.tr\/en\/wp-json\/wp\/v2\/comments?post=31413"}],"version-history":[{"count":4,"href":"https:\/\/www.gasia.com.tr\/en\/wp-json\/wp\/v2\/product\/31413\/revisions"}],"predecessor-version":[{"id":41931,"href":"https:\/\/www.gasia.com.tr\/en\/wp-json\/wp\/v2\/product\/31413\/revisions\/41931"}],"wp:featuredmedia":[{"embeddable":true,"href":"https:\/\/www.gasia.com.tr\/en\/wp-json\/wp\/v2\/media\/41930"}],"wp:attachment":[{"href":"https:\/\/www.gasia.com.tr\/en\/wp-json\/wp\/v2\/media?parent=31413"}],"wp:term":[{"taxonomy":"product_brand","embeddable":true,"href":"https:\/\/www.gasia.com.tr\/en\/wp-json\/wp\/v2\/product_brand?post=31413"},{"taxonomy":"product_cat","embeddable":true,"href":"https:\/\/www.gasia.com.tr\/en\/wp-json\/wp\/v2\/product_cat?post=31413"},{"taxonomy":"product_tag","embeddable":true,"href":"https:\/\/www.gasia.com.tr\/en\/wp-json\/wp\/v2\/product_tag?post=31413"}],"curies":[{"name":"wp","href":"https:\/\/api.w.org\/{rel}","templated":true}]}}