{"id":31471,"date":"2025-10-15T16:50:06","date_gmt":"2025-10-15T13:50:06","guid":{"rendered":"https:\/\/www.gasia.com.tr\/tr\/?post_type=product&#038;p=31471"},"modified":"2025-11-28T08:56:31","modified_gmt":"2025-11-28T05:56:31","slug":"cift-kirlangic-kusu-detayli-sahmaran","status":"publish","type":"product","link":"https:\/\/www.gasia.com.tr\/en\/collections\/cift-kirlangic-kusu-detayli-sahmaran\/","title":{"rendered":"\u00c7ift K\u0131rlang\u0131\u00e7 ku\u015fu detayl\u0131 \u015fahmaran"},"content":{"rendered":"<p>\u00a0<\/p>\n<p>\u00a0<\/p>","protected":false},"excerpt":{"rendered":"<ul>\n<li>\n<p>14 Ayar Alt\u0131n<\/p>\n<\/li>\n<li>\n<p>925 Ayar Okside G\u00fcm\u00fc\u015f<\/p>\n<\/li>\n<li>\n<p>0,20 ct P\u0131rlanta<\/p>\n<\/p>\n<\/li>\n<\/ul>","protected":false},"featured_media":30881,"comment_status":"open","ping_status":"closed","template":"","meta":[],"product_brand":[],"product_cat":[216],"product_tag":[],"class_list":{"0":"post-31471","1":"product","2":"type-product","3":"status-publish","4":"has-post-thumbnail","6":"product_cat-sahmeran-koleksiyonu","7":"pa_cinsiyet-kadin","9":"first","10":"instock","11":"shipping-taxable","12":"purchasable","13":"product-type-simple"},"_links":{"self":[{"href":"https:\/\/www.gasia.com.tr\/en\/wp-json\/wp\/v2\/product\/31471","targetHints":{"allow":["GET"]}}],"collection":[{"href":"https:\/\/www.gasia.com.tr\/en\/wp-json\/wp\/v2\/product"}],"about":[{"href":"https:\/\/www.gasia.com.tr\/en\/wp-json\/wp\/v2\/types\/product"}],"replies":[{"embeddable":true,"href":"https:\/\/www.gasia.com.tr\/en\/wp-json\/wp\/v2\/comments?post=31471"}],"version-history":[{"count":2,"href":"https:\/\/www.gasia.com.tr\/en\/wp-json\/wp\/v2\/product\/31471\/revisions"}],"predecessor-version":[{"id":33679,"href":"https:\/\/www.gasia.com.tr\/en\/wp-json\/wp\/v2\/product\/31471\/revisions\/33679"}],"wp:featuredmedia":[{"embeddable":true,"href":"https:\/\/www.gasia.com.tr\/en\/wp-json\/wp\/v2\/media\/30881"}],"wp:attachment":[{"href":"https:\/\/www.gasia.com.tr\/en\/wp-json\/wp\/v2\/media?parent=31471"}],"wp:term":[{"taxonomy":"product_brand","embeddable":true,"href":"https:\/\/www.gasia.com.tr\/en\/wp-json\/wp\/v2\/product_brand?post=31471"},{"taxonomy":"product_cat","embeddable":true,"href":"https:\/\/www.gasia.com.tr\/en\/wp-json\/wp\/v2\/product_cat?post=31471"},{"taxonomy":"product_tag","embeddable":true,"href":"https:\/\/www.gasia.com.tr\/en\/wp-json\/wp\/v2\/product_tag?post=31471"}],"curies":[{"name":"wp","href":"https:\/\/api.w.org\/{rel}","templated":true}]}}