{"id":31490,"date":"2025-12-16T12:18:36","date_gmt":"2025-12-16T09:18:36","guid":{"rendered":"https:\/\/www.gasia.com.tr\/tr\/?post_type=product&#038;p=31490"},"modified":"2026-04-22T22:23:13","modified_gmt":"2026-04-22T19:23:13","slug":"pirlanta-tasli-r-harf-kolye-kisiye-ozel-rose-gold-siklik","status":"publish","type":"product","link":"https:\/\/www.gasia.com.tr\/en\/collections\/pirlanta-tasli-r-harf-kolye-kisiye-ozel-rose-gold-siklik\/","title":{"rendered":"P\u0131rlanta Ta\u015fl\u0131 R Harf Kolye \u2013 Ki\u015fiye \u00d6zel Rose Gold \u015e\u0131kl\u0131k"},"content":{"rendered":"<p data-start=\"392\" data-end=\"627\">I\u015f\u0131lt\u0131l\u0131 p\u0131rlantalarla bezeli \u201cR\u201d harf formu, bu kolyeyi hem anlaml\u0131 hem de \u015f\u0131k bir aksesuar haline getiriyor. Rose gold tonun s\u0131cakl\u0131\u011f\u0131 ile birle\u015fen tasar\u0131m, zarif k\u0131vr\u0131mlar\u0131 ve modern hatlar\u0131yla dikkat \u00e7eker.<\/p>\n<p data-start=\"629\" data-end=\"862\">Harf formunun her detay\u0131 \u00f6zenle yerle\u015ftirilmi\u015f p\u0131rlantalarla s\u00fcslenmi\u015f olup, kolyeye g\u00f6z al\u0131c\u0131 bir parlakl\u0131k kazand\u0131r\u0131r. Minimal ama etkileyici yap\u0131s\u0131 sayesinde g\u00fcnl\u00fck kullan\u0131mdan \u00f6zel davetlere kadar her stile kolayca uyum sa\u011flar.<\/p>\n<p data-start=\"864\" data-end=\"1001\" data-is-last-node=\"\" data-is-only-node=\"\">Kendiniz i\u00e7in anlaml\u0131 bir par\u00e7a ya da sevdiklerinize \u00f6zel bir hediye ar\u0131yorsan\u0131z, bu ki\u015fiye \u00f6zel harf kolye zamans\u0131z ve \u015f\u0131k bir se\u00e7imdir.<\/p>","protected":false},"excerpt":{"rendered":"<ul>\n<li>A-Z T\u00fcm Harfler i\u00e7in l\u00fctfen ileti\u015fime ge\u00e7iniz<\/li>\n<li>14-18 ayar \u00d6zel \u00fcretim<\/li>\n<li>Sar\u0131-Rose-Beyaz alt\u0131n se\u00e7enekler<\/li>\n<\/ul>","protected":false},"featured_media":42597,"comment_status":"open","ping_status":"closed","template":"","meta":[],"product_brand":[77,2718],"product_cat":[211,247,75],"product_tag":[294,1637,307,3607,3610,3609,473,3608,300,699,276,3606,3596,2139,1632,476],"class_list":{"0":"post-31490","1":"product","2":"type-product","3":"status-publish","4":"has-post-thumbnail","6":"product_brand-gasia","7":"product_brand-gasia-casuals","8":"product_cat-harf-kolye-modelleri","9":"product_cat-hediyelik","10":"product_cat-kolye","11":"product_tag-diamond-necklace","12":"product_tag-elegant-necklace","13":"product_tag-harf-kolye","14":"product_tag-initial-necklace-r","15":"product_tag-initial-pendant","16":"product_tag-isim-bas-harf-kolye","17":"product_tag-kadin-kolye","18":"product_tag-kisiye-ozel-kolye","19":"product_tag-letter-necklace","20":"product_tag-personalized-necklace","21":"product_tag-pirlanta-kolye","22":"product_tag-r-harf-kolye","23":"product_tag-rose-gold-kolye","24":"product_tag-rose-gold-necklace","25":"product_tag-women-necklace","26":"product_tag-zarif-kolye","27":"pa_cinsiyet-kadin","29":"first","30":"instock","31":"shipping-taxable","32":"product-type-simple"},"_links":{"self":[{"href":"https:\/\/www.gasia.com.tr\/en\/wp-json\/wp\/v2\/product\/31490","targetHints":{"allow":["GET"]}}],"collection":[{"href":"https:\/\/www.gasia.com.tr\/en\/wp-json\/wp\/v2\/product"}],"about":[{"href":"https:\/\/www.gasia.com.tr\/en\/wp-json\/wp\/v2\/types\/product"}],"replies":[{"embeddable":true,"href":"https:\/\/www.gasia.com.tr\/en\/wp-json\/wp\/v2\/comments?post=31490"}],"version-history":[{"count":4,"href":"https:\/\/www.gasia.com.tr\/en\/wp-json\/wp\/v2\/product\/31490\/revisions"}],"predecessor-version":[{"id":42598,"href":"https:\/\/www.gasia.com.tr\/en\/wp-json\/wp\/v2\/product\/31490\/revisions\/42598"}],"wp:featuredmedia":[{"embeddable":true,"href":"https:\/\/www.gasia.com.tr\/en\/wp-json\/wp\/v2\/media\/42597"}],"wp:attachment":[{"href":"https:\/\/www.gasia.com.tr\/en\/wp-json\/wp\/v2\/media?parent=31490"}],"wp:term":[{"taxonomy":"product_brand","embeddable":true,"href":"https:\/\/www.gasia.com.tr\/en\/wp-json\/wp\/v2\/product_brand?post=31490"},{"taxonomy":"product_cat","embeddable":true,"href":"https:\/\/www.gasia.com.tr\/en\/wp-json\/wp\/v2\/product_cat?post=31490"},{"taxonomy":"product_tag","embeddable":true,"href":"https:\/\/www.gasia.com.tr\/en\/wp-json\/wp\/v2\/product_tag?post=31490"}],"curies":[{"name":"wp","href":"https:\/\/api.w.org\/{rel}","templated":true}]}}