{"id":31500,"date":"2025-12-25T00:00:00","date_gmt":"2025-12-24T21:00:00","guid":{"rendered":"https:\/\/www.gasia.com.tr\/tr\/?post_type=product&#038;p=31500"},"modified":"2026-03-30T18:02:01","modified_gmt":"2026-03-30T15:02:01","slug":"okside-gumus-ve-altin-detayli-sallantili-pirlanta-halka-kupe","status":"publish","type":"product","link":"https:\/\/www.gasia.com.tr\/en\/collections\/okside-gumus-ve-altin-detayli-sallantili-pirlanta-halka-kupe\/","title":{"rendered":"Okside G\u00fcm\u00fc\u015f ve Alt\u0131n Detayl\u0131 Sallant\u0131l\u0131 P\u0131rlanta Halka K\u00fcpe"},"content":{"rendered":"<p data-start=\"121\" data-end=\"355\">Okside g\u00fcm\u00fc\u015f y\u00fczey \u00fczerine yerle\u015ftirilmi\u015f alt\u0131n detaylar ve sallant\u0131l\u0131 p\u0131rlanta ta\u015flar, bu halka k\u00fcpeye hareketli ve dikkat \u00e7ekici bir g\u00f6r\u00fcn\u00fcm kazand\u0131r\u0131r. Kontrast renklerin uyumu, tasar\u0131m\u0131 hem modern hem de karakterli hale getirir.<\/p>\n<p data-start=\"357\" data-end=\"613\">K\u00fcpe boyunca s\u0131ralanan ve hareket ettik\u00e7e \u0131\u015f\u0131\u011f\u0131 yans\u0131tan p\u0131rlanta detaylar, tasar\u0131ma dinamik bir \u0131\u015f\u0131lt\u0131 katar. G\u00fcnl\u00fck kullan\u0131mdan \u00f6zel anlara kadar stiline g\u00fc\u00e7l\u00fc bir dokunu\u015f eklemek isteyenler i\u00e7in ideal olan bu par\u00e7a, \u00f6zg\u00fcn ve iddial\u0131 bir g\u00f6r\u00fcn\u00fcm sunar.<\/p>","protected":false},"excerpt":{"rendered":"<ul>\n<li>14 Ayar Alt\u0131n<\/li>\n<li>925 Ayar Okside g\u00fcm\u00fc\u015f<\/li>\n<li>0,80 ct P\u0131rlanta<\/li>\n<\/ul>","protected":false},"featured_media":41128,"comment_status":"open","ping_status":"closed","template":"","meta":[],"product_brand":[],"product_cat":[74],"product_tag":[393,1574,1715,833,1594,1686,1768,1769,395,742,392,1999,398,2902,374,814,403,815,813,2379],"class_list":{"0":"post-31500","1":"product","2":"type-product","3":"status-publish","4":"has-post-thumbnail","6":"product_cat-kupe-modelleri","7":"product_tag-altin-detayli-kupe","8":"product_tag-designer-earrings","9":"product_tag-diamond-earrings","10":"product_tag-drop-earrings","11":"product_tag-gemstone-earrings","12":"product_tag-gold-detail-earrings","13":"product_tag-halka-kupe","14":"product_tag-hoop-earrings","15":"product_tag-kadin-kupe","16":"product_tag-modern-jewelry","17":"product_tag-modern-kupe","18":"product_tag-oksitli-gumus-kupe","19":"product_tag-oxidized-silver-earrings","20":"product_tag-ozgun-kupe","21":"product_tag-pirlanta-kupe","22":"product_tag-sallantili-kupe","23":"product_tag-statement-earrings","24":"product_tag-tasarim-kupe","25":"product_tag-tasli-kupe","26":"product_tag-unique-jewelry","27":"pa_cinsiyet-kadin","29":"first","30":"instock","31":"shipping-taxable","32":"purchasable","33":"product-type-simple"},"_links":{"self":[{"href":"https:\/\/www.gasia.com.tr\/en\/wp-json\/wp\/v2\/product\/31500","targetHints":{"allow":["GET"]}}],"collection":[{"href":"https:\/\/www.gasia.com.tr\/en\/wp-json\/wp\/v2\/product"}],"about":[{"href":"https:\/\/www.gasia.com.tr\/en\/wp-json\/wp\/v2\/types\/product"}],"replies":[{"embeddable":true,"href":"https:\/\/www.gasia.com.tr\/en\/wp-json\/wp\/v2\/comments?post=31500"}],"version-history":[{"count":2,"href":"https:\/\/www.gasia.com.tr\/en\/wp-json\/wp\/v2\/product\/31500\/revisions"}],"predecessor-version":[{"id":41127,"href":"https:\/\/www.gasia.com.tr\/en\/wp-json\/wp\/v2\/product\/31500\/revisions\/41127"}],"wp:featuredmedia":[{"embeddable":true,"href":"https:\/\/www.gasia.com.tr\/en\/wp-json\/wp\/v2\/media\/41128"}],"wp:attachment":[{"href":"https:\/\/www.gasia.com.tr\/en\/wp-json\/wp\/v2\/media?parent=31500"}],"wp:term":[{"taxonomy":"product_brand","embeddable":true,"href":"https:\/\/www.gasia.com.tr\/en\/wp-json\/wp\/v2\/product_brand?post=31500"},{"taxonomy":"product_cat","embeddable":true,"href":"https:\/\/www.gasia.com.tr\/en\/wp-json\/wp\/v2\/product_cat?post=31500"},{"taxonomy":"product_tag","embeddable":true,"href":"https:\/\/www.gasia.com.tr\/en\/wp-json\/wp\/v2\/product_tag?post=31500"}],"curies":[{"name":"wp","href":"https:\/\/api.w.org\/{rel}","templated":true}]}}