{"id":31535,"date":"2026-01-19T00:00:00","date_gmt":"2026-01-18T21:00:00","guid":{"rendered":"https:\/\/www.gasia.com.tr\/tr\/?post_type=product&#038;p=31535"},"modified":"2026-04-15T17:13:13","modified_gmt":"2026-04-15T14:13:13","slug":"akuamarin-damla-tasli-pirlanta-detayli-altin-bileklik","status":"publish","type":"product","link":"https:\/\/www.gasia.com.tr\/en\/collections\/akuamarin-damla-tasli-pirlanta-detayli-altin-bileklik\/","title":{"rendered":"Akuamarin Damla Ta\u015fl\u0131 P\u0131rlanta Detayl\u0131 Alt\u0131n Bileklik"},"content":{"rendered":"<p data-start=\"109\" data-end=\"372\">Zarafetin en sade ve etkileyici hali\u2026 Bu \u00f6zel tasar\u0131m bileklik, merkezinde yer alan damla kesim akuamarin ta\u015f\u0131 ile ferah ve sofistike bir g\u00f6r\u00fcn\u00fcm sunar. A\u00e7\u0131k mavi tonlar\u0131yla huzur veren akuamarin, \u0131\u015f\u0131\u011f\u0131 zarif\u00e7e yans\u0131tarak bilekte do\u011fal bir \u0131\u015f\u0131lt\u0131 olu\u015fturur.<\/p>\n<p data-start=\"374\" data-end=\"617\">Yan\u0131nda konumlanan minimal p\u0131rlanta detay\u0131, tasar\u0131ma ince bir par\u0131lt\u0131 katarken, alt\u0131n zincir ile kusursuz bir b\u00fct\u00fcnl\u00fck sa\u011flar. Modern ve sade \u00e7izgileri sayesinde tek ba\u015f\u0131na \u015f\u0131k bir ifade yarat\u0131r ya da di\u011fer bilekliklerle kombinlenebilir.<\/p>\n<p data-start=\"619\" data-end=\"735\">G\u00fcnl\u00fck kullan\u0131mda zarif bir dokunu\u015f, \u00f6zel anlarda ise g\u00f6z al\u0131c\u0131 bir tamamlay\u0131c\u0131 arayanlar i\u00e7in ideal bir par\u00e7ad\u0131r.<\/p>\n<ul>\n<li>Aquamarine-G\u00f6kz\u00fcmr\u00fctS\u00fcmerler ve M\u0131s\u0131rl\u0131lar i\u00e7in gen\u00e7li\u011fin enerjisi ve mutlulu\u011fun simgesiydi.Romal\u0131lar dostlu\u011fu ve a\u015fk\u0131 peki\u015ftirdi\u011fine inand\u0131lar. Orta \u00e7a\u011f\u0131n gemici ve sava\u015fc\u0131lar\u0131 ondan cesaret ald\u0131 ve \u00f6l\u00fcm korkusunu unuttu.G\u00f6kz\u00fcmr\u00fct herkesin bildi\u011fi Z\u00fcmr\u00fct\u00fcn yak\u0131n akrabas\u0131d\u0131r.Her ikisi de Beryl mineralidir.Sadece G\u00f6kz\u00fcmr\u00fctte Demir,Aquamarinede Krom bulunur. Cesaretiniz k\u0131r\u0131ld\u0131\u011f\u0131nda ta\u015f\u0131n g\u00fcven tazeledi\u011fine inan\u0131l\u0131yor ve negatif enerjiden koruyor.<\/li>\n<\/ul>","protected":false},"excerpt":{"rendered":"<ul>\n<li>14 Ayar Alt\u0131n<\/li>\n<li>0,02 ct P\u0131rlanta<\/li>\n<li>1,98 ct Brezilya Aquamarine<\/li>\n<li>16-17,5 cm ayarlanabilir uzunluk<\/li>\n<\/ul>","protected":false},"featured_media":42239,"comment_status":"open","ping_status":"closed","template":"","meta":[],"product_brand":[2718],"product_cat":[73,260],"product_tag":[3427,3435,3429,2701,3446,3017,794,361,426,362,3447,2973],"class_list":{"0":"post-31535","1":"product","2":"type-product","3":"status-publish","4":"has-post-thumbnail","6":"product_brand-gasia-casuals","7":"product_cat-altin-pirlanta-bileklik","8":"product_cat-kadin","9":"product_tag-akuamarin-bileklik","10":"product_tag-altin-bileklik-kadin","11":"product_tag-aquamarine-bracelet","12":"product_tag-dainty-jewelry","13":"product_tag-damla-tas-bileklik","14":"product_tag-diamond-detail-bracelet","15":"product_tag-gold-bracelet","16":"product_tag-minimal-bileklik","17":"product_tag-minimalist-bracelet","18":"product_tag-pirlanta-detayli-bileklik","19":"product_tag-teardrop-gemstone-bracelet","20":"product_tag-zarif-taki","21":"pa_cinsiyet-kadin","23":"first","24":"instock","25":"shipping-taxable","26":"purchasable","27":"product-type-simple"},"_links":{"self":[{"href":"https:\/\/www.gasia.com.tr\/en\/wp-json\/wp\/v2\/product\/31535","targetHints":{"allow":["GET"]}}],"collection":[{"href":"https:\/\/www.gasia.com.tr\/en\/wp-json\/wp\/v2\/product"}],"about":[{"href":"https:\/\/www.gasia.com.tr\/en\/wp-json\/wp\/v2\/types\/product"}],"replies":[{"embeddable":true,"href":"https:\/\/www.gasia.com.tr\/en\/wp-json\/wp\/v2\/comments?post=31535"}],"version-history":[{"count":5,"href":"https:\/\/www.gasia.com.tr\/en\/wp-json\/wp\/v2\/product\/31535\/revisions"}],"predecessor-version":[{"id":42256,"href":"https:\/\/www.gasia.com.tr\/en\/wp-json\/wp\/v2\/product\/31535\/revisions\/42256"}],"wp:featuredmedia":[{"embeddable":true,"href":"https:\/\/www.gasia.com.tr\/en\/wp-json\/wp\/v2\/media\/42239"}],"wp:attachment":[{"href":"https:\/\/www.gasia.com.tr\/en\/wp-json\/wp\/v2\/media?parent=31535"}],"wp:term":[{"taxonomy":"product_brand","embeddable":true,"href":"https:\/\/www.gasia.com.tr\/en\/wp-json\/wp\/v2\/product_brand?post=31535"},{"taxonomy":"product_cat","embeddable":true,"href":"https:\/\/www.gasia.com.tr\/en\/wp-json\/wp\/v2\/product_cat?post=31535"},{"taxonomy":"product_tag","embeddable":true,"href":"https:\/\/www.gasia.com.tr\/en\/wp-json\/wp\/v2\/product_tag?post=31535"}],"curies":[{"name":"wp","href":"https:\/\/api.w.org\/{rel}","templated":true}]}}